{"id":11895,"date":"2025-02-28T11:28:57","date_gmt":"2025-02-28T09:28:57","guid":{"rendered":"https:\/\/quintett.eu\/?post_type=product&#038;p=11895"},"modified":"2025-04-22T12:53:23","modified_gmt":"2025-04-22T10:53:23","slug":"tw-audio-vera32","status":"publish","type":"product","link":"https:\/\/quintett.eu\/?product=tw-audio-vera32","title":{"rendered":"TW AUDIO &#8211; VERA S32"},"content":{"rendered":"<p>TW AUDIO VERA S32 | Subwoofer pasiv 1&#215;18&#8243; fa\u021b\u0103 2400W \/ 1&#215;14&#8243; spate 1400W, 134db<\/p>\n<p>Subwoofer compact direc\u021bional<br \/>\nPentru o integrare perfect\u0103 cu VERA20<br \/>\nLF:1 x 18 LF (fa\u021b\u0103) \u0219i 1 x 14 LF (spate)<br \/>\nGama de frecvente: 38 &#8211; 120 Hz<br \/>\nCapacitate program: 2400 W (fa\u021b\u0103) \u0219i 1400 W (spate)<br \/>\nSPLmax: 134 dB<br \/>\nDimensiuni: 506 x 600 x 800 mm<br \/>\nGreutate: 54,2 kg<br \/>\nVopsea poliuree<\/p>\n<p>ATENTIE : Func\u021bionarea optima este recomandat\u0103 cu preseturi TW AUDIO dedicate pe amplificatoarele Lab Gruppen , Linea Research ,Powersoft sau Dynacord seriile TGX, IPX \u0219i L .<\/p>\n","protected":false},"excerpt":{"rendered":"<p>TW AUDIO VERA S32 | Subwoofer pasiv 1&#215;18&#8243; fa\u021b\u0103 2400W \/ 1&#215;14&#8243; spate 1400W, 134db<\/p>\n<p>VERA S32, un subwoofer compact, apar\u021bin\u00e2nd seriei VERA20, echipat cu un difuzor de 18 \u00een fa\u021b\u0103 \u0219i un difuzor de 14 \u00een spate. Ambele \u0219asiuri de \u00eenalt\u0103 performan\u021b\u0103 sunt perfect aliniate \u0219i, datorit\u0103 diferitelor moduri de operare, ofer\u0103 un sistem extrem de flexibil, care este conving\u0103tor \u00een orice situa\u021bie acustic\u0103 dat\u0103.<br \/>\nModul cardioid este optimizat pentru atenuarea maxim\u0103 a dispersiei sunetului din spate, realiz\u00e2nd o atenuare mai mare de 15 dB pe \u00eentregul spectru de bas. Modul final de foc este optimizat pentru presiunea sonor\u0103 maxim\u0103 \u00een fa\u021b\u0103, cu o reducere par\u021bial\u0103 simultan\u0103 \u00een spate. Avantajele sunt evidente: Datorit\u0103 direc\u021bionalit\u0103\u021bii, sub-urile sun\u0103 mult mai concret \u0219i muzical, mai ales \u00een locurile cu mult\u0103 reverb. Artistii de pe scen\u0103, precum \u0219i posibilii colaboratori din spatele scenei sunt scuti\u021bi de efectele nivelurilor excesive de bas.<br \/>\nVERA S32 a r\u0103mas un subwoofer compact. Cu l\u0103\u021bimea sistemului de 60 cm \u0219i hardware-ul de montaj integrat, sub poate fi integrat perfect \u00eentr-o matrice VERA20. Datorit\u0103 r\u0103spunsului s\u0103u coerent de faz\u0103, ofer\u0103 o op\u021biune plugnplay cu o mul\u021bime de topuri \u0219i sub-uri TW AUDIO, devenind o extensie audiofil\u0103 economic\u0103.<\/p>\n","protected":false},"featured_media":11898,"comment_status":"open","ping_status":"closed","template":"","meta":[],"product_brand":[],"product_cat":[19],"product_tag":[1345,354,138,445,139,1337,407,1315,1347,1338,55,1346],"class_list":{"0":"post-11895","1":"product","2":"type-product","3":"status-publish","4":"has-post-thumbnail","6":"product_cat-tw-audio","7":"product_tag-bass-cardio","8":"product_tag-cardioid","9":"product_tag-ella","10":"product_tag-ella-6","11":"product_tag-line-array","12":"product_tag-line-array-sistem","13":"product_tag-sistem-sunet","14":"product_tag-subwoofer","15":"product_tag-tw-audio-vera","16":"product_tag-tw-audio-vera36","17":"product_tag-tw-audio","18":"product_tag-vera-s32","20":"first","21":"instock","22":"sold-individually","23":"product-type-simple"},"jetpack_sharing_enabled":true,"_links":{"self":[{"href":"https:\/\/quintett.eu\/index.php?rest_route=\/wp\/v2\/product\/11895","targetHints":{"allow":["GET"]}}],"collection":[{"href":"https:\/\/quintett.eu\/index.php?rest_route=\/wp\/v2\/product"}],"about":[{"href":"https:\/\/quintett.eu\/index.php?rest_route=\/wp\/v2\/types\/product"}],"replies":[{"embeddable":true,"href":"https:\/\/quintett.eu\/index.php?rest_route=%2Fwp%2Fv2%2Fcomments&post=11895"}],"wp:featuredmedia":[{"embeddable":true,"href":"https:\/\/quintett.eu\/index.php?rest_route=\/wp\/v2\/media\/11898"}],"wp:attachment":[{"href":"https:\/\/quintett.eu\/index.php?rest_route=%2Fwp%2Fv2%2Fmedia&parent=11895"}],"wp:term":[{"taxonomy":"product_brand","embeddable":true,"href":"https:\/\/quintett.eu\/index.php?rest_route=%2Fwp%2Fv2%2Fproduct_brand&post=11895"},{"taxonomy":"product_cat","embeddable":true,"href":"https:\/\/quintett.eu\/index.php?rest_route=%2Fwp%2Fv2%2Fproduct_cat&post=11895"},{"taxonomy":"product_tag","embeddable":true,"href":"https:\/\/quintett.eu\/index.php?rest_route=%2Fwp%2Fv2%2Fproduct_tag&post=11895"}],"curies":[{"name":"wp","href":"https:\/\/api.w.org\/{rel}","templated":true}]}}