{"id":11900,"date":"2025-02-28T11:43:04","date_gmt":"2025-02-28T09:43:04","guid":{"rendered":"https:\/\/quintett.eu\/?post_type=product&#038;p=11900"},"modified":"2025-04-22T12:48:00","modified_gmt":"2025-04-22T10:48:00","slug":"tw-audio-vera-s33","status":"publish","type":"product","link":"https:\/\/quintett.eu\/?product=tw-audio-vera-s33","title":{"rendered":"TW AUDIO &#8211; VERA S33"},"content":{"rendered":"<p>TW AUDIO VERA S33 | Subwoofer pasiv 1&#215;18&#8243; fa\u021b\u0103 2400W \/ 1&#215;15&#8243; spate 2000W, 134db<\/p>\n<p>Subwoofer compact direc\u021bional<br \/>\nPentru o integrare perfect\u0103 cu VERA36<br \/>\nLF:1 x 18 LF (fa\u021b\u0103) \u0219i 1 x 15 LF (spate)<br \/>\nGama de frecvente: 33 &#8211; 120 Hz<br \/>\nCapacitate program: 2400 W (fa\u021b\u0103) \u0219i 2000 W (spate)<br \/>\nSPLmax: 134 dB<br \/>\nDimensiuni: 606 x 700 x 800 mm<br \/>\nGreutate: 68 kg<br \/>\nVopsea poliuree<\/p>\n<p>ATENTIE : Func\u021bionarea optima este recomandat\u0103 cu preseturi TW AUDIO dedicate pe amplificatoarele Lab Gruppen , Linea Research ,Powersoft sau Dynacord seriile TGX, IPX \u0219i L .<\/p>\n","protected":false},"excerpt":{"rendered":"<p>TW AUDIO VERA S32 | Subwoofer pasiv 1&#215;18&#8243; fa\u021b\u0103 2400W \/ 1&#215;15&#8243; spate 1400W, 134db<\/p>\n<p>VERA S33 indic\u00e2nd drumul&#8230;<br \/>\n&#8230; \u00een adev\u0103ratul sens al cuv\u00e2ntului.<br \/>\nCaracteristica sa special\u0103: un difuzor de 18 inchi \u00een fa\u021b\u0103 \u0219i un difuzor de 15 inchi \u00een spate. Controlul cu dou\u0103 canale ofer\u0103 o radia\u021bie bas direc\u021bionat\u0103 \u00eenainte cu o amortizare de p\u00e2n\u0103 la 15 dB \u00een spate. Acest lucru are ca rezultat un sunet de bas mult mai solid, str\u00e2ns \u0219i muzical, mai ales \u00een medii cu acustic\u0103 dificil\u0103. De asemenea, actorii de pe scen\u0103 \u0219i colaboratorii din spatele loca\u021biei sunt scuti\u021bi de prea mult\u0103 energie de joas\u0103 frecven\u021b\u0103.<br \/>\nDesigur, cu VERA S33 sunt disponibile multe variante de stivuire. Cu aceea\u0219i l\u0103\u021bime de sistem \u0219i acela\u0219i echipament de montaj, VERA S33 poate fi integrat discret \u00eentr-o matrice VERA36. Dar sunt posibile \u0219i stivele clasice L-R, r\u00e2ndurile orizontale \u00een fa\u021ba scenei \u0219i matricele de bas verticale complete. Fie stivuite, fie ag\u0103\u0163at.<br \/>\nDatorit\u0103 dimensiunilor sale compacte \u0219i m\u00e2nerelor caracteristice TW AUDIO, sub-cardioid VERA S33 este simplu \u0219i flexibil de operat. A\u0219a cum era de a\u0219teptat. Ca \u00eentotdeauna.<\/p>\n","protected":false},"featured_media":11902,"comment_status":"open","ping_status":"closed","template":"","meta":[],"product_brand":[],"product_cat":[19],"product_tag":[1345,354,138,445,1370,1368,139,1337,407,1369,1315,1347,1338,55,1346,1348],"class_list":{"0":"post-11900","1":"product","2":"type-product","3":"status-publish","4":"has-post-thumbnail","6":"product_cat-tw-audio","7":"product_tag-bass-cardio","8":"product_tag-cardioid","9":"product_tag-ella","10":"product_tag-ella-6","11":"product_tag-instalatii-profesionale","12":"product_tag-instalatii-stadion","13":"product_tag-line-array","14":"product_tag-line-array-sistem","15":"product_tag-sistem-sunet","16":"product_tag-sonorizare-stadion","17":"product_tag-subwoofer","18":"product_tag-tw-audio-vera","19":"product_tag-tw-audio-vera36","20":"product_tag-tw-audio","21":"product_tag-vera-s32","22":"product_tag-vera-s33","24":"first","25":"instock","26":"sold-individually","27":"product-type-simple"},"jetpack_sharing_enabled":true,"_links":{"self":[{"href":"https:\/\/quintett.eu\/index.php?rest_route=\/wp\/v2\/product\/11900","targetHints":{"allow":["GET"]}}],"collection":[{"href":"https:\/\/quintett.eu\/index.php?rest_route=\/wp\/v2\/product"}],"about":[{"href":"https:\/\/quintett.eu\/index.php?rest_route=\/wp\/v2\/types\/product"}],"replies":[{"embeddable":true,"href":"https:\/\/quintett.eu\/index.php?rest_route=%2Fwp%2Fv2%2Fcomments&post=11900"}],"wp:featuredmedia":[{"embeddable":true,"href":"https:\/\/quintett.eu\/index.php?rest_route=\/wp\/v2\/media\/11902"}],"wp:attachment":[{"href":"https:\/\/quintett.eu\/index.php?rest_route=%2Fwp%2Fv2%2Fmedia&parent=11900"}],"wp:term":[{"taxonomy":"product_brand","embeddable":true,"href":"https:\/\/quintett.eu\/index.php?rest_route=%2Fwp%2Fv2%2Fproduct_brand&post=11900"},{"taxonomy":"product_cat","embeddable":true,"href":"https:\/\/quintett.eu\/index.php?rest_route=%2Fwp%2Fv2%2Fproduct_cat&post=11900"},{"taxonomy":"product_tag","embeddable":true,"href":"https:\/\/quintett.eu\/index.php?rest_route=%2Fwp%2Fv2%2Fproduct_tag&post=11900"}],"curies":[{"name":"wp","href":"https:\/\/api.w.org\/{rel}","templated":true}]}}