{"id":11904,"date":"2025-02-28T11:55:32","date_gmt":"2025-02-28T09:55:32","guid":{"rendered":"https:\/\/quintett.eu\/?post_type=product&#038;p=11904"},"modified":"2025-03-15T17:10:01","modified_gmt":"2025-03-15T15:10:01","slug":"tw-audio-bsx","status":"publish","type":"product","link":"https:\/\/quintett.eu\/?product=tw-audio-bsx","title":{"rendered":"TW AUDIO &#8211; BSX"},"content":{"rendered":"<p>TW AUDiO BSX | Passive Subwoofer 2 x 21&#8243;<\/p>\n<p>2 x 21&#8243; subwoofer de \u00eenalt\u0103 performan\u021b\u0103 cu design bassreflex-corn bass-hibrid<br \/>\nGama de frecventa 27 &#8211; 120 Hz<br \/>\nImpedanta nominala 2x 4 ohmi<br \/>\nCapacitate program 2 x 3600W<br \/>\nSPLmax 142 dB \/ 1 m<br \/>\nDimensiuni 606 x 1406 x 900 mm<br \/>\nGreutate 109 kg<br \/>\nVopsea poliuree<\/p>\n<p>ATENTIE : Func\u021bionarea optima este recomandat\u0103 cu preseturi TW AUDIO dedicate pe amplificatoarele Lab Gruppen , Linea Research ,Powersoft sau Dynacord seriile TGX, IPX \u0219i L .<\/p>\n","protected":false},"excerpt":{"rendered":"<p>TW AUDiO BSX | Passive Subwoofer 2 x 21&#8243;<\/p>\n<p>Un subwoofer dublu de 21 inch \u00een formatul 140 &#8211; 60 &#8211; 90. Extensia mare pentru subwoofer. BSX-ul. Dac\u0103 te ui\u021bi mai atent, vei vedea imediat c\u0103 cutia se potrive\u0219te nou\u0103 \u0219i clien\u021bilor no\u0219tri la fel de bine ca orice alt produs TW AUDIO. BSX se \u00eencadreaz\u0103 armonios \u00een familia noastr\u0103 de produse. Aceasta \u00eencepe cu dimensiunile sale. Pentru c\u0103 l\u0103\u021bimea de 140 cm ofer\u0103 exact spa\u021biul potrivit pentru a putea pozi\u021biona dou\u0103 B30 sau S30-uri exact unul l\u00e2ng\u0103 cel\u0103lalt. Prin urmare, BSX serve\u0219te ca o baz\u0103 masiv\u0103. Literalmente. Dar, de asemenea, construc\u021bia este tipic\u0103 pentru noi, cu BSX folosind acela\u0219i principiu hibrid al carcasei ca \u0219i modelele noastre B30 \u0219i S30. Pentru c\u0103 numai \u00een acest fel este posibil s\u0103 se conecteze eficient imensa mas\u0103 de aer, care poate fi mutat\u0103 de acest dispozitiv, la c\u00e2mpul sonor.<br \/>\nDebitul \u0219i pierderile prin frecare sunt minimizate pe c\u00e2t posibil, iar energia ajunge vizibil chiar \u0219i de la distan\u021b\u0103.<br \/>\nCa \u00eentotdeauna \u00een cazul dezvolt\u0103rii TW AUDIO, \u0219i aici accentul se pune \u00een detalii fine. De exemplu, crest\u0103turile pentru picior de stivuire pentru toate combina\u021biile sensibile cu alte difuzoare TW AUDIO. \u0218i exist\u0103 acum legendarele m\u00e2nere TW AUDIO. 12 la numar, pozitionate optim. Prin urmare, acest subwoofer poate fi transportat, a\u0219ezat, pozi\u021bionat \u0219i basculat de o singur\u0103 persoan\u0103.<br \/>\nDesigur, BSX este \u00een primul r\u00e2nd o completare real\u0103 de bas profund pentru cei care doresc s\u0103-\u0219i configureze sistemele cu susul \u00een jos cu un impuls enorm. Pentru c\u0103 chiar \u0219i un singur BSX este complet capabil s\u0103 stea al\u0103turi de un PA-SYS-ONE complet.<br \/>\nDar BSX-ul nu ar fi un produs TW AUDIO adev\u0103rat dac\u0103 ar putea fi folosit doar \u00eentr-un fel. Prin urmare, chiar \u0219i \u00een dezvoltare \u0219i construc\u021bie, chiar de la \u00eenceput am pus importan\u021b\u0103 pe a putea reproduce chiar \u0219i frecven\u021bele de p\u00e2n\u0103 la 120Hz \u00een mod curat \u0219i impulsiv fidel. Deci, pute\u021bi combina \u0219i 21-ul nostru dublu direct cu partea superioar\u0103 T24 sau sistemul VERA10. Practic. Precis. F\u0103r\u0103 probleme.<br \/>\nCum este posibil asta? Datorit\u0103 difuzoarelor de 21 nou dezvoltate. Sunt complet unice. Echipate cu o bobin\u0103 mobil\u0103 din aluminiu de 5,3 dezvoltat\u0103 special. Cu o membran\u0103 extrem de rigid\u0103 \u0219i totu\u0219i u\u0219oar\u0103. Totul este apoi combinat cu sistemul puternic neodim-magnetic, cu un ata\u0219ament de membran\u0103 care permite distan\u021be mai mari de +\/- 30 mm. Poten\u021bial de performan\u021b\u0103 maxim de 10 kW per difuzor. Prin urmare, BSX-ul nostru este \u00een m\u0103sur\u0103 s\u0103 fac\u0103 fa\u021b\u0103 cu u\u0219urin\u021b\u0103 acusticului extrem<\/p>\n","protected":false},"featured_media":11912,"comment_status":"open","ping_status":"closed","template":"","meta":[],"product_brand":[],"product_cat":[19],"product_tag":[1345,1349,354,138,445,1370,1368,139,1337,407,1369,1315,1350,1347,1338,55,1346,1348],"class_list":{"0":"post-11904","1":"product","2":"type-product","3":"status-publish","4":"has-post-thumbnail","6":"product_cat-tw-audio","7":"product_tag-bass-cardio","8":"product_tag-bsx","9":"product_tag-cardioid","10":"product_tag-ella","11":"product_tag-ella-6","12":"product_tag-instalatii-profesionale","13":"product_tag-instalatii-stadion","14":"product_tag-line-array","15":"product_tag-line-array-sistem","16":"product_tag-sistem-sunet","17":"product_tag-sonorizare-stadion","18":"product_tag-subwoofer","19":"product_tag-tw-audio-bsx","20":"product_tag-tw-audio-vera","21":"product_tag-tw-audio-vera36","22":"product_tag-tw-audio","23":"product_tag-vera-s32","24":"product_tag-vera-s33","26":"first","27":"instock","28":"sold-individually","29":"product-type-simple"},"jetpack_sharing_enabled":true,"_links":{"self":[{"href":"https:\/\/quintett.eu\/index.php?rest_route=\/wp\/v2\/product\/11904","targetHints":{"allow":["GET"]}}],"collection":[{"href":"https:\/\/quintett.eu\/index.php?rest_route=\/wp\/v2\/product"}],"about":[{"href":"https:\/\/quintett.eu\/index.php?rest_route=\/wp\/v2\/types\/product"}],"replies":[{"embeddable":true,"href":"https:\/\/quintett.eu\/index.php?rest_route=%2Fwp%2Fv2%2Fcomments&post=11904"}],"wp:featuredmedia":[{"embeddable":true,"href":"https:\/\/quintett.eu\/index.php?rest_route=\/wp\/v2\/media\/11912"}],"wp:attachment":[{"href":"https:\/\/quintett.eu\/index.php?rest_route=%2Fwp%2Fv2%2Fmedia&parent=11904"}],"wp:term":[{"taxonomy":"product_brand","embeddable":true,"href":"https:\/\/quintett.eu\/index.php?rest_route=%2Fwp%2Fv2%2Fproduct_brand&post=11904"},{"taxonomy":"product_cat","embeddable":true,"href":"https:\/\/quintett.eu\/index.php?rest_route=%2Fwp%2Fv2%2Fproduct_cat&post=11904"},{"taxonomy":"product_tag","embeddable":true,"href":"https:\/\/quintett.eu\/index.php?rest_route=%2Fwp%2Fv2%2Fproduct_tag&post=11904"}],"curies":[{"name":"wp","href":"https:\/\/api.w.org\/{rel}","templated":true}]}}