{"id":11913,"date":"2025-02-28T12:06:56","date_gmt":"2025-02-28T10:06:56","guid":{"rendered":"https:\/\/quintett.eu\/?post_type=product&#038;p=11913"},"modified":"2025-07-04T10:43:11","modified_gmt":"2025-07-04T08:43:11","slug":"tw-audio-t20","status":"publish","type":"product","link":"https:\/\/quintett.eu\/?product=tw-audio-t20","title":{"rendered":"TW Audio T20"},"content":{"rendered":"<p>TW AUDIO T20 (60&#215;40 grade) sau (90&#215;50) fifuzor compact pe 2 cai de mare putere<\/p>\n<p>Difuzor compact, cu driver, pe dou\u0103 c\u0103i de mare putere<br \/>\n2x drivere de neodimium 10 \/ 1x 1.4<br \/>\nHF rotativ MF \/ HF 90\u00b0 x 50\u00b0 (op\u021bional: 60\u00b0 x 40\u00b0)<br \/>\nGama de frecventa 60 18000Hz, SPLmax 138 dB \/ 1m<br \/>\nImpedanta 8 Ohm pasiva<br \/>\nCapacitate program 1000W<br \/>\nFlying agatare integrat<br \/>\nDimensiuni 606 x 300 x 400 mm<br \/>\nGreutate 21,8 kg<\/p>\n<p>ATENTIE : Func\u021bionarea optima este recomandat\u0103 cu preseturi TW AUDIO dedicate pe amplificatoarele Lab Gruppen , Linea Research ,Powersoft sau Dynacord seriile TGX, IPX \u0219i L .<\/p>\n<p><iframe title=\"TW AUDiO T20 Horn Rotation\" width=\"640\" height=\"360\" src=\"https:\/\/www.youtube.com\/embed\/BRhM87woBe4?feature=oembed\" frameborder=\"0\" allow=\"accelerometer; autoplay; clipboard-write; encrypted-media; gyroscope; picture-in-picture; web-share\" referrerpolicy=\"strict-origin-when-cross-origin\" allowfullscreen><\/iframe><\/p>\n","protected":false},"excerpt":{"rendered":"<p>T20 este o transformare \u00een consecin\u021b\u0103 a cerin\u021belor utilizatorilor no\u0219tri. Un compact, sub\u021bire de 30 cm 2 x 10&#8243;\/1,4&#8243; \u00eentr-o construc\u021bie complet simetric\u0103, perfect potrivit pentru utilizare \u00een aplica\u021bii verticale \u0219i, \u00een special, transversale.<br \/>\nDatorit\u0103 matricei de drivere sofisticate \u0219i crossover-ului pasiv, T20 atinge o dispersie constant\u0103 a directivit\u0103\u021bii, at\u00e2t pe orizontal\u0103, c\u00e2t \u0219i pe vertical\u0103. \u00cen special \u00een operarea \u00eencruci\u0219at\u0103, unde difuzoarele conven\u021bionale cu dou\u0103 c\u0103i reprezint\u0103 un simplu compromis, T20 \u00ee\u0219i arat\u0103 adev\u0103ratul poten\u021bial. De exemplu, atunci c\u00e2nd este folosit \u00eentins ca umplere frontal\u0103 sau drum fill, ca difuzor central sau chiar \u00een instala\u021bii de club cu tavane deosebit de joase.<\/p>\n<p>https:\/\/www.youtube.com\/watch?v=BRhM87woBe4<\/p>\n","protected":false},"featured_media":11916,"comment_status":"open","ping_status":"closed","template":"","meta":[],"product_brand":[],"product_cat":[19,96],"product_tag":[1340,1370,1368,1369,199,1351,55,1339,85],"class_list":{"0":"post-11913","1":"product","2":"type-product","3":"status-publish","4":"has-post-thumbnail","6":"product_cat-tw-audio","7":"product_cat-toate-produsele-tw-audio","8":"product_tag-boxa-pasiva","9":"product_tag-instalatii-profesionale","10":"product_tag-instalatii-stadion","11":"product_tag-sonorizare-stadion","12":"product_tag-t24n","13":"product_tag-tw-audio-t20","14":"product_tag-tw-audio","15":"product_tag-tw-audio-t24n","16":"product_tag-twaudio","18":"first","19":"instock","20":"purchasable","21":"product-type-simple"},"jetpack_sharing_enabled":true,"_links":{"self":[{"href":"https:\/\/quintett.eu\/index.php?rest_route=\/wp\/v2\/product\/11913","targetHints":{"allow":["GET"]}}],"collection":[{"href":"https:\/\/quintett.eu\/index.php?rest_route=\/wp\/v2\/product"}],"about":[{"href":"https:\/\/quintett.eu\/index.php?rest_route=\/wp\/v2\/types\/product"}],"replies":[{"embeddable":true,"href":"https:\/\/quintett.eu\/index.php?rest_route=%2Fwp%2Fv2%2Fcomments&post=11913"}],"wp:featuredmedia":[{"embeddable":true,"href":"https:\/\/quintett.eu\/index.php?rest_route=\/wp\/v2\/media\/11916"}],"wp:attachment":[{"href":"https:\/\/quintett.eu\/index.php?rest_route=%2Fwp%2Fv2%2Fmedia&parent=11913"}],"wp:term":[{"taxonomy":"product_brand","embeddable":true,"href":"https:\/\/quintett.eu\/index.php?rest_route=%2Fwp%2Fv2%2Fproduct_brand&post=11913"},{"taxonomy":"product_cat","embeddable":true,"href":"https:\/\/quintett.eu\/index.php?rest_route=%2Fwp%2Fv2%2Fproduct_cat&post=11913"},{"taxonomy":"product_tag","embeddable":true,"href":"https:\/\/quintett.eu\/index.php?rest_route=%2Fwp%2Fv2%2Fproduct_tag&post=11913"}],"curies":[{"name":"wp","href":"https:\/\/api.w.org\/{rel}","templated":true}]}}