{"id":11947,"date":"2025-03-04T11:58:05","date_gmt":"2025-03-04T09:58:05","guid":{"rendered":"https:\/\/quintett.eu\/?post_type=product&#038;p=11947"},"modified":"2025-11-11T00:00:17","modified_gmt":"2025-11-10T22:00:17","slug":"austrian-audio-hi-x20","status":"publish","type":"product","link":"https:\/\/quintett.eu\/?product=austrian-audio-hi-x20","title":{"rendered":"Austrian Audio Hi-X20"},"content":{"rendered":"<p>Austrian Audio Hi-X20<\/p>\n<p>C\u0103\u0219ti de studio \u00eenchise<br \/>\nDesign circumaural<br \/>\nReglaj neutru al sunetului<br \/>\nBalamale \u0219i console metalice pentru durabilitate maxim\u0103<br \/>\nPliabile pentru transport usor<br \/>\nPerne pentru urechi din spum\u0103 cu memorie pentru confort maxim<br \/>\nFactor de distorsiune la 1 kHz: &lt;0,1%<br \/>\nGama de frecventa: 12 &#8211; 24.000 Hz<br \/>\nSensibilitate: 113 dB SPL\/V<br \/>\nImpedan\u021b\u0103: 25 Ohm<br \/>\nPutere de intrare: 150 mW<br \/>\ncablu detasabil: 3 m<br \/>\nConector: muf\u0103 de 3,5 mm, inclusiv adaptor la muf\u0103 de 6,3 mm<br \/>\nDimensiuni: 205 x 170 x 80 mm<br \/>\nGreutate (fara cablu): 255 g<\/p>\n","protected":false},"excerpt":{"rendered":"<p>Austrian Audio Hi-X20 este cel mai nou membru al gamei noastre de c\u0103\u0219ti profesionale. Proiectat pentru profesioni\u0219tii audio, creatorii de con\u021binut \u0219i pasiona\u021bii de muzic\u0103, Hi-X20 ofer\u0103 un sunet de \u00eenalt\u0103 precizie \u00eentr-un factor de form\u0103 compact \u0219i accesibil. Indiferent dac\u0103 \u00eenregistra\u021bi, mixa\u021bi sau doar v\u0103 bucura\u021bi de muzica preferat\u0103, Hi-X20 este \u00eenso\u021bitorul dvs. de \u00eencredere de zi cu zi.<\/p>\n<p>Echipat cu renumitele drivere Hi-X de la Austrian Audio, Hi-X20 ofer\u0103 o experien\u021b\u0103 audio de neegalat. Bucura\u021bi-v\u0103 de frecven\u021be medii \u0219i \u00eenalte perfect echilibrate, asociate cu un r\u0103spuns de bas puternic \u0219i controlat. Cu sunetul s\u0103u precis \u0219i r\u0103spunsul onest la frecven\u021b\u0103, ve\u021bi experimenta tranzitorii rapide \u0219i distorsiuni minime, f\u0103c\u00e2nd aceste c\u0103\u0219ti ideale pentru orice mediu profesional.<\/p>\n","protected":false},"featured_media":13400,"comment_status":"open","ping_status":"closed","template":"","meta":[],"product_brand":[],"product_cat":[306,1472],"product_tag":[307,127,1352,125,1354,359,1353],"class_list":{"0":"post-11947","1":"product","2":"type-product","3":"status-publish","4":"has-post-thumbnail","6":"product_cat-austrian-audio","7":"product_cat-black-friday-najlepsie-ceny","8":"product_tag-austrian-audio","9":"product_tag-casti","10":"product_tag-casti-profesionale","11":"product_tag-casti-studio","12":"product_tag-casti-studio-inchise","13":"product_tag-hi-x15","14":"product_tag-hi-x20","16":"first","17":"instock","18":"purchasable","19":"product-type-simple"},"jetpack_sharing_enabled":true,"_links":{"self":[{"href":"https:\/\/quintett.eu\/index.php?rest_route=\/wp\/v2\/product\/11947","targetHints":{"allow":["GET"]}}],"collection":[{"href":"https:\/\/quintett.eu\/index.php?rest_route=\/wp\/v2\/product"}],"about":[{"href":"https:\/\/quintett.eu\/index.php?rest_route=\/wp\/v2\/types\/product"}],"replies":[{"embeddable":true,"href":"https:\/\/quintett.eu\/index.php?rest_route=%2Fwp%2Fv2%2Fcomments&post=11947"}],"wp:featuredmedia":[{"embeddable":true,"href":"https:\/\/quintett.eu\/index.php?rest_route=\/wp\/v2\/media\/13400"}],"wp:attachment":[{"href":"https:\/\/quintett.eu\/index.php?rest_route=%2Fwp%2Fv2%2Fmedia&parent=11947"}],"wp:term":[{"taxonomy":"product_brand","embeddable":true,"href":"https:\/\/quintett.eu\/index.php?rest_route=%2Fwp%2Fv2%2Fproduct_brand&post=11947"},{"taxonomy":"product_cat","embeddable":true,"href":"https:\/\/quintett.eu\/index.php?rest_route=%2Fwp%2Fv2%2Fproduct_cat&post=11947"},{"taxonomy":"product_tag","embeddable":true,"href":"https:\/\/quintett.eu\/index.php?rest_route=%2Fwp%2Fv2%2Fproduct_tag&post=11947"}],"curies":[{"name":"wp","href":"https:\/\/api.w.org\/{rel}","templated":true}]}}