{"id":11963,"date":"2025-03-05T13:13:43","date_gmt":"2025-03-05T11:13:43","guid":{"rendered":"https:\/\/quintett.eu\/?post_type=product&#038;p=11963"},"modified":"2025-07-04T10:42:39","modified_gmt":"2025-07-04T08:42:39","slug":"lynx-audio-rx8","status":"publish","type":"product","link":"https:\/\/quintett.eu\/?product=lynx-audio-rx8","title":{"rendered":"Lynx Audio RX8"},"content":{"rendered":"<p>Caracteristici tehnice :<\/p>\n<p>Componente<br \/>\nLF: bobin\u0103 de 8\u201d, 2\u201d.<br \/>\nHF: 1\u201d, driver de compresie<br \/>\nRaspuns in frecventa 65 Hz \u2013 k20 Hz<br \/>\nSPL maxim 118 dB 124 dB V\u00e2rf<br \/>\nPutere<br \/>\nPutere RMS de 280 W \u0219i un v\u00e2rf de 600 W<br \/>\nAmplificare<br \/>\nClasa D | Filtre DSP<br \/>\nBT<br \/>\n\u00cemperechere stereo receptor-TWS<br \/>\nControl<br \/>\nDisplay LCD, codificator si buton<br \/>\nIntr\u0103ri<br \/>\n2 intr\u0103ri Combo Jack\/XLR echilibrate cu selector MIC\/LINE \u0219i<br \/>\nnivelul de reglare pentru fiecare intrare.1 intrare AUX mini-jack de 3,5 mm<br \/>\nIe\u0219iri<br \/>\nIe\u0219ire echilibrat\u0103 la nivel XLR LINE<br \/>\nAcoperire 90\u00ba x 60\u00ba<br \/>\nFitinguri<br \/>\nSoclu pentru suport pentru difuzoare de 3 mm (2 pozi\u021bii) \u0219i pan\u0103 \u00eenclinat\u0103 la 45\u00ba pentru monitorizarea scenei<br \/>\nPutere<br \/>\n280 W RMS \/ 600 W v\u00e2rf<br \/>\nAlimentare electric\u0103<br \/>\nSursa de alimentare 230V ~ \/ 50Hz<br \/>\nGreutate<br \/>\n7 kg (15,43 lbs)<br \/>\nDimensiuni<br \/>\n435 x 245 x 295 mm (\u00een\u0103l\u021bime x l\u0103\u021bime x ad\u00e2ncime)<\/p>\n","protected":false},"excerpt":{"rendered":"<p>RX-8 este o boxa activa pe 2 c\u0103i, din polipropilen\u0103 de \u00eenalt\u0103 performan\u021b\u0103, cu un difuzor de joas\u0103 frecven\u021b\u0103 de 8 inchi. Amplificatorul de clasa D, ofer\u0103 280 W RMS \u0219i poate atinge o putere maxim\u0103 de 600 W, f\u0103c\u00e2ndu-l ideal pentru \u00eent\u0103rirea sunetului at\u00e2t \u00een \u200b\u200bmedii interioare, c\u00e2t \u0219i exterioare.<br \/>\nSeria ROX \u00eencorporeaz\u0103 tehnologia de filtru FIR cu faz\u0103 liniar\u0103, asigur\u00e2nd o experien\u021b\u0103 de ascultare f\u0103r\u0103 \u00eentreruperi \u0219i mai precis\u0103, reduc\u00e2nd la minimum distorsiunea de faz\u0103 \u0219i \u00eembun\u0103t\u0103\u021bind acurate\u021bea general\u0103 a sunetului.<\/p>\n<p>Sistemul permite utilizatorilor s\u0103 stocheze \u0219i s\u0103 aminteasc\u0103 set\u0103ri personalizate, cum ar fi configura\u021biile EQ, ajust\u0103rile de \u00eent\u00e2rziere \u0219i rutarea intr\u0103rii, folosind func\u021bionalitatea sa de salvare a scenei. Acest lucru \u00eembun\u0103t\u0103\u021be\u0219te adaptabilitatea \u00een diverse medii de sunet, oferind o experien\u021b\u0103 audio personalizat\u0103 pentru orice aplica\u021bie.<\/p>\n<p>\u00cen plus, sistemul accept\u0103 \u00eemperecherea stereo BT TWS, permi\u021b\u00e2nd utilizatorilor s\u0103 conecteze f\u0103r\u0103 fir un smartphone, un computer sau un alt cabinet Rox, oferind conectivitate wireless flexibil\u0103 \u0219i fiabil\u0103 pentru sunet stereo.<\/p>\n","protected":false},"featured_media":11974,"comment_status":"open","ping_status":"closed","template":"","meta":[],"product_brand":[],"product_cat":[178],"product_tag":[521,1357,1358,1355,1356],"class_list":{"0":"post-11963","1":"product","2":"type-product","3":"status-publish","4":"has-post-thumbnail","6":"product_cat-boxe-systeme-audio","7":"product_tag-boxa-activa","8":"product_tag-boxa-activa-8-toli","9":"product_tag-boxa-bluetooth","10":"product_tag-lynx-audio-pro","11":"product_tag-lynx-audio-rx8","13":"first","14":"instock","15":"purchasable","16":"product-type-simple"},"jetpack_sharing_enabled":true,"_links":{"self":[{"href":"https:\/\/quintett.eu\/index.php?rest_route=\/wp\/v2\/product\/11963","targetHints":{"allow":["GET"]}}],"collection":[{"href":"https:\/\/quintett.eu\/index.php?rest_route=\/wp\/v2\/product"}],"about":[{"href":"https:\/\/quintett.eu\/index.php?rest_route=\/wp\/v2\/types\/product"}],"replies":[{"embeddable":true,"href":"https:\/\/quintett.eu\/index.php?rest_route=%2Fwp%2Fv2%2Fcomments&post=11963"}],"wp:featuredmedia":[{"embeddable":true,"href":"https:\/\/quintett.eu\/index.php?rest_route=\/wp\/v2\/media\/11974"}],"wp:attachment":[{"href":"https:\/\/quintett.eu\/index.php?rest_route=%2Fwp%2Fv2%2Fmedia&parent=11963"}],"wp:term":[{"taxonomy":"product_brand","embeddable":true,"href":"https:\/\/quintett.eu\/index.php?rest_route=%2Fwp%2Fv2%2Fproduct_brand&post=11963"},{"taxonomy":"product_cat","embeddable":true,"href":"https:\/\/quintett.eu\/index.php?rest_route=%2Fwp%2Fv2%2Fproduct_cat&post=11963"},{"taxonomy":"product_tag","embeddable":true,"href":"https:\/\/quintett.eu\/index.php?rest_route=%2Fwp%2Fv2%2Fproduct_tag&post=11963"}],"curies":[{"name":"wp","href":"https:\/\/api.w.org\/{rel}","templated":true}]}}