{"id":11973,"date":"2025-03-05T13:26:10","date_gmt":"2025-03-05T11:26:10","guid":{"rendered":"https:\/\/quintett.eu\/?post_type=product&#038;p=11973"},"modified":"2025-07-04T10:41:34","modified_gmt":"2025-07-04T08:41:34","slug":"lynx-audio-rx15","status":"publish","type":"product","link":"https:\/\/quintett.eu\/?product=lynx-audio-rx15","title":{"rendered":"Lynx Audio RX15"},"content":{"rendered":"<p>Caracteristici tehnice :<\/p>\n<p>Componente<br \/>\nLF: bobin\u0103 de 15\u201d, 3\u201d.<br \/>\nHF: 1,35\u201d, driver de compresie<br \/>\nRaspuns in frecventa -45 Hz \u2013 20 KHz<br \/>\nSPL maxim -125 dB \/ 131 dB v\u00e2rf<br \/>\nAmplificare -Clasa D | Filtre DSP FIR<br \/>\nAcoperire -90\u00ba H x 60\u00ba V<br \/>\nPutere RMS de 450 W | 1000 W v\u00e2rf<br \/>\nAlimentare electric\u0103<br \/>\nSursa de alimentare 230V ~ \/ 50 Hz<br \/>\nBT -\u00cemperechere stereo receptor-TWS<br \/>\nControl-Display LCD, codificator si buton<br \/>\nIntr\u0103ri<br \/>\n2 intr\u0103ri Combo Jack\/XLR echilibrate cu selector MIC\/LINE \u0219i nivel de reglare pentru fiecare intrare.1 intrare AUX mini-jack de 3,5 mm<br \/>\nIe\u0219iri Ie\u0219ire echilibrat\u0103 la nivel XLR LINE<br \/>\nFitinguri 35 mm (2 pozi\u021bii) suport pentru difuzoare \u0219i o pan\u0103 \u00eenclinat\u0103 de 45\u00b0 pentru monitorizarea scenei<br \/>\nGreutate 21 Kg<br \/>\nDimensiuni 696 x 417 x 368 mm (\u00cel x l x A)<\/p>\n","protected":false},"excerpt":{"rendered":"<p>RX-15 este o boxa activa pe 2 c\u0103i, din polipropilen\u0103 de \u00eenalt\u0103 performan\u021b\u0103, cu un difuzor de joas\u0103 frecven\u021b\u0103 de 15 inchi. Amplificatorul de clasa D, ofer\u0103 450 W RMS \u0219i poate atinge o putere maxim\u0103 de 1000 W, f\u0103c\u00e2ndu-l ideal pentru \u00eent\u0103rirea sunetului at\u00e2t \u00een \u200b\u200bmedii interioare, c\u00e2t \u0219i exterioare.<br \/>\nSeria ROX \u00eencorporeaz\u0103 tehnologia de filtru FIR cu faz\u0103 liniar\u0103, asigur\u00e2nd o experien\u021b\u0103 de ascultare f\u0103r\u0103 \u00eentreruperi \u0219i mai precis\u0103, reduc\u00e2nd la minimum distorsiunea de faz\u0103 \u0219i \u00eembun\u0103t\u0103\u021bind acurate\u021bea general\u0103 a sunetului.<\/p>\n<p>Sistemul permite utilizatorilor s\u0103 stocheze \u0219i s\u0103 aminteasc\u0103 set\u0103ri personalizate, cum ar fi configura\u021biile EQ, ajust\u0103rile de \u00eent\u00e2rziere \u0219i rutarea intr\u0103rii, folosind func\u021bionalitatea sa de salvare a scenei. Acest lucru \u00eembun\u0103t\u0103\u021be\u0219te adaptabilitatea \u00een diverse medii de sunet, oferind o experien\u021b\u0103 audio personalizat\u0103 pentru orice aplica\u021bie.<\/p>\n<p>\u00cen plus, sistemul accept\u0103 \u00eemperecherea stereo BT TWS, permi\u021b\u00e2nd utilizatorilor s\u0103 conecteze f\u0103r\u0103 fir un smartphone, un computer sau un alt cabinet Rox, oferind conectivitate wireless flexibil\u0103 \u0219i fiabil\u0103 pentru sunet stereo.<\/p>\n","protected":false},"featured_media":11976,"comment_status":"open","ping_status":"closed","template":"","meta":[],"product_brand":[],"product_cat":[178],"product_tag":[521,1360,1357,1362,1361,1358,1355,1359,1356],"class_list":{"0":"post-11973","1":"product","2":"type-product","3":"status-publish","4":"has-post-thumbnail","6":"product_cat-boxe-systeme-audio","7":"product_tag-boxa-activa","8":"product_tag-boxa-activa-15","9":"product_tag-boxa-activa-8-toli","10":"product_tag-boxa-activa-rx12","11":"product_tag-boxa-activa-rx15","12":"product_tag-boxa-bluetooth","13":"product_tag-lynx-audio-pro","14":"product_tag-lynx-audio-rx10","15":"product_tag-lynx-audio-rx8","17":"first","18":"instock","19":"purchasable","20":"product-type-simple"},"jetpack_sharing_enabled":true,"_links":{"self":[{"href":"https:\/\/quintett.eu\/index.php?rest_route=\/wp\/v2\/product\/11973","targetHints":{"allow":["GET"]}}],"collection":[{"href":"https:\/\/quintett.eu\/index.php?rest_route=\/wp\/v2\/product"}],"about":[{"href":"https:\/\/quintett.eu\/index.php?rest_route=\/wp\/v2\/types\/product"}],"replies":[{"embeddable":true,"href":"https:\/\/quintett.eu\/index.php?rest_route=%2Fwp%2Fv2%2Fcomments&post=11973"}],"wp:featuredmedia":[{"embeddable":true,"href":"https:\/\/quintett.eu\/index.php?rest_route=\/wp\/v2\/media\/11976"}],"wp:attachment":[{"href":"https:\/\/quintett.eu\/index.php?rest_route=%2Fwp%2Fv2%2Fmedia&parent=11973"}],"wp:term":[{"taxonomy":"product_brand","embeddable":true,"href":"https:\/\/quintett.eu\/index.php?rest_route=%2Fwp%2Fv2%2Fproduct_brand&post=11973"},{"taxonomy":"product_cat","embeddable":true,"href":"https:\/\/quintett.eu\/index.php?rest_route=%2Fwp%2Fv2%2Fproduct_cat&post=11973"},{"taxonomy":"product_tag","embeddable":true,"href":"https:\/\/quintett.eu\/index.php?rest_route=%2Fwp%2Fv2%2Fproduct_tag&post=11973"}],"curies":[{"name":"wp","href":"https:\/\/api.w.org\/{rel}","templated":true}]}}