{"id":11993,"date":"2025-03-05T17:44:40","date_gmt":"2025-03-05T15:44:40","guid":{"rendered":"https:\/\/quintett.eu\/?post_type=product&#038;p=11993"},"modified":"2025-03-05T17:52:55","modified_gmt":"2025-03-05T15:52:55","slug":"lynx-audio-pro-laia218s","status":"publish","type":"product","link":"https:\/\/quintett.eu\/?product=lynx-audio-pro-laia218s","title":{"rendered":"Lynx Audio Pro &#8211; LAIA218S"},"content":{"rendered":"<p>LAIA 218S &#8211; SPECIFICATII:<\/p>\n<p>Componente<br \/>\nHF: 2 x 18\u201d, bobin\u0103 de 4\u201d.<br \/>\nGama de frecvente<br \/>\n30 Hz \u2013 120 Hz (-10 dB)<br \/>\nRaspuns in frecventa<br \/>\n35 Hz \u2013 100 Hz (\u00b1 3dB)<br \/>\nSPL maxim<br \/>\n136 dB \/ 142 dB V\u00e2rf<br \/>\nAcoperire &#8211; Omnidirec\u021bional<br \/>\nPutere<br \/>\n4000 W Clasa D cu surs\u0103 de alimentare comutat\u0103 \u0219i PFC, 2 x 2000 W<br \/>\nProcesare DSP<br \/>\n96 KHz \/ 64 de bi\u021bi dubl\u0103 precizie<br \/>\nConexiuni de control<br \/>\nUSB (actualizare DSP) \/ Ethernet (OCS)<br \/>\nIntrare &#8211; Analogic<br \/>\nAlimentare AC<br \/>\n90 \u2013 264V. 50\/60 Hz cu PFC<br \/>\nConexiuni AC<br \/>\n16A Neutrik powerCon true1 TOP cu ie\u0219ire \u00een bucl\u0103<br \/>\nAcoperire cu poliuree, vopsea rezistent\u0103 de \u00eenalt\u0103 calitate<br \/>\nMaterial<br \/>\nPlacaj de mesteacan premium de 18 mm<br \/>\nDimensiuni :600 x 1200 x 725 mm (\u00cel x l x A)<br \/>\nGreutate : 98 Kg<\/p>\n","protected":false},"excerpt":{"rendered":"<p>LYNX AUDIO PRO  |  Subwoofer activ 2 x 18&#8243;<\/p>\n<p>LAIA-218S este un subwoofer de \u00eenalt\u0103 performan\u021b\u0103 care ofer\u0103 o solu\u021bie ideal\u0103 pentru o mare varietate de aplica\u021bii, at\u00e2t \u00een \u200b\u200binterior, c\u00e2t \u0219i \u00een exterior, complet\u00e2nd perfect sistemele LINE ARRAY din seria sa.<\/p>\n<p>LAIA-218S este un subwoofer activ cu un total de 4000 W \u00een clasa D, surs\u0103 de alimentare \u00een comuta\u021bie universal\u0103 \u0219i un sistem PFC pentru o mai bun\u0103 optimizare a tensiunii \u0219i curentului de intrare \u0219i a unui consum mai mic. Echipat cu un DSP puternic de 64 de bi\u021bi\/96 KHz de genera\u021bie urm\u0103toare, proiectat \u0219i fabricat de Lynx Pro Audio, ofer\u0103 cele mai recente progrese \u00een procesarea digital\u0103. Cele mai recente convertoare AD\/DA pe 32 de bi\u021bi\/96 KHZ fac din sistem una dintre cele mai avansate \u0219i inovatoare carcase acustice de pe pia\u021b\u0103, rezult\u00e2nd o calitate superioar\u0103 a sunetului.<\/p>\n<p>\u00cen plus, sistemele din seria LAIA pot fi controlate de la distan\u021b\u0103 folosind platforma de control OCS, oferind utilizatorului posibilitatea de a controla sistemele f\u0103r\u0103 a fi nevoie de procesoare externe.<\/p>\n","protected":false},"featured_media":11995,"comment_status":"open","ping_status":"closed","template":"","meta":[],"product_brand":[],"product_cat":[178],"product_tag":[1345,1349,354,138,445,1370,1368,139,1337,1377,407,1369,1315,1376,1350,1347,1338,55,1346,1348,1378],"class_list":{"0":"post-11993","1":"product","2":"type-product","3":"status-publish","4":"has-post-thumbnail","6":"product_cat-boxe-systeme-audio","7":"product_tag-bass-cardio","8":"product_tag-bsx","9":"product_tag-cardioid","10":"product_tag-ella","11":"product_tag-ella-6","12":"product_tag-instalatii-profesionale","13":"product_tag-instalatii-stadion","14":"product_tag-line-array","15":"product_tag-line-array-sistem","16":"product_tag-lynx-audio-laia-218s","17":"product_tag-sistem-sunet","18":"product_tag-sonorizare-stadion","19":"product_tag-subwoofer","20":"product_tag-subwoofer-activ","21":"product_tag-tw-audio-bsx","22":"product_tag-tw-audio-vera","23":"product_tag-tw-audio-vera36","24":"product_tag-tw-audio","25":"product_tag-vera-s32","26":"product_tag-vera-s33","27":"product_tag-woofer-2x18","29":"first","30":"instock","31":"sold-individually","32":"purchasable","33":"product-type-simple"},"jetpack_sharing_enabled":true,"_links":{"self":[{"href":"https:\/\/quintett.eu\/index.php?rest_route=\/wp\/v2\/product\/11993","targetHints":{"allow":["GET"]}}],"collection":[{"href":"https:\/\/quintett.eu\/index.php?rest_route=\/wp\/v2\/product"}],"about":[{"href":"https:\/\/quintett.eu\/index.php?rest_route=\/wp\/v2\/types\/product"}],"replies":[{"embeddable":true,"href":"https:\/\/quintett.eu\/index.php?rest_route=%2Fwp%2Fv2%2Fcomments&post=11993"}],"wp:featuredmedia":[{"embeddable":true,"href":"https:\/\/quintett.eu\/index.php?rest_route=\/wp\/v2\/media\/11995"}],"wp:attachment":[{"href":"https:\/\/quintett.eu\/index.php?rest_route=%2Fwp%2Fv2%2Fmedia&parent=11993"}],"wp:term":[{"taxonomy":"product_brand","embeddable":true,"href":"https:\/\/quintett.eu\/index.php?rest_route=%2Fwp%2Fv2%2Fproduct_brand&post=11993"},{"taxonomy":"product_cat","embeddable":true,"href":"https:\/\/quintett.eu\/index.php?rest_route=%2Fwp%2Fv2%2Fproduct_cat&post=11993"},{"taxonomy":"product_tag","embeddable":true,"href":"https:\/\/quintett.eu\/index.php?rest_route=%2Fwp%2Fv2%2Fproduct_tag&post=11993"}],"curies":[{"name":"wp","href":"https:\/\/api.w.org\/{rel}","templated":true}]}}