{"id":12029,"date":"2025-03-06T12:01:39","date_gmt":"2025-03-06T10:01:39","guid":{"rendered":"https:\/\/quintett.eu\/?post_type=product&#038;p=12029"},"modified":"2025-07-04T10:41:17","modified_gmt":"2025-07-04T08:41:17","slug":"mac-mah-as-pro-12","status":"publish","type":"product","link":"https:\/\/quintett.eu\/?product=mac-mah-as-pro-12","title":{"rendered":"Mac Mah AS PRO 12"},"content":{"rendered":"<p>Caracteristici:<br \/>\nMac Mah AS PRO 12<br \/>\nDifuzor PA activ,<br \/>\nSistem Bass Reflex,<br \/>\nMixer integrat cu 2 canale cu control independent de volum DSP, rezolu\u021bie de 24 de bi\u021bi \/ e\u0219antionare 96 kHz,<br \/>\nTip de amplificator: LF Clasa D + HF Clasa AB,<br \/>\nPutere RMS: LF 650 W + HF 150 W,<br \/>\nPutere de v\u00e2rf: LF 1300 W + HF 300 W THD: \u2264 0,1% SPL max. : 126 dB Difuzor: \u220512&#8243; (305 mm) Tweeter: \u22051,75&#8243; (44 mm) titan Crossover: 2 kHz,<br \/>\nRaspuns in frecventa: 35 Hz &#8211; 20 kHz<br \/>\nDispersie: H 90\u00b0 x V 60\u00b0<br \/>\nConectivitate Bluetooth 5.0:<br \/>\nTehnologia TWS de streaming audio:<br \/>\n\u00cemperecherea a 2 difuzoare pentru streaming<br \/>\nConexiuni:<br \/>\nIntr\u0103ri micro\/linie: 2x XLR combo\/Jack \u22056,35 mm Intrare auxiliar\u0103: mini-Jack TRS \u22053,5 mm<br \/>\nIe\u0219ire Ch1 \/ Ch2 \/ Mix: XLR<br \/>\nPan coup pentru utilizare \u00een returul de etap\u0103<br \/>\nMaterial: plastic turnat Baza \u220535 mm Puncte de prindere pentru suspensie<br \/>\nProtec\u021bii: supra\u00eenc\u0103lzire \/ -sarcin\u0103, supra \/ subtensiune, protec\u021bie DC, aprindere progresiv\u0103 Alimentare: re\u021bea 220-230 V \/ 60 Hz Siguran\u021b\u0103 cu \u00eent\u00e2rziere: T 5 A \/ 250 V<br \/>\nDimensiuni: 670 x 435 x 425 mm<\/p>\n","protected":false},"excerpt":{"rendered":"<p>Mac Mah AS Pro 12 este o boxxa activa bi-amplificata, ideala pentru evenimente care necesit\u0103 un sunet puternic \u0219i clar. Cu wooferul de 12 inchi, DSP integrat \u0219i modulul Bluetooth, ofer\u0103 o conectivitate larg\u0103 \u0219i o mare flexibilitate de utilizare. Mixerul cu 2 canale \u0219i protec\u021biile multiple \u00eel fac un instrument de \u00eencredere \u0219i eficient pentru toate aplica\u021biile dvs. de sunet.<\/p>\n","protected":false},"featured_media":12031,"comment_status":"open","ping_status":"closed","template":"","meta":[],"product_brand":[],"product_cat":[495],"product_tag":[523,522,521,1358,513,152],"class_list":{"0":"post-12029","1":"product","2":"type-product","3":"status-publish","4":"has-post-thumbnail","6":"product_cat-msc-sonorizare-si-profesional-audio-2","7":"product_tag-boxa-12","8":"product_tag-boxa-15","9":"product_tag-boxa-activa","10":"product_tag-boxa-bluetooth","11":"product_tag-mac-mah","12":"product_tag-monitor-activ","14":"first","15":"instock","16":"purchasable","17":"product-type-simple"},"jetpack_sharing_enabled":true,"_links":{"self":[{"href":"https:\/\/quintett.eu\/index.php?rest_route=\/wp\/v2\/product\/12029","targetHints":{"allow":["GET"]}}],"collection":[{"href":"https:\/\/quintett.eu\/index.php?rest_route=\/wp\/v2\/product"}],"about":[{"href":"https:\/\/quintett.eu\/index.php?rest_route=\/wp\/v2\/types\/product"}],"replies":[{"embeddable":true,"href":"https:\/\/quintett.eu\/index.php?rest_route=%2Fwp%2Fv2%2Fcomments&post=12029"}],"wp:featuredmedia":[{"embeddable":true,"href":"https:\/\/quintett.eu\/index.php?rest_route=\/wp\/v2\/media\/12031"}],"wp:attachment":[{"href":"https:\/\/quintett.eu\/index.php?rest_route=%2Fwp%2Fv2%2Fmedia&parent=12029"}],"wp:term":[{"taxonomy":"product_brand","embeddable":true,"href":"https:\/\/quintett.eu\/index.php?rest_route=%2Fwp%2Fv2%2Fproduct_brand&post=12029"},{"taxonomy":"product_cat","embeddable":true,"href":"https:\/\/quintett.eu\/index.php?rest_route=%2Fwp%2Fv2%2Fproduct_cat&post=12029"},{"taxonomy":"product_tag","embeddable":true,"href":"https:\/\/quintett.eu\/index.php?rest_route=%2Fwp%2Fv2%2Fproduct_tag&post=12029"}],"curies":[{"name":"wp","href":"https:\/\/api.w.org\/{rel}","templated":true}]}}