{"id":12082,"date":"2025-03-11T18:44:49","date_gmt":"2025-03-11T16:44:49","guid":{"rendered":"https:\/\/quintett.eu\/?post_type=product&#038;p=12082"},"modified":"2025-03-11T19:03:48","modified_gmt":"2025-03-11T17:03:48","slug":"flash-led-par-slim-p710-25","status":"publish","type":"product","link":"https:\/\/quintett.eu\/?product=flash-led-par-slim-p710-25","title":{"rendered":"Flash BLINDER LED 16X30W 4in1 COB 16 SECTIONS Mk2"},"content":{"rendered":"<p>Flash BLINDER LED 16X30W<\/p>\n<p>    &#8212;&#8211; TECHNICAL DATA &#8212;&#8211;<br \/>\nPower consumption \t500W<br \/>\nPower supply voltage \t100 &#8211; 245V<br \/>\nVoltage frequency \t50\/60Hz<br \/>\nDiode type \tCOB<br \/>\nNumber of diodes \t16<br \/>\nDiode power \t30W<br \/>\nDisplay \tColor LCD<br \/>\n&#8212;&#8212;&#8211; UTILITY DATA &#8212;&#8212;&#8211;<br \/>\nColor \tRGBW<br \/>\nLuminous flux \t16 960lm<br \/>\nZOOM \tNo<br \/>\nBeam angle (min) \t50\u00b0<br \/>\nBeam angle (max) \t50\u00b0<br \/>\nDimming \tLinear: 0 &#8211; 100%<br \/>\nFROST filter \tNo<br \/>\nFOCUS \tNo<br \/>\nNumber of DMX channels \t30 modes<br \/>\nDMX standard \tDMX 512<br \/>\nControl interface \t4 buttons<br \/>\nOperating modes \tDMX512, Auto, Sound-controlled, Manual color<br \/>\nFeatures \t16-bit dimming, various dimming curves, bulb simulation, 16 sections; DMX signal regeneration; Electronic protection against overheating<br \/>\n&#8212;&#8212;&#8211; INTERFACES &#8212;&#8212;&#8211;<br \/>\nAC IN \tpowerCON<br \/>\nAC OUT \tpowerCON<br \/>\nDMX IN \tXLR &#8211; 3 pin<br \/>\nDMX OUT \tXLR &#8211; 3 pin<br \/>\n&#8212;&#8211; PHYSICAL CHARACTERISTICS &#8212;&#8211;<br \/>\nIP Rating \tIP20<br \/>\nHousing made \tAluminum<br \/>\nCooling \tActive<br \/>\nHeight [cm] \t35,5<br \/>\nWidth [cm] \t35,5<br \/>\nDepth [cm] \t19<br \/>\nWeight [kg] \t8,6<\/p>\n","protected":false},"excerpt":{"rendered":"<p>Ceea mai nou\u0103 serie de produse concepute \u0219i fabricate \u00een Polonia este o garan\u021bie a calit\u0103\u021bii \u0219i fiabilit\u0103\u021bii. O serie de caracteristici moderne utilizate \u00een seria Flash Professional, combinate cu o construc\u021bie robust\u0103, design unic \u0219i versatilitate, ofer\u0103 u\u0219urin\u021ba de utilizare \u0219i cea mai \u00eenalt\u0103 calitate a efectelor de lumin\u0103 \u00een aproape toate condi\u021biile.<\/p>\n","protected":false},"featured_media":12087,"comment_status":"open","ping_status":"closed","template":"","meta":[],"product_brand":[],"product_cat":[181,42],"product_tag":[197,824,827,1387,1386,192,530,1385,190,194,195,196],"class_list":{"0":"post-12082","1":"product","2":"type-product","3":"status-publish","4":"has-post-thumbnail","6":"product_cat-lumina-moving-head-par","7":"product_cat-promotii","8":"product_tag-beam","9":"product_tag-blinder","10":"product_tag-blinder-led","11":"product_tag-cob-light","12":"product_tag-flash-led-par-slim","13":"product_tag-hybrid","14":"product_tag-led-par","15":"product_tag-led-par-7x10","16":"product_tag-moving-head","17":"product_tag-r15","18":"product_tag-spot","19":"product_tag-wash","21":"first","22":"instock","23":"purchasable","24":"product-type-simple"},"jetpack_sharing_enabled":true,"_links":{"self":[{"href":"https:\/\/quintett.eu\/index.php?rest_route=\/wp\/v2\/product\/12082","targetHints":{"allow":["GET"]}}],"collection":[{"href":"https:\/\/quintett.eu\/index.php?rest_route=\/wp\/v2\/product"}],"about":[{"href":"https:\/\/quintett.eu\/index.php?rest_route=\/wp\/v2\/types\/product"}],"replies":[{"embeddable":true,"href":"https:\/\/quintett.eu\/index.php?rest_route=%2Fwp%2Fv2%2Fcomments&post=12082"}],"wp:featuredmedia":[{"embeddable":true,"href":"https:\/\/quintett.eu\/index.php?rest_route=\/wp\/v2\/media\/12087"}],"wp:attachment":[{"href":"https:\/\/quintett.eu\/index.php?rest_route=%2Fwp%2Fv2%2Fmedia&parent=12082"}],"wp:term":[{"taxonomy":"product_brand","embeddable":true,"href":"https:\/\/quintett.eu\/index.php?rest_route=%2Fwp%2Fv2%2Fproduct_brand&post=12082"},{"taxonomy":"product_cat","embeddable":true,"href":"https:\/\/quintett.eu\/index.php?rest_route=%2Fwp%2Fv2%2Fproduct_cat&post=12082"},{"taxonomy":"product_tag","embeddable":true,"href":"https:\/\/quintett.eu\/index.php?rest_route=%2Fwp%2Fv2%2Fproduct_tag&post=12082"}],"curies":[{"name":"wp","href":"https:\/\/api.w.org\/{rel}","templated":true}]}}