{"id":12089,"date":"2025-03-11T19:04:44","date_gmt":"2025-03-11T17:04:44","guid":{"rendered":"https:\/\/quintett.eu\/?post_type=product&#038;p=12089"},"modified":"2025-03-11T19:06:56","modified_gmt":"2025-03-11T17:06:56","slug":"flash-led-par-slim-p710-25-2","status":"publish","type":"product","link":"https:\/\/quintett.eu\/?product=flash-led-par-slim-p710-25-2","title":{"rendered":"Flash LED PAR SLIM P710 25\u00b0"},"content":{"rendered":"<p>Flash LED PAR SLIM P710 25\u00b0 F-WDMX<\/p>\n<p>    Consum de lumina: 70W<br \/>\n    Consum de alimentare: 100 &#8211; 245V<br \/>\n    Frecven\u021ba tensiunii: 50\/60Hz<br \/>\n    Siguran\u021b\u0103: F5AL<br \/>\n    Tip diod\u0103: 4 \u00een 1<br \/>\n    Puterea diodei: 10W<br \/>\n    Afi\u015faj: LCD color<br \/>\n    Num\u0103rul de diode: 7<br \/>\n    Culoare: RGBW<br \/>\n    Flux luminos: 5 089 lm<br \/>\n    Indicele de redare a culorii (CRI): 87<br \/>\n    Unghiul fasciculului (min): 25\u00b0<br \/>\n    Unghiul fasciculului (max): 25\u00b0<br \/>\n    Dimming: Linear: 0 &#8211; 100%<br \/>\n    Frecven\u021ba bli\u021bului (min): 1 Hz<br \/>\n    Frecven\u021ba bli\u021bului (max.): 20 Hz<br \/>\n    Num\u0103rul de canale DMX: 9 moduri DMX diferite (3-8 canale)<br \/>\n    Standard DMX: DMX 512<br \/>\n    Interfa\u021b\u0103 de control: 4 butoane<br \/>\n    Moduri de operare: DMX512, manual, automat, controlat prin sunet, master\/slave<br \/>\n    Telecomand\u0103 cu infraro\u0219u, control al luminozit\u0103\u021bii pe 16 bi\u021bi, control fluid al luminozit\u0103\u021bii (curba caracteristic\u0103 de control selectabil\u0103), simulare bec (r\u0103spuns \u00eent\u00e2rziat la modificarea luminozit\u0103\u021bii) regenerare semnal DMX.<br \/>\n    Intrare\/iesire: DMX 3-pin IN\/OUT<br \/>\n    Alimentare: PowerCon IN\/OUT<br \/>\n    Protec\u021bie: IP20<br \/>\n    Carcasa: ABS<br \/>\n    R\u0103cire: activ<br \/>\n    \u00cen\u0103l\u021bime [cm]: 27 &#8211; (cu ambalaj 32 cm)<br \/>\n    L\u0103\u021bime [cm]: 26 &#8211; (cu ambalaj 30cm)<br \/>\n    Ad\u00e2ncime [cm]: 11 &#8211; (cu ambalaj 15cm)<br \/>\n    Greutate [kg]: 1,3<br \/>\n    Greutate cu ambalaj [kg]: 2,6<\/p>\n","protected":false},"excerpt":{"rendered":"<p>Flash LED PAR SLIM P710 25\u00b0 led-par de mare putere ce face parte noua serie profesionala de la Flash. Produsa in Polonia, acesta serie vine cu un design nou si unic, dar in acelasi timp oferind si o calitate foarte buna. <\/p>\n","protected":false},"featured_media":12083,"comment_status":"open","ping_status":"closed","template":"","meta":[],"product_brand":[],"product_cat":[181,42],"product_tag":[197,1386,192,530,1385,190,194,195,196],"class_list":{"0":"post-12089","1":"product","2":"type-product","3":"status-publish","4":"has-post-thumbnail","6":"product_cat-lumina-moving-head-par","7":"product_cat-promotii","8":"product_tag-beam","9":"product_tag-flash-led-par-slim","10":"product_tag-hybrid","11":"product_tag-led-par","12":"product_tag-led-par-7x10","13":"product_tag-moving-head","14":"product_tag-r15","15":"product_tag-spot","16":"product_tag-wash","18":"first","19":"instock","20":"purchasable","21":"product-type-simple"},"jetpack_sharing_enabled":true,"_links":{"self":[{"href":"https:\/\/quintett.eu\/index.php?rest_route=\/wp\/v2\/product\/12089","targetHints":{"allow":["GET"]}}],"collection":[{"href":"https:\/\/quintett.eu\/index.php?rest_route=\/wp\/v2\/product"}],"about":[{"href":"https:\/\/quintett.eu\/index.php?rest_route=\/wp\/v2\/types\/product"}],"replies":[{"embeddable":true,"href":"https:\/\/quintett.eu\/index.php?rest_route=%2Fwp%2Fv2%2Fcomments&post=12089"}],"wp:featuredmedia":[{"embeddable":true,"href":"https:\/\/quintett.eu\/index.php?rest_route=\/wp\/v2\/media\/12083"}],"wp:attachment":[{"href":"https:\/\/quintett.eu\/index.php?rest_route=%2Fwp%2Fv2%2Fmedia&parent=12089"}],"wp:term":[{"taxonomy":"product_brand","embeddable":true,"href":"https:\/\/quintett.eu\/index.php?rest_route=%2Fwp%2Fv2%2Fproduct_brand&post=12089"},{"taxonomy":"product_cat","embeddable":true,"href":"https:\/\/quintett.eu\/index.php?rest_route=%2Fwp%2Fv2%2Fproduct_cat&post=12089"},{"taxonomy":"product_tag","embeddable":true,"href":"https:\/\/quintett.eu\/index.php?rest_route=%2Fwp%2Fv2%2Fproduct_tag&post=12089"}],"curies":[{"name":"wp","href":"https:\/\/api.w.org\/{rel}","templated":true}]}}