{"id":12164,"date":"2025-03-12T10:42:53","date_gmt":"2025-03-12T08:42:53","guid":{"rendered":"https:\/\/quintett.eu\/?post_type=product&#038;p=12164"},"modified":"2025-06-27T09:55:30","modified_gmt":"2025-06-27T07:55:30","slug":"evolite-moving-beam-7r-mkii-set","status":"publish","type":"product","link":"https:\/\/quintett.eu\/?product=evolite-moving-beam-7r-mkii-set","title":{"rendered":"Evolite &#8211; MOVING BEAM 7R MKII SET"},"content":{"rendered":"<p>Specifica\u021bii :<br \/>\n&#8211; Tub fascicul binaural cu tub<br \/>\n&#8211; Lampa cu arc scurt Osram 230W 230W<br \/>\n&#8211; Rotire PAN 360\u00b0\/540\u00b0\/630\u00b0 \u0219i TILT 90\u00b0\/180\u00b0\/270\u00b0 rota\u021bie<br \/>\n&#8211; Moduri de control: cablu DMX, W-DMX (Wireless Solution), automat, automat cu detectie sunet.<br \/>\n&#8211; Echipat cu un receptor DMX Wireless Wireless Solution<br \/>\n&#8211; 2 moduri DMX: 14 sau 16 canale<br \/>\n&#8211; Focus motorizat<br \/>\n&#8211; Unghiul fasciculului: 2,5\u00b0.<br \/>\n&#8211; Optic\u0103 anti-reflexie ultra-clar\u0103 de 136 mm<br \/>\n&#8211; Moduri automate foarte dinamice \u0219i variate<br \/>\n&#8211; Moduri totem (180\u00b0)<br \/>\n&#8211; Roat\u0103 cu 11 culori &#8211; Roat\u0103 cu 16 gobo-uri metalice fixe<br \/>\n&#8211; Prism\u0103 16 \u0219i 24 de fa\u021bete rotative<br \/>\n&#8211; Ecran color TFT de 2,4&#8243;&#8220;.<br \/>\n&#8211; Max. flux luminos: 164 230 lx @ 10m<br \/>\n&#8211; Vine cu suporturi de montare omega<br \/>\n&#8211; Racire prin ventilatie fortata, termoreglata<br \/>\n&#8211; Consum de energie: 270W max<br \/>\n&#8211; Dimensiuni aparat: 307 x 224 x 435 mm<br \/>\n&#8211; Dimensiuni cutie: 445 x 275 x 525 mm<br \/>\n&#8211; Greutate de livrare 12,8 kg<\/p>\n","protected":false},"excerpt":{"rendered":"<p>Evolite Moving Beam 7R MKII este un cap mobil profesional, echipat cu o lamp\u0103 cu arc scurt Osram de 230 W, cu zoom motorizat, o roat\u0103 de 16 Gobo, o roat\u0103 de 11 culori, o prism\u0103 rotativ\u0103 cu 16 \u0219i 24 de fa\u021bete, un motor pas cu pas \u0219i un receptor W-DMX Wireless!!! Un flux luminos impresionant, la un pret foarte accesibil!<\/p>\n","protected":false},"featured_media":12165,"comment_status":"open","ping_status":"closed","template":"","meta":[],"product_brand":[],"product_cat":[493,42],"product_tag":[504,506,498,501,190,505],"class_list":{"0":"post-12164","1":"product","2":"type-product","3":"status-publish","4":"has-post-thumbnail","6":"product_cat-msc","7":"product_cat-promotii","8":"product_tag-7r","9":"product_tag-beam-7r","10":"product_tag-evolite","11":"product_tag-lumini-inteligente","12":"product_tag-moving-head","13":"product_tag-moving-head-7r","15":"first","16":"instock","17":"sale","18":"purchasable","19":"product-type-simple"},"jetpack_sharing_enabled":true,"_links":{"self":[{"href":"https:\/\/quintett.eu\/index.php?rest_route=\/wp\/v2\/product\/12164","targetHints":{"allow":["GET"]}}],"collection":[{"href":"https:\/\/quintett.eu\/index.php?rest_route=\/wp\/v2\/product"}],"about":[{"href":"https:\/\/quintett.eu\/index.php?rest_route=\/wp\/v2\/types\/product"}],"replies":[{"embeddable":true,"href":"https:\/\/quintett.eu\/index.php?rest_route=%2Fwp%2Fv2%2Fcomments&post=12164"}],"wp:featuredmedia":[{"embeddable":true,"href":"https:\/\/quintett.eu\/index.php?rest_route=\/wp\/v2\/media\/12165"}],"wp:attachment":[{"href":"https:\/\/quintett.eu\/index.php?rest_route=%2Fwp%2Fv2%2Fmedia&parent=12164"}],"wp:term":[{"taxonomy":"product_brand","embeddable":true,"href":"https:\/\/quintett.eu\/index.php?rest_route=%2Fwp%2Fv2%2Fproduct_brand&post=12164"},{"taxonomy":"product_cat","embeddable":true,"href":"https:\/\/quintett.eu\/index.php?rest_route=%2Fwp%2Fv2%2Fproduct_cat&post=12164"},{"taxonomy":"product_tag","embeddable":true,"href":"https:\/\/quintett.eu\/index.php?rest_route=%2Fwp%2Fv2%2Fproduct_tag&post=12164"}],"curies":[{"name":"wp","href":"https:\/\/api.w.org\/{rel}","templated":true}]}}