{"id":12169,"date":"2025-03-12T12:19:39","date_gmt":"2025-03-12T10:19:39","guid":{"rendered":"https:\/\/quintett.eu\/?post_type=product&#038;p=12169"},"modified":"2025-03-28T10:38:01","modified_gmt":"2025-03-28T08:38:01","slug":"evolite-moving-beam-15r-set","status":"publish","type":"product","link":"https:\/\/quintett.eu\/?product=evolite-moving-beam-15r-set","title":{"rendered":"Evolite &#8211; MOVING BEAM 15R SET"},"content":{"rendered":"<p>Specifica\u021bii :<br \/>\nPereche de moving Head &#8211; Beam<br \/>\nFiecare echipat cu o lamp\u0103 15R,<br \/>\nIdeal pentru concerte live sau cluburi.<br \/>\nSet livrat \u00eentr-o cutie profesional\u0103.<br \/>\nEvolite Moving Beam 15R<br \/>\nPereche &#8211; 2 bucati<br \/>\nLamp\u0103 cu fascicul Ushio NSL 301 lamp\u0103 de 300 W (2000 h)<br \/>\nTemperatura de culoare: 7300 K Clar: 19000<br \/>\nLM Flux luminos: 375000 lux @ 10 m<br \/>\nOptic\u0103 antireflex ultra-clar\u0103 cu diametrul de 180 mm<br \/>\nUnghiul fasciculului: 1,8\u00b0<br \/>\nRota\u021bii PAN 540\u00b0 \u0219i TILT 270\u00b0<br \/>\nRoata de 14 culori + deschis cu filtre dicroice CTO, CTB, C, M, Y<br \/>\nRoat\u0103 de 11 gobo-uri fixe cu anima\u021bii 8 \u0219i 24 de prisme cu fa\u021bete rotative<br \/>\nFiltru Frost<br \/>\nFocalizare motorizat\u0103 Stroboscop 0,5 12 Hz<br \/>\nModuri de control: DMX, RDM<br \/>\nCRI 80 cu culori str\u0103lucitoare \u0219i saturate<br \/>\nCanale DMX: 14 \/ 16<br \/>\nEcran TFT de 1,77 inchi<br \/>\nC\u00e2rlige \u00eencorporate<br \/>\nConsum de energie: 400 W<br \/>\nAlimentare: 100-240 VAC<br \/>\nGreutate: 15,5 kg<br \/>\nLivrare : 2 bucati \u00een flight case<\/p>\n","protected":false},"excerpt":{"rendered":"<p>Evolite Moving Beam 15R. Pereche de capete mobile Beam profesionale, echipate cu focalizare motorizat\u0103, o roat\u0103 cu 11 gobo, o roat\u0103 cu 14 culori, o prism\u0103 cu 8 fa\u021bete \u0219i o prism\u0103 tripl\u0103 rotativ\u0103 cu 24 de fa\u021bete. Kit livrat in flight case, gata de utilizare.<\/p>\n","protected":false},"featured_media":12170,"comment_status":"open","ping_status":"closed","template":"","meta":[],"product_brand":[],"product_cat":[768,493],"product_tag":[602,504,506,498,501,190,505],"class_list":{"0":"post-12169","1":"product","2":"type-product","3":"status-publish","4":"has-post-thumbnail","6":"product_cat-20-years","7":"product_cat-msc","8":"product_tag-15r","9":"product_tag-7r","10":"product_tag-beam-7r","11":"product_tag-evolite","12":"product_tag-lumini-inteligente","13":"product_tag-moving-head","14":"product_tag-moving-head-7r","16":"first","17":"instock","18":"purchasable","19":"product-type-simple"},"jetpack_sharing_enabled":true,"_links":{"self":[{"href":"https:\/\/quintett.eu\/index.php?rest_route=\/wp\/v2\/product\/12169","targetHints":{"allow":["GET"]}}],"collection":[{"href":"https:\/\/quintett.eu\/index.php?rest_route=\/wp\/v2\/product"}],"about":[{"href":"https:\/\/quintett.eu\/index.php?rest_route=\/wp\/v2\/types\/product"}],"replies":[{"embeddable":true,"href":"https:\/\/quintett.eu\/index.php?rest_route=%2Fwp%2Fv2%2Fcomments&post=12169"}],"wp:featuredmedia":[{"embeddable":true,"href":"https:\/\/quintett.eu\/index.php?rest_route=\/wp\/v2\/media\/12170"}],"wp:attachment":[{"href":"https:\/\/quintett.eu\/index.php?rest_route=%2Fwp%2Fv2%2Fmedia&parent=12169"}],"wp:term":[{"taxonomy":"product_brand","embeddable":true,"href":"https:\/\/quintett.eu\/index.php?rest_route=%2Fwp%2Fv2%2Fproduct_brand&post=12169"},{"taxonomy":"product_cat","embeddable":true,"href":"https:\/\/quintett.eu\/index.php?rest_route=%2Fwp%2Fv2%2Fproduct_cat&post=12169"},{"taxonomy":"product_tag","embeddable":true,"href":"https:\/\/quintett.eu\/index.php?rest_route=%2Fwp%2Fv2%2Fproduct_tag&post=12169"}],"curies":[{"name":"wp","href":"https:\/\/api.w.org\/{rel}","templated":true}]}}