{"id":1219,"date":"2020-11-14T14:44:53","date_gmt":"2020-11-14T12:44:53","guid":{"rendered":"https:\/\/quintett.eu\/?post_type=product&#038;p=1219"},"modified":"2024-09-02T15:33:32","modified_gmt":"2024-09-02T13:33:32","slug":"sysrack-x4-dante-copiaza","status":"publish","type":"product","link":"https:\/\/quintett.eu\/?product=sysrack-x4-dante-copiaza","title":{"rendered":"Bose ShowMatch X8 Tour Rack incl. 2 Powersoft X8 Amplifiers"},"content":{"rendered":"<p>Specificatii tehnice:<\/p>\n<p>    8 canale de ie\u0219ire mono cu posibilitate de punte pe pereche de canale \/Analogic (8x XLR)\/ AES3 8 (4x XLR)\/ Dante&#x2122;* 16 (2x RJ45)\/ * Numai versiunea DANTE<br \/>\n    Putere de ie\u0219ire pe canal 5200 W @ 2\u03a9\/ 3000 W @ 4\u03a9\/ 1600 W @ 8\u03a9<br \/>\n    Mod punte 10400 W @ 4\u03a9\/ 6000 W @ 8\u03a9<br \/>\n    Tensiune maxim\u0103 de ie\u0219ire f\u0103r\u0103 decuplare @8 \u03a9 175 V v\u00e2rf\/ Curent 130A varf<br \/>\n    Sursa de alimentare Mod de comutare universal, reglementat, cu PFC (Power Factor Correction)<br \/>\n    Putere nominal\u0103 necesar\u0103 100 &#8211; 240V @ 50\/60Hz<br \/>\n    Tensiune de func\u021bionare 90V &#8211; 264V<br \/>\n    Consumul de energie: \u00cen gol < 200W\/ Max < 5000 W\n    Interval temperatur\u0103 de func\u021bionare 0\u00b0 - 45\u00b0C - 32\u00b0 - 113\u00b0F\n    Disipare termic\u0103*\n    1\/8 din puterea maxim\u0103 de ie\u0219ire la 8\u03a9 115 V: 2117 BTU\/h 230 V: 1946 BTU\/h\n    1\/4 din puterea maxim\u0103 de ie\u0219ire @ 8\u03a9 115 V: 3892 BTU\/h 230 V: 2875 BTU\/h\n    Dimensiuni 483 mm x 89 mm x 495 mm (19,0 in x 3,5 in x 19,5 in)\/ Greutate 24 kg (52,9 lb)\n\n<\/p>\n","protected":false},"excerpt":{"rendered":"<p>Powerersoft X8 inoveaz\u0103 \u0219i dezvolt\u0103 conceptul de platform\u0103 de amplificare datorit\u0103 integr\u0103rii unei surse de alimentare trifazate compatibile la nivel mondial \u0219i a unui DSP complet dotat.<\/p>\n<p>Sistemul complet de gestionare a semnalului audio digital bazat pe procesorul ARM Cortex A-8 \u0219i platforma TI C6000 DSP anun\u021b\u0103 un nivel nou \u0219i inovator de procesare a semnalului<\/p>\n<p>    rutare \u0219i mixare non-boolean\u0103<br \/>\n    egalizare \u00een mai multe etape cu cosinus ridicat<br \/>\n    filtre IIR \u0219i FIR<br \/>\n    \u00eent\u00e2rzia\u021bi p\u00e2n\u0103 la 2 secunde \u00een procesarea intr\u0103rii \u0219i 100 ms pentru alinierea timpului<br \/>\n    ajustarea gainului \u0219i polarit\u0103\u021bii<br \/>\n    limitatoare de v\u00e2rf<br \/>\n    limitatoarele TruePower &#x2122; \u0219i Active DampingControl &#x2122;<\/p>\n<p>Sursa de alimentare permite acceptarea \u00een \u00eentreaga lume a CA \u0219i conectarea direct\u0103 la orice configura\u021bie regional\u0103 de linie de alimentare. Acum este potrivit\u0103 pentru func\u021bionarea monofazat\u0103, bifazat\u0103 sau trifazat\u0103 de la 85 VAC p\u00e2n\u0103 la 440 VAC f\u0103r\u0103 a fi necesar\u0103 selectarea manual\u0103. Echilibrarea sarcinii trifazice adev\u0103rate este realizabil\u0103 direct de c\u0103tre unitate. F\u0103r\u0103 nicio atribuire complex\u0103 a sarcinii \u00een proiectarea sistemului de distribu\u021bie a energiei.<\/p>\n<p>Serviciile MyPowersoft sunt disponibile pentru acest produs.<\/p>\n<p>Caracteristici ale amplificatorului de putere Powersoft X8:<\/p>\n<p>    Rutare \/ mixare flexibil\u0103 asigurat\u0103 de matricea intern\u0103 de intrare \/ ie\u0219ire 8\u00d78, permite utilizatorului s\u0103 mixeze \u0219i s\u0103 direc\u021bioneze<br \/>\n    8 canale de intrare cu conectori fizici analogici \u0219i digitali AES3 \u0219i conexiune Dante &#x2122; redundant\u0103 op\u021bional\u0103 de 16 intr\u0103ri \/ 8 ie\u0219iri<br \/>\n    Fiabilitate \u00eembun\u0103t\u0103\u021bit\u0103 datorit\u0103 politicii personalizate de backup de intrare care comut\u0103 automat sursa de intrare \u00een cazul unei defec\u021biuni a semnalului<br \/>\n    Interfa\u021b\u0103 complet\u0103 a utilizatorului integrat\u0103 \u00een Armon\u00c3aPlus<br \/>\n    Monitorizare la distan\u021b\u0103 WiFi prin dispozitiv mobil<\/p>\n","protected":false},"featured_media":11070,"comment_status":"open","ping_status":"closed","template":"","meta":[],"product_brand":[],"product_cat":[61,42,19],"product_tag":[74,73,1196,1199,71,1198,1197,75,1200,72],"class_list":{"0":"post-1219","1":"product","2":"type-product","3":"status-publish","4":"has-post-thumbnail","6":"product_cat-amplificatoare","7":"product_cat-promotii","8":"product_cat-tw-audio","9":"product_tag-amplificatoare","10":"product_tag-amplificator","11":"product_tag-amplificator-powersoft-x8-dante","12":"product_tag-bose","13":"product_tag-powersoft","14":"product_tag-powersoft-x8-dante","15":"product_tag-putere-powersoft-x8","16":"product_tag-sysrack","17":"product_tag-tour-rack-x8","18":"product_tag-x4","20":"first","21":"instock","22":"purchasable","23":"product-type-simple"},"jetpack_sharing_enabled":true,"_links":{"self":[{"href":"https:\/\/quintett.eu\/index.php?rest_route=\/wp\/v2\/product\/1219","targetHints":{"allow":["GET"]}}],"collection":[{"href":"https:\/\/quintett.eu\/index.php?rest_route=\/wp\/v2\/product"}],"about":[{"href":"https:\/\/quintett.eu\/index.php?rest_route=\/wp\/v2\/types\/product"}],"replies":[{"embeddable":true,"href":"https:\/\/quintett.eu\/index.php?rest_route=%2Fwp%2Fv2%2Fcomments&post=1219"}],"wp:featuredmedia":[{"embeddable":true,"href":"https:\/\/quintett.eu\/index.php?rest_route=\/wp\/v2\/media\/11070"}],"wp:attachment":[{"href":"https:\/\/quintett.eu\/index.php?rest_route=%2Fwp%2Fv2%2Fmedia&parent=1219"}],"wp:term":[{"taxonomy":"product_brand","embeddable":true,"href":"https:\/\/quintett.eu\/index.php?rest_route=%2Fwp%2Fv2%2Fproduct_brand&post=1219"},{"taxonomy":"product_cat","embeddable":true,"href":"https:\/\/quintett.eu\/index.php?rest_route=%2Fwp%2Fv2%2Fproduct_cat&post=1219"},{"taxonomy":"product_tag","embeddable":true,"href":"https:\/\/quintett.eu\/index.php?rest_route=%2Fwp%2Fv2%2Fproduct_tag&post=1219"}],"curies":[{"name":"wp","href":"https:\/\/api.w.org\/{rel}","templated":true}]}}