{"id":1238,"date":"2020-11-14T16:07:51","date_gmt":"2020-11-14T14:07:51","guid":{"rendered":"https:\/\/quintett.eu\/?post_type=product&#038;p=1238"},"modified":"2025-01-28T10:37:21","modified_gmt":"2025-01-28T08:37:21","slug":"sennheiser-ew-100-g4-ci1-b","status":"publish","type":"product","link":"https:\/\/quintett.eu\/?product=sennheiser-ew-100-g4-ci1-b","title":{"rendered":"Sennheiser EW 100 G4-CI1-B"},"content":{"rendered":"<table class=\"table-data-sheet\">\n<tbody>\n<tr class=\"odd\" bgcolor=\"#eaeaea\">\n<td colspan=\"2\"><strong>RECEPTOR EM 100 G4<\/strong><\/td>\n<\/tr>\n<tr class=\"odd\">\n<td>Modulatie<\/td>\n<td>Wideband FM<\/td>\n<\/tr>\n<tr class=\"odd\">\n<td>Interval de frecventa<\/td>\n<td>B: 626 &#8211; 668 MHz<\/td>\n<\/tr>\n<tr class=\"odd\">\n<td>Raspuns in frecventa<\/td>\n<td>Maxim 1680 frecvente, ajustabile in pasi de 25 kHz<\/td>\n<\/tr>\n<tr class=\"odd\">\n<td><\/td>\n<td>20 banci de frecventa, fiecare cu pana la 16 canale prestabilite din fabrica, fara intermodulare<\/td>\n<\/tr>\n<tr class=\"odd\">\n<td><\/td>\n<td>1 canal de frecventa cu pana la 12 canale programabile<\/td>\n<\/tr>\n<tr class=\"odd\">\n<td>Latime de banda<\/td>\n<td>pana la 42 MHz<\/td>\n<\/tr>\n<tr class=\"odd\">\n<td>Deviatie nominal\/peak<\/td>\n<td>+\/-24 kHz \/ +\/- 48 kHz<\/td>\n<\/tr>\n<tr class=\"odd\">\n<td>Principiu de operare<\/td>\n<td>Diversitate reala<\/td>\n<\/tr>\n<tr class=\"odd\">\n<td>Senzitivitate<\/td>\n<td>&lt; 2.5 \u03bcV la 52 dBA eff S\/N<\/td>\n<\/tr>\n<tr class=\"odd\">\n<td>Selectivitate canal adiacent<\/td>\n<td>\u2265 65 dB<\/td>\n<\/tr>\n<tr class=\"odd\">\n<td>Atenuare intermodulatie<\/td>\n<td>\u2265 65 dB<\/td>\n<\/tr>\n<tr class=\"odd\">\n<td>Blocare<\/td>\n<td>\u2265 70 dB<\/td>\n<\/tr>\n<tr class=\"odd\">\n<td>Compander<\/td>\n<td>Sennheiser HDX<\/td>\n<\/tr>\n<tr class=\"odd\">\n<td>Raport semnal-zgomot<\/td>\n<td>\u2265 110 dBA (1 mV, peak deviation)<\/td>\n<\/tr>\n<tr class=\"odd\">\n<td>Distorsiune<\/td>\n<td>\u2264 0.9 %<\/td>\n<\/tr>\n<tr class=\"odd\">\n<td>Iesire Audio<\/td>\n<td>Jack de 6.3 mm +12 dBu (mono, nebalansat) \/ socket XLR +18dBu balansat<\/td>\n<\/tr>\n<tr class=\"odd\">\n<td>Temperatura de operare<\/td>\n<td>Intre -10 \u00b0C si +55 \u00b0C<\/td>\n<\/tr>\n<tr class=\"odd\">\n<td>Consum de energie<\/td>\n<td>Voltaj nominal: 180 mA<\/td>\n<\/tr>\n<tr class=\"odd\">\n<td>Dimensiuni<\/td>\n<td>190 mm x 212 mm x 43 mm<\/td>\n<\/tr>\n<tr class=\"odd\">\n<td>Greutate<\/td>\n<td>980 g<\/td>\n<\/tr>\n<tr class=\"odd\" bgcolor=\"#eaeaea\">\n<td colspan=\"2\"><strong>TRANSMITATOR SK 100 G4<\/strong><\/td>\n<\/tr>\n<tr class=\"odd\">\n<td>Modulatie<\/td>\n<td>Wideband FM<\/td>\n<\/tr>\n<tr class=\"odd\">\n<td>Campul de frecvente RF<\/td>\n<td>B: 626 &#8211; 668 MHz<\/td>\n<\/tr>\n<tr class=\"odd\">\n<td>Frecventa de transmisie<\/td>\n<td>Maxim 1680 frecvente, ajustabile in pasi de 25 kHz<\/td>\n<\/tr>\n<tr class=\"odd\">\n<td><\/td>\n<td>20 banci de frecventa, fiecare cu pana la 16 canale prestabilite din fabrica, fara intermodulare<\/td>\n<\/tr>\n<tr class=\"odd\">\n<td><\/td>\n<td>1 canal de frecventa cu pana la 12 canale programabile<\/td>\n<\/tr>\n<tr class=\"odd\">\n<td>Latime de banda<\/td>\n<td>pana la 42 MHz<\/td>\n<\/tr>\n<tr class=\"odd\">\n<td>Deviatie nominal\/peak<\/td>\n<td>+\/-24 kHz \/ +\/- 48 kHz<\/td>\n<\/tr>\n<tr class=\"odd\">\n<td>Stabilitatea frecventei<\/td>\n<td>\u2264 \u00b115 ppm<\/td>\n<\/tr>\n<tr class=\"odd\">\n<td>Iesire Alimentare RF<\/td>\n<td>Maximum 30 mW la 50 Ohms<\/td>\n<\/tr>\n<tr class=\"odd\">\n<td>Pilot Tone Squelch<\/td>\n<td>Poate fi oprit<\/td>\n<\/tr>\n<tr class=\"odd\">\n<td>Compander<\/td>\n<td>Sennheiser HDX<\/td>\n<\/tr>\n<tr class=\"odd\">\n<td>Raspuns in frecventa<\/td>\n<td>Mic: De la 80 Hz la 18 kHz<\/td>\n<\/tr>\n<tr class=\"odd\">\n<td><\/td>\n<td>Line: De la 25 Hz la 18 kHz<\/td>\n<\/tr>\n<tr class=\"odd\">\n<td>Raport semnal-zgomot<\/td>\n<td>\u2265 110 dBA (1 mV, peak deviation)<\/td>\n<\/tr>\n<tr class=\"odd\">\n<td>Distorsiune<\/td>\n<td>\u2264 0.9%<\/td>\n<\/tr>\n<tr class=\"odd\">\n<td>Intrare Voltaj Maxima<\/td>\n<td>Microphone\/Line: 3 V<\/td>\n<\/tr>\n<tr class=\"odd\">\n<td>Impedanta intrari<\/td>\n<td>Microphone\/Line: 40 kOhms, nebalansat \/ 1 MOhm<\/td>\n<\/tr>\n<tr class=\"odd\">\n<td>Intrare capacicate electrica<\/td>\n<td>Comutabil<\/td>\n<\/tr>\n<tr class=\"odd\">\n<td>Gama pentru senzitivitate intrare<\/td>\n<td>60 dB, ajustabil in pasi de 3 dB<\/td>\n<\/tr>\n<tr class=\"odd\">\n<td>Temperatura de operare<\/td>\n<td>Intre -10 \u00b0C si +55 \u00b0C<\/td>\n<\/tr>\n<tr class=\"odd\">\n<td>Baterie<\/td>\n<td>2 x Baterii AA 1.5 V sau BA 2015 accupack<\/td>\n<\/tr>\n<tr class=\"odd\">\n<td>Voltaj nominal<\/td>\n<td>Baterie de 3 V \/ Baterie reincarcabila de 2.4 V<\/td>\n<\/tr>\n<tr class=\"odd\">\n<td>Consum de energie<\/td>\n<td>Voltaj nominal: 180 mA<\/td>\n<\/tr>\n<tr class=\"odd\">\n<td><\/td>\n<td>Cu transmitatorul oprit: \u2264 25 \u00b5A<\/td>\n<\/tr>\n<tr class=\"odd\">\n<td>Timp de operare<\/td>\n<td>8 ore<\/td>\n<\/tr>\n<tr class=\"odd\">\n<td>Dimensiuni<\/td>\n<td>82 mm x 64 mm x 24 mm<\/td>\n<\/tr>\n<tr class=\"odd\">\n<td>Greutate<\/td>\n<td>160 g<\/td>\n<\/tr>\n<\/tbody>\n<\/table>\n","protected":false},"excerpt":{"rendered":"<p><strong>Sennheiser EW 100 G4-Ci1<\/strong> <strong>B-band (626 &#8211; 668 MHz)<\/strong> este un sistem wireless usor de configurat, care ofera un sunet wireless de inalta calitate, fiabil pentru chitare si basisti \u200b\u200bcare canta in locuri mici si mijlocii, incluzand scene de concert, case de cult, teatre si cluburi.<\/p>\n<p>Set wireless pentru instrumente, compus din transmi\u021b\u0103tor de tip bodypack \u0219i receptor cu posibilitate de montare \u00een sistem rack, care este pe deplin compatibil cu toate seriile anterioare. Acest sistem include un receptor cu diversitate Rackmount EM 100 G4 UHF, un transmi\u021b\u0103tor de tip bodypack SK 100 G4, un cablu instrument Ci 1 cu conector de tip jack 1\/4 &#8222;, un kit de montare rack GA3 \u0219i un cablu de leg\u0103tur\u0103 RJ10. Este conceput s\u0103 ofere o performan\u021b\u0103 optim\u0103 pentru chitare \u0219i alte instrumente pentru repeti\u021bii, \u00eenregistrare, scen\u0103 \u0219i alte aplica\u021bii.<\/p>\n<p>Transmi\u021b\u0103torul \u0219i receptorul sincronizeaz\u0103 canalul \u0219i frecven\u021ba prin atingerea unui buton. Transmi\u021b\u0103torul bodypack permite s\u0103 \u00eenc\u0103rca\u021bi acumulatorul (op\u021bional), \u00een timp ce acesta r\u0103m\u00e2ne \u00een transmi\u021b\u0103tor. Un ecran LCD cu contrast ridicat permite o func\u021bionare u\u0219oar\u0103 \u00een condi\u021bii de lumin\u0103 slab\u0103, iar meniul s\u0103u u\u0219or de utilizat face operarea rapid\u0103 \u0219i u\u0219oar\u0103.<\/p>\n<p>\u00cen plus, modelul EW 100 G4 include \u0219i c\u00e2teva caracteristici specifice chit\u0103riilor. Caracteristica emulatorului de cablu al sistemului v\u0103 permite s\u0103 regla\u021bi lungimile cablului virtual pentru a ob\u021bine un r\u0103spuns sonor similar utiliz\u0103rii unui cablu. O alt\u0103 caracteristic\u0103 practic\u0103 pentru chitaristi este tunerul \u00eencorporat, chiar pe afi\u0219aj. Un EQ \u00eencorporat cu 5 benzi permite ajustarea fin\u0103 a sunetului. \u00cen special basi\u0219tii vor fi mul\u021bumi\u021bi de r\u0103spunsul de frecven\u021b\u0103 AF \u00eembun\u0103t\u0103\u021bit: \u00eencepe la 25 Hz. optim pentru chitarele bass cu 5 corzi.<\/p>\n","protected":false},"featured_media":1239,"comment_status":"open","ping_status":"closed","template":"","meta":[],"product_brand":[],"product_cat":[129],"product_tag":[608,144,143,121,142,141],"class_list":{"0":"post-1238","1":"product","2":"type-product","3":"status-publish","4":"has-post-thumbnail","6":"product_cat-casti-in-ear","7":"product_tag-ew-100-g4-ci1-b","8":"product_tag-ew100g4","9":"product_tag-instrument","10":"product_tag-microfon-de-voce","11":"product_tag-sennheiser","12":"product_tag-wireless","14":"first","15":"instock","16":"purchasable","17":"product-type-simple"},"jetpack_sharing_enabled":true,"_links":{"self":[{"href":"https:\/\/quintett.eu\/index.php?rest_route=\/wp\/v2\/product\/1238","targetHints":{"allow":["GET"]}}],"collection":[{"href":"https:\/\/quintett.eu\/index.php?rest_route=\/wp\/v2\/product"}],"about":[{"href":"https:\/\/quintett.eu\/index.php?rest_route=\/wp\/v2\/types\/product"}],"replies":[{"embeddable":true,"href":"https:\/\/quintett.eu\/index.php?rest_route=%2Fwp%2Fv2%2Fcomments&post=1238"}],"wp:featuredmedia":[{"embeddable":true,"href":"https:\/\/quintett.eu\/index.php?rest_route=\/wp\/v2\/media\/1239"}],"wp:attachment":[{"href":"https:\/\/quintett.eu\/index.php?rest_route=%2Fwp%2Fv2%2Fmedia&parent=1238"}],"wp:term":[{"taxonomy":"product_brand","embeddable":true,"href":"https:\/\/quintett.eu\/index.php?rest_route=%2Fwp%2Fv2%2Fproduct_brand&post=1238"},{"taxonomy":"product_cat","embeddable":true,"href":"https:\/\/quintett.eu\/index.php?rest_route=%2Fwp%2Fv2%2Fproduct_cat&post=1238"},{"taxonomy":"product_tag","embeddable":true,"href":"https:\/\/quintett.eu\/index.php?rest_route=%2Fwp%2Fv2%2Fproduct_tag&post=1238"}],"curies":[{"name":"wp","href":"https:\/\/api.w.org\/{rel}","templated":true}]}}