{"id":12463,"date":"2025-03-14T23:05:20","date_gmt":"2025-03-14T21:05:20","guid":{"rendered":"https:\/\/quintett.eu\/?post_type=product&#038;p=12463"},"modified":"2025-07-04T10:35:01","modified_gmt":"2025-07-04T08:35:01","slug":"tw-audio-fdb30-dolly","status":"publish","type":"product","link":"https:\/\/quintett.eu\/?product=tw-audio-fdb30-dolly","title":{"rendered":"TW Audio FDB30 Dolly"},"content":{"rendered":"<p>TW AUDIO FDB30<\/p>\n<p>Plac\u0103 pentru transport<\/p>\n<p>Stivuibila<br \/>\nPoate fi montata pe TW AUDIO B30, S30 \u0219i T24N<br \/>\nPatru rotile pivotante de 100 mm, dou\u0103 cu fr\u00e2n\u0103<br \/>\nDou\u0103 z\u0103voare integrate tip fluture<br \/>\nDou\u0103 ad\u00e2ncituri de prindere<br \/>\nDimensiuni (L x A x A): 440 x 150 x 700 mm<br \/>\nGreutate: 7,4 kg<br \/>\nCuloare: negru<\/p>\n","protected":false},"excerpt":{"rendered":"<p>TW AUDIO FDB21 DOLLY<\/p>\n","protected":false},"featured_media":12474,"comment_status":"open","ping_status":"closed","template":"","meta":[],"product_brand":[],"product_cat":[19,96],"product_tag":[68,69,1322,1326,434,438,1329,1336,1333,1323,1330,1320,1319,1321,1327,1332,1331,1328,1335,1334,55],"class_list":{"0":"post-12463","1":"product","2":"type-product","3":"status-publish","4":"has-post-thumbnail","6":"product_cat-tw-audio","7":"product_cat-toate-produsele-tw-audio","8":"product_tag-b30","9":"product_tag-bas","10":"product_tag-c12","11":"product_tag-c5","12":"product_tag-m10","13":"product_tag-m12","14":"product_tag-m15","15":"product_tag-m6","16":"product_tag-m8","17":"product_tag-monitor-coaxial","18":"product_tag-monitor-pasiv","19":"product_tag-tw-audio-b30","20":"product_tag-tw-audio-bs30","21":"product_tag-tw-audio-c12","22":"product_tag-tw-audio-c5","23":"product_tag-tw-audio-m10","24":"product_tag-tw-audio-m12","25":"product_tag-tw-audio-m15","26":"product_tag-tw-audio-m6","27":"product_tag-tw-audio-m8","28":"product_tag-tw-audio","30":"first","31":"instock","32":"purchasable","33":"product-type-simple"},"jetpack_sharing_enabled":true,"_links":{"self":[{"href":"https:\/\/quintett.eu\/index.php?rest_route=\/wp\/v2\/product\/12463","targetHints":{"allow":["GET"]}}],"collection":[{"href":"https:\/\/quintett.eu\/index.php?rest_route=\/wp\/v2\/product"}],"about":[{"href":"https:\/\/quintett.eu\/index.php?rest_route=\/wp\/v2\/types\/product"}],"replies":[{"embeddable":true,"href":"https:\/\/quintett.eu\/index.php?rest_route=%2Fwp%2Fv2%2Fcomments&post=12463"}],"wp:featuredmedia":[{"embeddable":true,"href":"https:\/\/quintett.eu\/index.php?rest_route=\/wp\/v2\/media\/12474"}],"wp:attachment":[{"href":"https:\/\/quintett.eu\/index.php?rest_route=%2Fwp%2Fv2%2Fmedia&parent=12463"}],"wp:term":[{"taxonomy":"product_brand","embeddable":true,"href":"https:\/\/quintett.eu\/index.php?rest_route=%2Fwp%2Fv2%2Fproduct_brand&post=12463"},{"taxonomy":"product_cat","embeddable":true,"href":"https:\/\/quintett.eu\/index.php?rest_route=%2Fwp%2Fv2%2Fproduct_cat&post=12463"},{"taxonomy":"product_tag","embeddable":true,"href":"https:\/\/quintett.eu\/index.php?rest_route=%2Fwp%2Fv2%2Fproduct_tag&post=12463"}],"curies":[{"name":"wp","href":"https:\/\/api.w.org\/{rel}","templated":true}]}}