{"id":1249,"date":"2020-12-02T12:22:10","date_gmt":"2020-12-02T10:22:10","guid":{"rendered":"https:\/\/quintett.eu\/?post_type=product&#038;p=1249"},"modified":"2025-01-30T19:46:42","modified_gmt":"2025-01-30T17:46:42","slug":"nord-piano-4","status":"publish","type":"product","link":"https:\/\/quintett.eu\/?product=nord-piano-4","title":{"rendered":"Clavia NORD Organ 3"},"content":{"rendered":"<p><iframe title=\"The Nord Organ is back!\" width=\"640\" height=\"360\" src=\"https:\/\/www.youtube.com\/embed\/B1K15EQfuxE?start=1&#038;feature=oembed\" frameborder=\"0\" allow=\"accelerometer; autoplay; clipboard-write; encrypted-media; gyroscope; picture-in-picture; web-share\" referrerpolicy=\"strict-origin-when-cross-origin\" allowfullscreen><\/iframe><\/p>\n<p>Descrierea produsului<br \/>\nFace\u021bi cuno\u0219tin\u021b\u0103 cu cea mai recent\u0103 genera\u021bie a legendarului Nord Organ. Nord Organ 3 ofer\u0103 \u00eembun\u0103t\u0103\u021biri uimitoare \u00een materie de sunet, design \u0219i performan\u021b\u0103. Dispun\u00e2nd de un motor de org\u0103 inovator, efecte de modulare avansate \u0219i emulare excep\u021bional\u0103 a difuzoarelor rotative, Nord Organ 3 ofer\u0103 un nivel de detaliu \u0219i realism de neegalat.<\/p>\n","protected":false},"excerpt":{"rendered":"<p>Caracteristici :<br \/>\nPanou nou cu afi\u0219aj OLED pentru claritate \u0219i control \u00eembun\u0103t\u0103\u021bite.<br \/>\nTastatura manual\u0103 dubl\u0103 cu senzor triplu cu 2x 61 de taste pentru o experien\u021b\u0103 de joc autentic\u0103.<br \/>\nIndicatorii LED de setare a registrului ofer\u0103 o orientare u\u0219oar\u0103 \u00een timpul interpret\u0103rilor live.<br \/>\nAfi\u0219aj OLED<br \/>\n400 de pozi\u021bii de setare + 3 Live<br \/>\n2 seturi de indica\u021bii pentru fiecare tastatur\u0103<br \/>\nOp\u021biuni de transpozi\u021bie<br \/>\nIe\u0219ire auxiliar\u0103 pentru tije de registru bas<\/p>\n<p>Op\u021biuni de sunet<br \/>\nSunetul se bazeaz\u0103 pe emula\u021bia B3, Vox, Farfisa \u0219i a dou\u0103 orgi cu \u021bevi. Toate aceste instrumente sunt disponibile cu polifonie complet\u0103 \u0219i dispun, de asemenea, de un registru de bas, care este apoi completat de module speciale Synth Bass pentru synth B3, Trek \u0219i Taurus.<br \/>\nSunetele percutive (op\u021biunile Poly \u0219i DB9 Cancel) pot fi, de asemenea, controlate ca parte a cre\u0103rii sunetului. O op\u021biune special\u0103 Vibrato\/Chorus este disponibil\u0103 \u00een cadrul instrumentului B3 \u0219i \u00een modul Deep.<\/p>\n<p>Difuzor rotativ \u0219i sec\u021biunea Amp<br \/>\nNoua emula\u021bie Rotary Speaker ofer\u0103 posibilitatea de a seta diferite pozi\u021bii de captare a microfonului, trei tipuri de distorsiune \u0219i emula\u021bia sunetului cutiilor de chitar\u0103 de epoc\u0103, cum ar fi JC, Brit \u0219i Twin, care sunt, de asemenea, instrumentale \u00een sunetul de organe electrice pe nenum\u0103rate \u00eenregistr\u0103ri iconice.<\/p>\n<p>Unitatea de efecte include un algoritm Spring Reverb complet nou, iar ceilal\u021bi algoritmi Reverb au fost mult extin\u0219i (Booth, Room, Stage, Hall, Cathedral, cu Chorale, Bright\/Dark), inclusiv o op\u021biune Pre-Rotary. Noul delay analogic include \u0219i filtre de feedback (LP\/HP\/BP) \u0219i set\u0103ri mai complexe. Vor fi disponibile noi efecte de modulare Phase, Tremolo, Ring Modulator, Flanger \u0219i, desigur, Chorus. Pute\u021bi ajusta caracterul sunetului folosind EQ cu frecven\u021be medii reglabile. Fiecare sec\u021biune de efect are controale dedicate pentru to\u021bi parametrii.<\/p>\n<p>Nord Organ 3 este alegerea ideal\u0103 pentru to\u021bi muzicienii care caut\u0103 sunetul perfect de org\u0103 \u0219i flexibilitate maxim\u0103. Fie c\u0103 sunte\u021bi organist, claviaturist sau pasionat de sunet, acest model de top de la Nord nu v\u0103 va dezam\u0103gi.<\/p>\n","protected":false},"featured_media":11755,"comment_status":"open","ping_status":"closed","template":"","meta":[],"product_brand":[],"product_cat":[24,42],"product_tag":[98,1304,1303,1305,145,400,65],"class_list":{"0":"post-1249","1":"product","2":"type-product","3":"status-publish","4":"has-post-thumbnail","6":"product_cat-piane-digitale","7":"product_cat-promotii","8":"product_tag-clavia-nord","9":"product_tag-clavia-nord-organ-3","10":"product_tag-nord-organ-3","11":"product_tag-nord-pian","12":"product_tag-nord-piano-4","13":"product_tag-orga","14":"product_tag-pian-digital","16":"first","17":"onbackorder","18":"purchasable","19":"product-type-simple"},"jetpack_sharing_enabled":true,"_links":{"self":[{"href":"https:\/\/quintett.eu\/index.php?rest_route=\/wp\/v2\/product\/1249","targetHints":{"allow":["GET"]}}],"collection":[{"href":"https:\/\/quintett.eu\/index.php?rest_route=\/wp\/v2\/product"}],"about":[{"href":"https:\/\/quintett.eu\/index.php?rest_route=\/wp\/v2\/types\/product"}],"replies":[{"embeddable":true,"href":"https:\/\/quintett.eu\/index.php?rest_route=%2Fwp%2Fv2%2Fcomments&post=1249"}],"wp:featuredmedia":[{"embeddable":true,"href":"https:\/\/quintett.eu\/index.php?rest_route=\/wp\/v2\/media\/11755"}],"wp:attachment":[{"href":"https:\/\/quintett.eu\/index.php?rest_route=%2Fwp%2Fv2%2Fmedia&parent=1249"}],"wp:term":[{"taxonomy":"product_brand","embeddable":true,"href":"https:\/\/quintett.eu\/index.php?rest_route=%2Fwp%2Fv2%2Fproduct_brand&post=1249"},{"taxonomy":"product_cat","embeddable":true,"href":"https:\/\/quintett.eu\/index.php?rest_route=%2Fwp%2Fv2%2Fproduct_cat&post=1249"},{"taxonomy":"product_tag","embeddable":true,"href":"https:\/\/quintett.eu\/index.php?rest_route=%2Fwp%2Fv2%2Fproduct_tag&post=1249"}],"curies":[{"name":"wp","href":"https:\/\/api.w.org\/{rel}","templated":true}]}}