{"id":12512,"date":"2025-03-14T23:28:48","date_gmt":"2025-03-14T21:28:48","guid":{"rendered":"https:\/\/quintett.eu\/?post_type=product&#038;p=12512"},"modified":"2025-07-04T10:34:02","modified_gmt":"2025-07-04T08:34:02","slug":"tw-audio-b14","status":"publish","type":"product","link":"https:\/\/quintett.eu\/?product=tw-audio-b14","title":{"rendered":"TW AUDIO B15P"},"content":{"rendered":"<p>Detalii tehnice:<br \/>\nSubwoofer pasiv Bassreflex de 15 inchi<\/p>\n<p>Putere nominal\u0103: 1200 W RMS, 2400 W v\u00e2rf<br \/>\nEchipat cu difuzor : 1 x 15&#8243; (neodim)<br \/>\nNivel maxim: 127 dB<br \/>\nGama de frecvente: 40 &#8211; 1500 Hz<br \/>\nImpedan\u021bie: 4 ohmi<br \/>\nConexiuni: 3x speakON NL4<br \/>\nMaterial carcasa: Lemn de mesteacan multiplex<br \/>\nDou\u0103 m\u00e2nere pentru manipularea ergonomic\u0103 a cutiei<br \/>\nM20 Flan\u0219\u0103 suport<br \/>\nDimensiuni (L x A x A): 440 x 505 x 560 mm<br \/>\nGreutate: 24,2 kg<br \/>\nCuloare: negru<\/p>\n<p>ATENTIE : Func\u021bionarea optima este recomandat\u0103 cu preseturi TW AUDIO dedicate pe amplificatoarele Lab Gruppen , Linea Research ,Powersoft sau Dynacord seriile TGX, IPX \u0219i L .<\/p>\n","protected":false},"excerpt":{"rendered":"<p>Descriere<\/p>\n<p>O m\u0103rime mai mare, dar totu\u0219i compact\u0103: la fel ca B10-ul , B15 este un adev\u0103rat polivalent. Echipat cu un sistem bass reflex de 1 \u00d7 15&#8243;, este proiectat pentru func\u021bionarea bi-amplificatoare cu difuzoarele noastre din seria M \u0219i C. Cu un r\u0103spuns echilibrat tonal, permite fiec\u0103rei note de joas\u0103 frecven\u021b\u0103 s\u0103 rezoneze \u00een mod natural, f\u0103r\u0103 a sublinia \u00een mod artificial un anumit interval de frecven\u021b\u0103. Accentul s\u0103u este pus pe reproducerea precis\u0103, oferind performan\u021be remarcabile chiar \u0219i la niveluri ridicate de presiune a sunetului.<\/p>\n<p>Crossover pasiv op\u021bional disponibil<\/p>\n<p>Eficien\u021ba \u00een sc\u0103dere natural\u0103 a woofer-ului la frecven\u021be mai \u00eenalte permite o filtrare lin\u0103 a frecven\u021belor mijlocii \u0219i \u00eenalte atunci c\u00e2nd este asociat cu crossover-ul pasiv PWB15, asigur\u00e2nd o schimbare de faz\u0103 minim\u0103. Acest lucru permite ca subwooferul B15 s\u0103 fie conectat \u0219i operat \u00een paralel cu difuzoare full-range, f\u0103r\u0103 a fi nevoie de amplificatoare suplimentare sau controlere de sistem. Sistemul full-range prime\u0219te suport optim de frecven\u021b\u0103 joas\u0103, r\u0103m\u00e2n\u00e2nd practic neafectat \u00een gama medie.<\/p>\n<p>Ie\u0219irea de trecere \u00eenalt\u0103 a crossover-ului PWB15, reglat\u0103 special pentru M8, u\u0219ureaz\u0103 \u0219i mai mult difuzorul satelit, rezult\u00e2nd un sunet excep\u021bional de omogen &#8211; o combina\u021bie care define\u0219te sistemul nostru M-SYS-TWO.<\/p>\n<p>Un alt avantaj<\/p>\n<p>Datorit\u0103 impedan\u021belor difuzoarelor dintr-o combina\u021bie pasiv\u0103 a B15 cu un difuzor full-range M12 sau M15, dou\u0103 treimi din puterea amplificatorului este direc\u021bionat\u0103 c\u0103tre subwoofer, \u00een timp ce o treime este alocat\u0103 unit\u0103\u021bii superioare. Acest lucru nu numai c\u0103 reduce sarcina sistemului full-range, dar asigur\u0103 \u0219i o performan\u021b\u0103 muzical\u0103 bine echilibrat\u0103.<\/p>\n","protected":false},"featured_media":12536,"comment_status":"open","ping_status":"closed","template":"","meta":[],"product_brand":[],"product_cat":[19],"product_tag":[1395,1397,435,1313,1312,1315,1316,1314,55,1396],"class_list":{"0":"post-12512","1":"product","2":"type-product","3":"status-publish","4":"has-post-thumbnail","6":"product_cat-tw-audio","7":"product_tag-b14","8":"product_tag-b15p","9":"product_tag-b18","10":"product_tag-b21","11":"product_tag-boxe-profesionale","12":"product_tag-subwoofer","13":"product_tag-tw-audio-b18","14":"product_tag-tw-audio-b21","15":"product_tag-tw-audio","16":"product_tag-woofer-de-14","18":"first","19":"instock","20":"purchasable","21":"product-type-simple"},"jetpack_sharing_enabled":true,"_links":{"self":[{"href":"https:\/\/quintett.eu\/index.php?rest_route=\/wp\/v2\/product\/12512","targetHints":{"allow":["GET"]}}],"collection":[{"href":"https:\/\/quintett.eu\/index.php?rest_route=\/wp\/v2\/product"}],"about":[{"href":"https:\/\/quintett.eu\/index.php?rest_route=\/wp\/v2\/types\/product"}],"replies":[{"embeddable":true,"href":"https:\/\/quintett.eu\/index.php?rest_route=%2Fwp%2Fv2%2Fcomments&post=12512"}],"wp:featuredmedia":[{"embeddable":true,"href":"https:\/\/quintett.eu\/index.php?rest_route=\/wp\/v2\/media\/12536"}],"wp:attachment":[{"href":"https:\/\/quintett.eu\/index.php?rest_route=%2Fwp%2Fv2%2Fmedia&parent=12512"}],"wp:term":[{"taxonomy":"product_brand","embeddable":true,"href":"https:\/\/quintett.eu\/index.php?rest_route=%2Fwp%2Fv2%2Fproduct_brand&post=12512"},{"taxonomy":"product_cat","embeddable":true,"href":"https:\/\/quintett.eu\/index.php?rest_route=%2Fwp%2Fv2%2Fproduct_cat&post=12512"},{"taxonomy":"product_tag","embeddable":true,"href":"https:\/\/quintett.eu\/index.php?rest_route=%2Fwp%2Fv2%2Fproduct_tag&post=12512"}],"curies":[{"name":"wp","href":"https:\/\/api.w.org\/{rel}","templated":true}]}}