{"id":12553,"date":"2025-03-17T10:50:35","date_gmt":"2025-03-17T08:50:35","guid":{"rendered":"https:\/\/quintett.eu\/?post_type=product&#038;p=12553"},"modified":"2025-03-17T11:13:25","modified_gmt":"2025-03-17T09:13:25","slug":"vmb-te-086b-towerlift-300kg-bk","status":"publish","type":"product","link":"https:\/\/quintett.eu\/?product=vmb-te-086b-towerlift-300kg-bk","title":{"rendered":"VMB TE-086B Towerlift 300kg Bk"},"content":{"rendered":"<p>VMB TE-086B Towerlift 300 kg Bk<\/p>\n<p>Max. \u00een\u0103l\u021bime 6,5 m (21,3\u2032)<br \/>\nMax. Sarcina 300 kg (661 lb)<br \/>\nSiguran\u021b\u0103 ALS (sistem de blocare automat\u0103)<br \/>\nSuprafata de lucru 1,85 x 1,85 m (6,07 x 6,07\u2032)<br \/>\n\u00cen\u0103l\u021bime pliat\u0103 1,87 m (6,1\u2032)<br \/>\nTroliu 900Kg<br \/>\nAdaptor 50 mm (PSU-086)<br \/>\nGreutate 129 kg (284 lb)<br \/>\nCuloare negru<\/p>\n","protected":false},"excerpt":{"rendered":"<p>Stativ cu scripete VMB TE-086B Towerlift Bk, greutate maxima ridicata 300 Kg si inaltime maxima de 6,5m<\/p>\n<p>Stativul de ridicare TE-086 este cel mai puternic din seria telescopic\u0103, capabil s\u0103 ridice de la 300 kg p\u00e2n\u0103 la 6,5 \u200b\u200bm \u00een\u0103l\u021bime. Are cinci profile mari care confer\u0103 o rezisten\u021b\u0103 \u0219i stabilitate incomparabile oric\u0103rui alt turn din clasa sa. Are un troliu mai mare cu un cablu de o\u021bel rezistent, anti-torsionare \u0219i este ghidat prin scripete \u00eent\u0103rite. TE-086 este foarte usor de miscat cu cele 4 roti rotative ale sale, si cu posibilitatea de a instala kitul de transport RH-1, pentru a-l aseza orizontal si a face transportul in camionete, camioane, etc. Are si 4 stabilizatori puternici in picioare, pentru a nivela turnul in teren cu o anumita panta. TE-086 dispune de \u00eencuietori automate ALS, patentate de VMB, care garanteaz\u0103 siguran\u021ba \u00een ridic\u0103tor. De asemenea, este disponibil\u0103 o gam\u0103 larg\u0103 de accesorii.<\/p>\n","protected":false},"featured_media":12554,"comment_status":"open","ping_status":"closed","template":"","meta":[],"product_brand":[],"product_cat":[180],"product_tag":[566,966,564,1398,563,567,673,1399,1400],"class_list":{"0":"post-12553","1":"product","2":"type-product","3":"status-publish","4":"has-post-thumbnail","6":"product_cat-scripeti-schele-tower","7":"product_tag-macara","8":"product_tag-prolifts","9":"product_tag-stativ-cu-scripete","10":"product_tag-towerlift-vmb","11":"product_tag-vmb","12":"product_tag-vmb-te-071b","13":"product_tag-vmb-te-074b","14":"product_tag-vmb-te-086b","15":"product_tag-vmb-te-086bk","17":"first","18":"onbackorder","19":"sale","20":"purchasable","21":"product-type-simple"},"jetpack_sharing_enabled":true,"_links":{"self":[{"href":"https:\/\/quintett.eu\/index.php?rest_route=\/wp\/v2\/product\/12553","targetHints":{"allow":["GET"]}}],"collection":[{"href":"https:\/\/quintett.eu\/index.php?rest_route=\/wp\/v2\/product"}],"about":[{"href":"https:\/\/quintett.eu\/index.php?rest_route=\/wp\/v2\/types\/product"}],"replies":[{"embeddable":true,"href":"https:\/\/quintett.eu\/index.php?rest_route=%2Fwp%2Fv2%2Fcomments&post=12553"}],"wp:featuredmedia":[{"embeddable":true,"href":"https:\/\/quintett.eu\/index.php?rest_route=\/wp\/v2\/media\/12554"}],"wp:attachment":[{"href":"https:\/\/quintett.eu\/index.php?rest_route=%2Fwp%2Fv2%2Fmedia&parent=12553"}],"wp:term":[{"taxonomy":"product_brand","embeddable":true,"href":"https:\/\/quintett.eu\/index.php?rest_route=%2Fwp%2Fv2%2Fproduct_brand&post=12553"},{"taxonomy":"product_cat","embeddable":true,"href":"https:\/\/quintett.eu\/index.php?rest_route=%2Fwp%2Fv2%2Fproduct_cat&post=12553"},{"taxonomy":"product_tag","embeddable":true,"href":"https:\/\/quintett.eu\/index.php?rest_route=%2Fwp%2Fv2%2Fproduct_tag&post=12553"}],"curies":[{"name":"wp","href":"https:\/\/api.w.org\/{rel}","templated":true}]}}