{"id":12556,"date":"2025-03-17T11:13:33","date_gmt":"2025-03-17T09:13:33","guid":{"rendered":"https:\/\/quintett.eu\/?post_type=product&#038;p=12556"},"modified":"2025-03-19T11:46:19","modified_gmt":"2025-03-19T09:46:19","slug":"vmb-te-06b-towerlift-125kg-bk","status":"publish","type":"product","link":"https:\/\/quintett.eu\/?product=vmb-te-06b-towerlift-125kg-bk","title":{"rendered":"VMB TE-06B Towerlift 125kg Bk"},"content":{"rendered":"<p>VMB TE-06B Towerlift 125 kg Bk<\/p>\n<p>Max. \u00een\u0103l\u021bime 5 m (16,4\u2032)<br \/>\nMax. Sarcina 125 kg (275 lb)<br \/>\nSiguran\u021b\u0103 ALS (sistem de blocare automat\u0103)<br \/>\nSuprafata de lucru 1,43 x 1,43 m (4,7 x 4,7\u2032)<br \/>\n\u00cen\u0103l\u021bime pliat\u0103 1,9 m (6,2\u2032)<br \/>\nTroliu 450 kg (990 lb)<br \/>\nAdaptor 35 mm (PSU-06 \/ PSA-01)<br \/>\nGreutate 32 kg (71 lb)<br \/>\nCuloare negru<\/p>\n","protected":false},"excerpt":{"rendered":"<p>Stativ cu scripete VMB TE-06B Towerlift Bk, greutate maxima ridicata 300 Kg si inaltime maxima de 6,5m<\/p>\n<p>Acest lifter este foarte usor si este usor de transportat cu 2 roti incorporate pe baza. Este capabil s\u0103 ridice 125 kg p\u00e2n\u0103 la o \u00een\u0103l\u021bime de 5 m. Este proiectat pentru configura\u021bii de dimensiuni mici; Discoteci, orchestre, conferin\u021be, nun\u021bi sau orice fel de eveniment interior \u00een care se ridic\u0103 lumina, arm\u0103tura sau sunetul.<\/p>\n<p>Stativul de ridicare TE-06 \u00eencorporeaz\u0103 stabilizatori reglabili pe toate cele patru picioare, cu suporturi de cauciuc injectat antiderapant, permi\u021b\u00e2ndu-v\u0103 s\u0103 lucra\u021bi pe zone dificile cu o pant\u0103 u\u0219oar\u0103. Este compus din profile de otel X cu cablu de otel rezistent, anti-torsionare si ghidate prin scripeti ranforsati. O gam\u0103 larg\u0103 de accesorii sunt disponibile pentru acest ridic\u0103tor telescopic. La fel ca toate turnurile noastre de ridicare, siguran\u021ba este garantat\u0103 cu \u00eencuietorile noastre automate ALS, patentate \u0219i exclusive pentru VMB Prolifts. Culoare neagr\u0103<\/p>\n","protected":false},"featured_media":12557,"comment_status":"open","ping_status":"closed","template":"","meta":[],"product_brand":[],"product_cat":[180],"product_tag":[566,966,564,1401,1398,563,1402,567,673,1399,1400],"class_list":{"0":"post-12556","1":"product","2":"type-product","3":"status-publish","4":"has-post-thumbnail","6":"product_cat-scripeti-schele-tower","7":"product_tag-macara","8":"product_tag-prolifts","9":"product_tag-stativ-cu-scripete","10":"product_tag-te-06b","11":"product_tag-towerlift-vmb","12":"product_tag-vmb","13":"product_tag-vmb-te-06b","14":"product_tag-vmb-te-071b","15":"product_tag-vmb-te-074b","16":"product_tag-vmb-te-086b","17":"product_tag-vmb-te-086bk","19":"first","20":"instock","21":"sale","22":"purchasable","23":"product-type-simple"},"jetpack_sharing_enabled":true,"_links":{"self":[{"href":"https:\/\/quintett.eu\/index.php?rest_route=\/wp\/v2\/product\/12556","targetHints":{"allow":["GET"]}}],"collection":[{"href":"https:\/\/quintett.eu\/index.php?rest_route=\/wp\/v2\/product"}],"about":[{"href":"https:\/\/quintett.eu\/index.php?rest_route=\/wp\/v2\/types\/product"}],"replies":[{"embeddable":true,"href":"https:\/\/quintett.eu\/index.php?rest_route=%2Fwp%2Fv2%2Fcomments&post=12556"}],"wp:featuredmedia":[{"embeddable":true,"href":"https:\/\/quintett.eu\/index.php?rest_route=\/wp\/v2\/media\/12557"}],"wp:attachment":[{"href":"https:\/\/quintett.eu\/index.php?rest_route=%2Fwp%2Fv2%2Fmedia&parent=12556"}],"wp:term":[{"taxonomy":"product_brand","embeddable":true,"href":"https:\/\/quintett.eu\/index.php?rest_route=%2Fwp%2Fv2%2Fproduct_brand&post=12556"},{"taxonomy":"product_cat","embeddable":true,"href":"https:\/\/quintett.eu\/index.php?rest_route=%2Fwp%2Fv2%2Fproduct_cat&post=12556"},{"taxonomy":"product_tag","embeddable":true,"href":"https:\/\/quintett.eu\/index.php?rest_route=%2Fwp%2Fv2%2Fproduct_tag&post=12556"}],"curies":[{"name":"wp","href":"https:\/\/api.w.org\/{rel}","templated":true}]}}