{"id":12559,"date":"2025-03-17T12:31:10","date_gmt":"2025-03-17T10:31:10","guid":{"rendered":"https:\/\/quintett.eu\/?post_type=product&#038;p=12559"},"modified":"2025-03-17T12:36:02","modified_gmt":"2025-03-17T10:36:02","slug":"flat-par-18x12w-6in1-mac-mah","status":"publish","type":"product","link":"https:\/\/quintett.eu\/?product=flat-par-18x12w-6in1-mac-mah","title":{"rendered":"Flat Par 18X12W 6IN1 &#8211; MAC MAH"},"content":{"rendered":"<p>Caracteristici:<br \/>\nMac Mah Flat PAR 18X12W 6in1<br \/>\nLED PAR<br \/>\nSurse de lumin\u0103: 18 LED-uri RGBWA-UV 6-\u00een-1 de 12 W<br \/>\nUnghi de proiec\u021bie 25\u00b0<br \/>\nDMX, automat, muzic\u0103 controlabil\u0103<br \/>\nCarcasa metalica<br \/>\nCanale DMX: 6 \/ 8 sau 11 canale<br \/>\nAlimentare prin conector powerCON<br \/>\nLeg\u0103tura posibil\u0103 prin cablul de alimentare powerCON mam\u0103<br \/>\nDubla sortare sau fixare<br \/>\nAlimentare: 100-240 VAC \/ 50-60 Hz<br \/>\nConsum de energie: 216 W max.<br \/>\nSiguran\u021b\u0103: T 1 A &#8211; 250 VAC<\/p>\n","protected":false},"excerpt":{"rendered":"<p>Mac Mah FlatPAR 18X12W 6in1 este echipat cu 18 LED-uri RGBWA-UV 6-in-1 de 12W, permitandu-ti sa creezi un numar infinit de culori si atmosfere, adaptate fiecarui spectacol. Controlabil prin DMX, automat sau muzica cu o carcas\u0103 metalic\u0103 robust\u0103 \u0219i surs\u0103 de alimentare powerCON, acest proiector este solu\u021bia ideal\u0103 pentru nevoile dvs. de iluminare, garant\u00e2nd o performan\u021b\u0103 \u0219i o fiabilitata impecabil\u0103 .<\/p>\n","protected":false},"featured_media":12560,"comment_status":"open","ping_status":"closed","template":"","meta":[],"product_brand":[],"product_cat":[496],"product_tag":[531,1404,530,532,1403,533],"class_list":{"0":"post-12559","1":"product","2":"type-product","3":"status-publish","4":"has-post-thumbnail","6":"product_cat-msc-lumini-si-scene","7":"product_tag-12x12w","8":"product_tag-18x12w","9":"product_tag-led-par","10":"product_tag-led-par-6in1","11":"product_tag-par-led-18x12","12":"product_tag-rgbwa-uv","14":"first","15":"instock","16":"purchasable","17":"product-type-simple"},"jetpack_sharing_enabled":true,"_links":{"self":[{"href":"https:\/\/quintett.eu\/index.php?rest_route=\/wp\/v2\/product\/12559","targetHints":{"allow":["GET"]}}],"collection":[{"href":"https:\/\/quintett.eu\/index.php?rest_route=\/wp\/v2\/product"}],"about":[{"href":"https:\/\/quintett.eu\/index.php?rest_route=\/wp\/v2\/types\/product"}],"replies":[{"embeddable":true,"href":"https:\/\/quintett.eu\/index.php?rest_route=%2Fwp%2Fv2%2Fcomments&post=12559"}],"wp:featuredmedia":[{"embeddable":true,"href":"https:\/\/quintett.eu\/index.php?rest_route=\/wp\/v2\/media\/12560"}],"wp:attachment":[{"href":"https:\/\/quintett.eu\/index.php?rest_route=%2Fwp%2Fv2%2Fmedia&parent=12559"}],"wp:term":[{"taxonomy":"product_brand","embeddable":true,"href":"https:\/\/quintett.eu\/index.php?rest_route=%2Fwp%2Fv2%2Fproduct_brand&post=12559"},{"taxonomy":"product_cat","embeddable":true,"href":"https:\/\/quintett.eu\/index.php?rest_route=%2Fwp%2Fv2%2Fproduct_cat&post=12559"},{"taxonomy":"product_tag","embeddable":true,"href":"https:\/\/quintett.eu\/index.php?rest_route=%2Fwp%2Fv2%2Fproduct_tag&post=12559"}],"curies":[{"name":"wp","href":"https:\/\/api.w.org\/{rel}","templated":true}]}}