{"id":12619,"date":"2025-03-28T11:24:40","date_gmt":"2025-03-28T09:24:40","guid":{"rendered":"https:\/\/quintett.eu\/?post_type=product&#038;p=12619"},"modified":"2025-05-02T00:00:01","modified_gmt":"2025-05-01T22:00:01","slug":"mtp-b-sousaphone-mod-1300","status":"publish","type":"product","link":"https:\/\/quintett.eu\/?product=mtp-b-sousaphone-mod-1300","title":{"rendered":"MTP  B-Sousaphone Mod.1300"},"content":{"rendered":"<p>Caracteristici :<\/p>\n<p>Palnie \u0219i corp din fibr\u0103 de sticl\u0103 alb\u0103,<br \/>\n3 supape de pomp\u0103 din o\u021bel inoxidabil,<br \/>\nAlezaj 18,5 mm,<br \/>\nPalnie 66 cm,<br \/>\nCutie ABS (cu ro\u021bi) \u0219i mu\u0219tiuc &#8211;<br \/>\nGreutate redus\u0103 doar 9,4 kg<\/p>\n","protected":false},"excerpt":{"rendered":"<p>Palnie \u0219i corp din fibr\u0103 de sticl\u0103 alb\u0103, 3 supape de pomp\u0103 din o\u021bel inoxidabil, Alezaj 18,5 mm, Clopot 66 cm, cu cutie ABS (cu ro\u021bi) \u0219i mu\u0219tiuc &#8211; greutate redus\u0103 doar 9,4 kg<\/p>\n","protected":false},"featured_media":12620,"comment_status":"open","ping_status":"closed","template":"","meta":[],"product_brand":[],"product_cat":[368],"product_tag":[372,369,376],"class_list":{"0":"post-12619","1":"product","2":"type-product","3":"status-publish","4":"has-post-thumbnail","6":"product_cat-mtp-musikinstrumente","7":"product_tag-instrumente-de-suflat","8":"product_tag-mtp","9":"product_tag-tuba","11":"first","12":"instock","13":"purchasable","14":"product-type-simple"},"jetpack_sharing_enabled":true,"_links":{"self":[{"href":"https:\/\/quintett.eu\/index.php?rest_route=\/wp\/v2\/product\/12619","targetHints":{"allow":["GET"]}}],"collection":[{"href":"https:\/\/quintett.eu\/index.php?rest_route=\/wp\/v2\/product"}],"about":[{"href":"https:\/\/quintett.eu\/index.php?rest_route=\/wp\/v2\/types\/product"}],"replies":[{"embeddable":true,"href":"https:\/\/quintett.eu\/index.php?rest_route=%2Fwp%2Fv2%2Fcomments&post=12619"}],"wp:featuredmedia":[{"embeddable":true,"href":"https:\/\/quintett.eu\/index.php?rest_route=\/wp\/v2\/media\/12620"}],"wp:attachment":[{"href":"https:\/\/quintett.eu\/index.php?rest_route=%2Fwp%2Fv2%2Fmedia&parent=12619"}],"wp:term":[{"taxonomy":"product_brand","embeddable":true,"href":"https:\/\/quintett.eu\/index.php?rest_route=%2Fwp%2Fv2%2Fproduct_brand&post=12619"},{"taxonomy":"product_cat","embeddable":true,"href":"https:\/\/quintett.eu\/index.php?rest_route=%2Fwp%2Fv2%2Fproduct_cat&post=12619"},{"taxonomy":"product_tag","embeddable":true,"href":"https:\/\/quintett.eu\/index.php?rest_route=%2Fwp%2Fv2%2Fproduct_tag&post=12619"}],"curies":[{"name":"wp","href":"https:\/\/api.w.org\/{rel}","templated":true}]}}