{"id":12627,"date":"2025-03-31T13:06:53","date_gmt":"2025-03-31T11:06:53","guid":{"rendered":"https:\/\/quintett.eu\/?post_type=product&#038;p=12627"},"modified":"2025-08-18T14:03:46","modified_gmt":"2025-08-18T12:03:46","slug":"klotz-cat5-rcbeew100","status":"publish","type":"product","link":"https:\/\/quintett.eu\/?product=klotz-cat5-rcbeew100","title":{"rendered":"KLOTZ CAT5 RCBEEW100"},"content":{"rendered":"<p>RamCAT 100m flexibiln\u00fd, dvojito tienen\u00fd sie\u0165ov\u00fd k\u00e1bel s pln\u00fdm vodi\u010dom AWG24 na bubne<br \/>\nCAT5e (SF\/UTP) \/ etherCON &#8211; etherCON<\/p>\n<p>SF\/UTP (celkov\u00e9 f\u00f3liov\u00e9 + opleten\u00e9 tienenie)<br \/>\nrobustn\u00fd PUR pl\u00e1\u0161\u0165<br \/>\nEtherSound\u2122 testovan\u00e9 spolo\u010dnos\u0165ou Digigram a\u017e do 120 m<br \/>\nMADI testovan\u00e9 spolo\u010dnos\u0165ami Soundcraft \/ Studer a\u017e do 120 m, vr\u00e1tane dvoch odde\u013eovac\u00edch panelov a bezpe\u010dnostnej rezervy<br \/>\nGLD a iLive ACE\/dSnake testovan\u00e9 spolo\u010dnos\u0165ami Allen&#038;Heath a\u017e do 120 m<br \/>\nDante\u2122 testovan\u00e9 spolo\u010dnos\u0165ou YAMAHA UK a\u017e do 120 m, odpor\u00fa\u010dan\u00e9 do 100 m &#8211; vr\u00e1tane roz\u0161\u00edrenej bezpe\u010dnostnej rezervy pri 1 Gbit\/s<br \/>\ns prieh\u013eadn\u00fdm zmr\u0161\u0165ovac\u00edm kr\u00fa\u017ekom pre bezplatn\u00e9 ozna\u010dovanie<\/p>\n","protected":false},"excerpt":{"rendered":"<p>KLOTZ RamCAT sie\u0165ov\u00fd k\u00e1bel na cievke flexibiln\u00fd, dvojito tienen\u00fd, s pln\u00fdm vodi\u010dom AWG24<br \/>\nCAT5e (SF\/UTP) \/ etherCON &#8211; etherCON &#8211; 100 m<\/p>\n","protected":false},"featured_media":10540,"comment_status":"open","ping_status":"closed","template":"","meta":[],"product_brand":[],"product_cat":[37],"product_tag":[1008,58,1040,1405,1407,1038,1406,1408],"class_list":{"0":"post-12627","1":"product","2":"type-product","3":"status-publish","4":"has-post-thumbnail","6":"product_cat-cabluri-la-metru","7":"product_tag-cablu-cat5","8":"product_tag-klotz","9":"product_tag-rcbeew050","10":"product_tag-rcbeew075","11":"product_tag-rcbeew100","12":"product_tag-tambur-50m-cat5","13":"product_tag-tambur-75m","14":"product_tag-tambur-cablu-retea-cat5-100m","16":"first","17":"instock","18":"sale","19":"purchasable","20":"product-type-simple"},"jetpack_sharing_enabled":true,"_links":{"self":[{"href":"https:\/\/quintett.eu\/index.php?rest_route=\/wp\/v2\/product\/12627","targetHints":{"allow":["GET"]}}],"collection":[{"href":"https:\/\/quintett.eu\/index.php?rest_route=\/wp\/v2\/product"}],"about":[{"href":"https:\/\/quintett.eu\/index.php?rest_route=\/wp\/v2\/types\/product"}],"replies":[{"embeddable":true,"href":"https:\/\/quintett.eu\/index.php?rest_route=%2Fwp%2Fv2%2Fcomments&post=12627"}],"wp:featuredmedia":[{"embeddable":true,"href":"https:\/\/quintett.eu\/index.php?rest_route=\/wp\/v2\/media\/10540"}],"wp:attachment":[{"href":"https:\/\/quintett.eu\/index.php?rest_route=%2Fwp%2Fv2%2Fmedia&parent=12627"}],"wp:term":[{"taxonomy":"product_brand","embeddable":true,"href":"https:\/\/quintett.eu\/index.php?rest_route=%2Fwp%2Fv2%2Fproduct_brand&post=12627"},{"taxonomy":"product_cat","embeddable":true,"href":"https:\/\/quintett.eu\/index.php?rest_route=%2Fwp%2Fv2%2Fproduct_cat&post=12627"},{"taxonomy":"product_tag","embeddable":true,"href":"https:\/\/quintett.eu\/index.php?rest_route=%2Fwp%2Fv2%2Fproduct_tag&post=12627"}],"curies":[{"name":"wp","href":"https:\/\/api.w.org\/{rel}","templated":true}]}}