{"id":12631,"date":"2025-04-04T13:47:33","date_gmt":"2025-04-04T11:47:33","guid":{"rendered":"https:\/\/quintett.eu\/?post_type=product&#038;p=12631"},"modified":"2025-04-04T13:56:09","modified_gmt":"2025-04-04T11:56:09","slug":"austrian-audio-oc-s10","status":"publish","type":"product","link":"https:\/\/quintett.eu\/?product=austrian-audio-oc-s10","title":{"rendered":"Austrian Audio OC-S10"},"content":{"rendered":"<p>Microfon studio Austrian Audio OC-S10<\/p>\n<p>Microfon cu condensator cu diafragma mare<\/p>\n<p>Model polar: omnidirec\u021bional, subcardioid, cardioid, hipercardioid, bidirec\u021bional<br \/>\nNecesit\u0103 alimentare fantom\u0103 de 48 V<br \/>\nGama de frecvente: 20 Hz &#8211; 20.000 Hz<br \/>\nSensibilitate: 14 mV\/Pa<br \/>\nMax. nivelul de presiune acustic\u0103: 147 dB \/ 157 dB (cu pad)<br \/>\nZgomot inerent: &lt; 8 dB SPL(A)<br \/>\nFiltru low cut: 40 Hz, 80 Hz \u0219i 160 Hz<br \/>\nPad: -10dB \/ -20dB<br \/>\nDimensiuni: 63 x 63 x 205 mm<br \/>\nGreutate: 0,69 kg<br \/>\nInclude suspensie elastic\u0103, cutie din lemn \u0219i filtru antipop<\/p>\n","protected":false},"excerpt":{"rendered":"<p>Microfon studio Austrian Audio OC-S10<br \/>\nOC-S10 este un microfon condensator de referin\u021b\u0103 cu diafragm\u0103 mare, proiectat meticulos pentru \u00eenregistrarea vocii soliste \u0219i a instrumentelor solo cu o precizie de neegalat. Cu cinci modele polare selectabile, trei op\u021biuni de filtru low-cut \u0219i pad-uri comutabile -10dB \u0219i -20dB, OC-S10 ofer\u0103 o versatilitate excep\u021bional\u0103 pentru a se potrivi oric\u0103rui scenariu de \u00eenregistrare. \u00cen combina\u021bie cu caracteristica de ie\u0219ire dubl\u0103 (ambele XLR standard), ofer\u0103 flexibilitate maxim\u0103 de post-produc\u021bie, asigur\u00e2ndu-v\u0103 c\u0103 pute\u021bi descoperi \u0219i crea sunetul perfect.<\/p>\n<p>Suportul de \u0219oc inclus are o conexiune cu articula\u021bie sferic\u0103 pentru o pozi\u021bionare precis\u0103 \u0219i delicat\u0103, f\u0103c\u00e2nd configurarea f\u0103r\u0103 efort. \u00cen plus, filtrul din plas\u0103 metalic\u0103 ata\u0219at magnetic (nu este prezentat) reduce efectiv sunetele plozive nedorite, p\u0103str\u00e2nd \u00een acela\u0219i timp bog\u0103\u021bia \u0219i detaliile spectrului vocal.<\/p>\n<p>Fabricat la Viena \/ Austria.<\/p>\n<p>Mai multe informa\u021bii \u00een cur\u00e2nd \u2013 r\u0103m\u00e2ne\u021bi pe faz\u0103!<\/p>\n","protected":false},"featured_media":12633,"comment_status":"open","ping_status":"closed","template":"","meta":[],"product_brand":[],"product_cat":[768,306],"product_tag":[307,1410,312,311,1411,309],"class_list":{"0":"post-12631","1":"product","2":"type-product","3":"status-publish","4":"has-post-thumbnail","6":"product_cat-20-years","7":"product_cat-austrian-audio","8":"product_tag-austrian-audio","9":"product_tag-austrian-audio-oc-s10","10":"product_tag-diafragma-mare","11":"product_tag-microfoane-studio","12":"product_tag-oc-s10","13":"product_tag-oc818","15":"first","16":"onbackorder","17":"purchasable","18":"product-type-simple"},"jetpack_sharing_enabled":true,"_links":{"self":[{"href":"https:\/\/quintett.eu\/index.php?rest_route=\/wp\/v2\/product\/12631","targetHints":{"allow":["GET"]}}],"collection":[{"href":"https:\/\/quintett.eu\/index.php?rest_route=\/wp\/v2\/product"}],"about":[{"href":"https:\/\/quintett.eu\/index.php?rest_route=\/wp\/v2\/types\/product"}],"replies":[{"embeddable":true,"href":"https:\/\/quintett.eu\/index.php?rest_route=%2Fwp%2Fv2%2Fcomments&post=12631"}],"wp:featuredmedia":[{"embeddable":true,"href":"https:\/\/quintett.eu\/index.php?rest_route=\/wp\/v2\/media\/12633"}],"wp:attachment":[{"href":"https:\/\/quintett.eu\/index.php?rest_route=%2Fwp%2Fv2%2Fmedia&parent=12631"}],"wp:term":[{"taxonomy":"product_brand","embeddable":true,"href":"https:\/\/quintett.eu\/index.php?rest_route=%2Fwp%2Fv2%2Fproduct_brand&post=12631"},{"taxonomy":"product_cat","embeddable":true,"href":"https:\/\/quintett.eu\/index.php?rest_route=%2Fwp%2Fv2%2Fproduct_cat&post=12631"},{"taxonomy":"product_tag","embeddable":true,"href":"https:\/\/quintett.eu\/index.php?rest_route=%2Fwp%2Fv2%2Fproduct_tag&post=12631"}],"curies":[{"name":"wp","href":"https:\/\/api.w.org\/{rel}","templated":true}]}}