{"id":12690,"date":"2025-04-17T14:50:23","date_gmt":"2025-04-17T12:50:23","guid":{"rendered":"https:\/\/quintett.eu\/?post_type=product&#038;p=12690"},"modified":"2025-07-22T18:07:48","modified_gmt":"2025-07-22T16:07:48","slug":"pls-st-120b-150w-led-pixel-beam-moving-head","status":"publish","type":"product","link":"https:\/\/quintett.eu\/?product=pls-st-120b-150w-led-pixel-beam-moving-head","title":{"rendered":"PLS ST-120B 150W LED PIXEL BEAM MOVING HEAD"},"content":{"rendered":"<p>Caracteristici:<\/p>\n<p>Tensiune: AC100-240V, intrare lat\u0103 de tensiune 50-60Hz<\/p>\n<p>Putere nominala: 220W<\/p>\n<p>Surs\u0103 de lumin\u0103: un singur modul LED cu lumin\u0103 alb\u0103 de 150W<\/p>\n<p>Diafragma LED: 48 margele de lumin\u0103 LED RGB de 0,2 W formeaz\u0103 un halou, cu efecte dinamice colorate de vis<\/p>\n<p>Temperatura de culoare: 6800K<\/p>\n<p>Durata de via\u021b\u0103 a sursei de lumin\u0103 LED: 50.000 de ore<\/p>\n<p>Unghiul fasciculului: 1,6 grade<\/p>\n<p>Canal: 17 canale DMX<\/p>\n<p>Roat\u0103 de culori: 1 roat\u0103 de culori, 15 culori + lumin\u0103 alb\u0103, cu efect de curcubeu pe jum\u0103tate de culoare<\/p>\n<p>Roat\u0103 Gobo: 1 roat\u0103 de model, 17 modele statice + gol, flux de ap\u0103 \u00een dou\u0103 sensuri \u0219i efect de jitter<\/p>\n<p>Roat\u0103 de efect: atomizare liniar\u0103 + efect de oglind\u0103 colorat<\/p>\n<p>Prism\u0103: 6+12 prisme (op\u021bional)<\/p>\n<p>Dimming: 0-100% reglare liniar\u0103<\/p>\n<p>Strobe: 1-25 Hz, puls aleatoriu stroboscopii multiple<\/p>\n<p>Focalizare: focalizare liniar\u0103<\/p>\n<p>Unghi de scanare pe axa X: orizontal\u0103 540 de grade + reglare fin\u0103, vertical\u0103 270 de grade + reglare fin\u0103<\/p>\n<p>Afi\u0219aj: afi\u0219aj LCD care arat\u0103 func\u021bia curent\u0103 a l\u0103mpii \u00een chinez\u0103 \u0219i englez\u0103<\/p>\n<p>Dimensiune produs: 33*21*48cm<\/p>\n<p>Greutate neta: 13,5 kg<\/p>\n<p>Greutate bruta: 15 kg<\/p>\n<p>&nbsp;<\/p>\n","protected":false},"excerpt":{"rendered":"<p>Beam LED 150 W &#8211; PLS Beam 150, un flux luminos eficient si numeroase efecte. Ideal pentru DJ \u0219i instala\u021bii. Controlabil \u00een modurile DMX, automat, muzica sau master-slave.<\/p>\n","protected":false},"featured_media":12691,"comment_status":"open","ping_status":"closed","template":"","meta":[],"product_brand":[],"product_cat":[798],"product_tag":[1392,197,1391,816,501,190,1420,818,817],"class_list":{"0":"post-12690","1":"product","2":"type-product","3":"status-publish","4":"has-post-thumbnail","6":"product_cat-pls","7":"product_tag-150w-led","8":"product_tag-beam","9":"product_tag-beam-150w-led","10":"product_tag-cap-mobil-led","11":"product_tag-lumini-inteligente","12":"product_tag-moving-head","13":"product_tag-pls","14":"product_tag-wash-7x40w","15":"product_tag-wash-rgbw","17":"first","18":"instock","19":"purchasable","20":"product-type-simple"},"jetpack_sharing_enabled":true,"_links":{"self":[{"href":"https:\/\/quintett.eu\/index.php?rest_route=\/wp\/v2\/product\/12690","targetHints":{"allow":["GET"]}}],"collection":[{"href":"https:\/\/quintett.eu\/index.php?rest_route=\/wp\/v2\/product"}],"about":[{"href":"https:\/\/quintett.eu\/index.php?rest_route=\/wp\/v2\/types\/product"}],"replies":[{"embeddable":true,"href":"https:\/\/quintett.eu\/index.php?rest_route=%2Fwp%2Fv2%2Fcomments&post=12690"}],"wp:featuredmedia":[{"embeddable":true,"href":"https:\/\/quintett.eu\/index.php?rest_route=\/wp\/v2\/media\/12691"}],"wp:attachment":[{"href":"https:\/\/quintett.eu\/index.php?rest_route=%2Fwp%2Fv2%2Fmedia&parent=12690"}],"wp:term":[{"taxonomy":"product_brand","embeddable":true,"href":"https:\/\/quintett.eu\/index.php?rest_route=%2Fwp%2Fv2%2Fproduct_brand&post=12690"},{"taxonomy":"product_cat","embeddable":true,"href":"https:\/\/quintett.eu\/index.php?rest_route=%2Fwp%2Fv2%2Fproduct_cat&post=12690"},{"taxonomy":"product_tag","embeddable":true,"href":"https:\/\/quintett.eu\/index.php?rest_route=%2Fwp%2Fv2%2Fproduct_tag&post=12690"}],"curies":[{"name":"wp","href":"https:\/\/api.w.org\/{rel}","templated":true}]}}