{"id":12722,"date":"2025-04-17T17:20:40","date_gmt":"2025-04-17T15:20:40","guid":{"rendered":"https:\/\/quintett.eu\/?post_type=product&#038;p=12722"},"modified":"2025-07-22T18:06:14","modified_gmt":"2025-07-22T16:06:14","slug":"flame-b89-bk-pian-digital","status":"publish","type":"product","link":"https:\/\/quintett.eu\/?product=flame-b89-bk-pian-digital","title":{"rendered":"Flame B89 BK &#8211; Pian digital"},"content":{"rendered":"<div class=\"st_read_more_box\">\n<p>Pian digital Flame B89 BK<\/p>\n<ul>\n<li>Pian digital cu\u00a088 clape grele<\/li>\n<li>Claviatur\u0103 dinamic\u0103<\/li>\n<li>8 sunete<\/li>\n<li>128 ritmuri de tobe<\/li>\n<li>Func\u021bie de metronom<\/li>\n<li>Mp3 player de pe USB<\/li>\n<li>USB to host pentru conectare la calculator<\/li>\n<li>Posibilitate de \u00eenregistrare pe 2 track-uri<\/li>\n<li>Func\u021bie de transpozi\u021bie<\/li>\n<li>2 x 15 W<\/li>\n<li>3 pedale<\/li>\n<li>Conexiune pentru c\u0103\u0219ti<\/li>\n<li>Capac pentru protec\u021bia clapelor<\/li>\n<li>Stativ pentru partituri<\/li>\n<li>Intrare jack pentru a conecta o surs\u0103 extern\u0103 de sunet<\/li>\n<li>Dimensiune: 1420 x 480 x 860 mm<\/li>\n<li>Greutate: 40 kg<\/li>\n<li>Culoare: neagr\u0103<\/li>\n<\/ul>\n<\/div>\n","protected":false},"excerpt":{"rendered":"<p>Pian digital Flame B89 BK cu un design elegant \u0219i o claviatur\u0103 dinamic\u0103 cu 88 de clape grele, ce ofer\u0103 piani\u0219tilor un mod pl\u0103cut de a studia \u0219i de a-\u0219i \u00eembun\u0103t\u0103\u021bi experien\u021ba muzical\u0103<\/p>\n","protected":false},"featured_media":12734,"comment_status":"open","ping_status":"closed","template":"","meta":[],"product_brand":[],"product_cat":[1421,42],"product_tag":[394,392,65,1422,395],"class_list":{"0":"post-12722","1":"product","2":"type-product","3":"status-publish","4":"has-post-thumbnail","6":"product_cat-piane-digitale-dealer","7":"product_cat-promotii","8":"product_tag-dp-501","9":"product_tag-hemingway","10":"product_tag-pian-digital","11":"product_tag-pian-digital-flame","12":"product_tag-thomann","14":"first","15":"instock","16":"purchasable","17":"product-type-simple"},"jetpack_sharing_enabled":true,"_links":{"self":[{"href":"https:\/\/quintett.eu\/index.php?rest_route=\/wp\/v2\/product\/12722","targetHints":{"allow":["GET"]}}],"collection":[{"href":"https:\/\/quintett.eu\/index.php?rest_route=\/wp\/v2\/product"}],"about":[{"href":"https:\/\/quintett.eu\/index.php?rest_route=\/wp\/v2\/types\/product"}],"replies":[{"embeddable":true,"href":"https:\/\/quintett.eu\/index.php?rest_route=%2Fwp%2Fv2%2Fcomments&post=12722"}],"wp:featuredmedia":[{"embeddable":true,"href":"https:\/\/quintett.eu\/index.php?rest_route=\/wp\/v2\/media\/12734"}],"wp:attachment":[{"href":"https:\/\/quintett.eu\/index.php?rest_route=%2Fwp%2Fv2%2Fmedia&parent=12722"}],"wp:term":[{"taxonomy":"product_brand","embeddable":true,"href":"https:\/\/quintett.eu\/index.php?rest_route=%2Fwp%2Fv2%2Fproduct_brand&post=12722"},{"taxonomy":"product_cat","embeddable":true,"href":"https:\/\/quintett.eu\/index.php?rest_route=%2Fwp%2Fv2%2Fproduct_cat&post=12722"},{"taxonomy":"product_tag","embeddable":true,"href":"https:\/\/quintett.eu\/index.php?rest_route=%2Fwp%2Fv2%2Fproduct_tag&post=12722"}],"curies":[{"name":"wp","href":"https:\/\/api.w.org\/{rel}","templated":true}]}}