{"id":12763,"date":"2025-04-23T14:00:42","date_gmt":"2025-04-23T12:00:42","guid":{"rendered":"https:\/\/quintett.eu\/?post_type=product&#038;p=12763"},"modified":"2025-07-22T18:08:13","modified_gmt":"2025-07-22T16:08:13","slug":"frenel-200w-led-fresnel-light","status":"publish","type":"product","link":"https:\/\/quintett.eu\/?product=frenel-200w-led-fresnel-light","title":{"rendered":"FRENEL 200W LED FRESNEL LIGHT"},"content":{"rendered":"<div class=\"lRu31\" dir=\"ltr\"><span class=\"HwtZe\" lang=\"ro\"><span class=\"jCAhz ChMk0b\"><span class=\"ryNqvb\">LED COB de 200 W (alb cald 3200K\/alb rece 8000K)\u00a0<\/span><\/span><\/span><\/div>\n<div class=\"lRu31\" dir=\"ltr\"><span class=\"HwtZe\" lang=\"ro\"><span class=\"jCAhz ChMk0b\"><span class=\"ryNqvb\">Durat\u0103 de via\u021b\u0103 de 50.000 de ore \u0219i consum redus de energie <\/span><\/span><\/span><\/div>\n<div class=\"lRu31\" dir=\"ltr\"><span class=\"HwtZe\" lang=\"ro\"><span class=\"jCAhz ChMk0b\"><span class=\"ryNqvb\">Indicele de redare a culorii (CRI): Ra\u226590 <\/span><\/span><\/span><\/div>\n<div class=\"lRu31\" dir=\"ltr\"><span class=\"HwtZe\" lang=\"ro\"><span class=\"jCAhz ChMk0b\"><span class=\"ryNqvb\">Lentila Fresnel de inalta eficienta <\/span><\/span><\/span><\/div>\n<div class=\"lRu31\" dir=\"ltr\"><span class=\"HwtZe\" lang=\"ro\"><span class=\"jCAhz ChMk0b\"><span class=\"ryNqvb\">Imagine plat\u0103 \u0219i uniform\u0103, cu margine moale <\/span><\/span><\/span><\/div>\n<div class=\"lRu31\" dir=\"ltr\"><span class=\"HwtZe\" lang=\"ro\"><span class=\"jCAhz ChMk0b\"><span class=\"ryNqvb\">Sistem de zoom manual\u00a0 de la 15\u00b0-55\u00b0 <\/span><\/span><\/span><\/div>\n<div class=\"lRu31\" dir=\"ltr\"><span class=\"HwtZe\" lang=\"ro\"><span class=\"jCAhz ChMk0b\"><span class=\"ryNqvb\">Carcas\u0103 realizat\u0103 din aliaj robust de aluminiu turnat sub presiune <\/span><\/span><\/span><\/div>\n<div class=\"lRu31\" dir=\"ltr\"><span class=\"HwtZe\" lang=\"ro\"><span class=\"jCAhz ChMk0b\"><span class=\"ryNqvb\">M\u00e2ner spate izolat termic <\/span><\/span><\/span><\/div>\n<div class=\"lRu31\" dir=\"ltr\"><span class=\"HwtZe\" lang=\"ro\"><span class=\"jCAhz ChMk0b\"><span class=\"ryNqvb\">Butoane izolate termic \u0219i un singur m\u00e2ner din aluminiu pentru instalare <\/span><\/span><\/span><\/div>\n<div class=\"lRu31\" dir=\"ltr\"><span class=\"HwtZe\" lang=\"ro\"><span class=\"jCAhz\"><span class=\"ryNqvb\">Barn door incluse <\/span><\/span><\/span><\/div>\n<div class=\"lRu31\" dir=\"ltr\"><span class=\"HwtZe\" lang=\"ro\"><span class=\"jCAhz ChMk0b\"><span class=\"ryNqvb\">Dimmer liniar 0-100% neted \u0219i precis <\/span><\/span><span class=\"jCAhz ChMk0b\"><span class=\"ryNqvb\">25 T\/sec de mare vitez\u0103 declan\u0219ator\/efect stroboscopic cu vitez\u0103 variabil\u0103 <\/span><\/span><\/span><\/div>\n<div class=\"lRu31\" dir=\"ltr\"><span class=\"HwtZe\" lang=\"ro\"><span class=\"jCAhz ChMk0b\"><span class=\"ryNqvb\">Efect stroboscopic variabil\/aleatoriu prestabilit \u0219i efect de puls de estompare <\/span><\/span><\/span><\/div>\n<div class=\"lRu31\" dir=\"ltr\"><span class=\"HwtZe\" lang=\"ro\"><span class=\"jCAhz\"><span class=\"ryNqvb\">2\/5 canale DMX <\/span><\/span><span class=\"jCAhz\"><span class=\"ryNqvb\">DMX512, master-slave \u0219i control sunet sau func\u021bionare automat\u0103 <\/span><\/span><\/span><\/div>\n<div class=\"lRu31\" dir=\"ltr\"><span class=\"HwtZe\" lang=\"ro\"><span class=\"jCAhz\"><span class=\"ryNqvb\">Display LCD cu 4 butoane, <\/span><\/span><\/span><\/div>\n<div class=\"lRu31\" dir=\"ltr\"><span class=\"HwtZe\" lang=\"ro\"><span class=\"jCAhz\"><span class=\"ryNqvb\">Conector POWRECON IN\/OUT, conectori XLR cu 3 pini<br \/>\n<\/span><\/span><\/span><\/div>\n<div class=\"lRu31\" dir=\"ltr\"><span class=\"HwtZe\" lang=\"ro\"><span class=\"jCAhz\"><span class=\"ryNqvb\">Ventilator cu zgomot redus integrat cu sistem de r\u0103cire cu lichid de cupru <\/span><\/span><span class=\"jCAhz\"><span class=\"ryNqvb\">Grad de protec\u021bie IP20 <\/span><\/span><\/span><\/div>\n<div class=\"lRu31\" dir=\"ltr\">\n<p><span class=\"HwtZe\" lang=\"ro\"><span class=\"jCAhz\"><span class=\"ryNqvb\">Specificatii: <\/span><\/span><span class=\"jCAhz\"><span class=\"ryNqvb\">Tensiune de intrare: AC100-240V 50\/60Hz <\/span><\/span><span class=\"jCAhz\"><span class=\"ryNqvb\">Max.<\/span><\/span> <span class=\"jCAhz ChMk0b\"><span class=\"ryNqvb\">Putere: 300W <\/span><\/span><span class=\"jCAhz ChMk0b\"><span class=\"ryNqvb\">Dimensiuni: 397(D)*211(L)*378(H)mm <\/span><\/span><span class=\"jCAhz ChMk0b\"><span class=\"ryNqvb\">Dimensiune ambalaj: 580(D)*325(W)*320(H)mm <\/span><\/span><span class=\"jCAhz\"><span class=\"ryNqvb\">Greutate neta: 5,8 kg <\/span><\/span><span class=\"jCAhz\"><span class=\"ryNqvb\">Greutate bruta: 7 kg<\/span><\/span><\/span><\/p>\n<div class=\"OvtS8d\"><\/div>\n<div id=\"ow48\"><\/div>\n<\/div>\n<div class=\"UdTY9 BwTYAc WdefRb\" aria-hidden=\"true\" data-location=\"2\">\n<div class=\"kO6q6e\"><\/div>\n<\/div>\n<div class=\"XL3Kf XExWNc\">\n<div class=\"a8FIud X0rvP\">\n<div data-show-delay-ms=\"250\" data-append-to-body=\"false\" data-propagate-tooltip-mouseover-events=\"true\" data-anchor-corner=\"bottom-end\" data-enable-skip-handler=\"true\" data-popup-corner=\"top-end\">\n<div class=\"dig2sb\"><\/div>\n<\/div>\n<\/div>\n<\/div>\n<div class=\"XL3Kf XExWNc\">\n<div class=\"a8FIud X0rvP\">\n<div data-show-delay-ms=\"250\" data-append-to-body=\"false\" data-propagate-tooltip-mouseover-events=\"true\" data-anchor-corner=\"bottom-end\" data-enable-skip-handler=\"true\" data-popup-corner=\"top-end\"><\/div>\n<\/div>\n<\/div>\n<div class=\"ebT7ne VOLvac sMVRZe\">\n<div class=\"F0pQVc\"><\/div>\n<\/div>\n<div class=\"VO9ucd\">\n<div class=\"aJIq1d\" dir=\"ltr\" data-language-code=\"ro\" data-language-name=\"Rom\u00e2n\u0103\" data-text=\"LED COB de 250 W (alb cald 3200K\/alb rece 8000K) \/250W COB LED RGBWA Durat\u0103 de via\u021b\u0103 de 50.000 de ore \u0219i consum redus de energie Indicele de redare a culorii (CRI): Ra\u226590 Lentila Fresnel de inalta eficienta Imagine plat\u0103 \u0219i uniform\u0103, cu margine moale Sistem de zoom automat (prin DMX) de la 15\u00b0-60\u00b0 Carcas\u0103 realizat\u0103 din aliaj robust de aluminiu turnat sub presiune M\u00e2ner spate izolat termic Butoane izolate termic \u0219i un singur m\u00e2ner din aluminiu pentru instalare Usa hambar inclusa Dimmer liniar 0-100% neted \u0219i precis 25 T\/sec de mare vitez\u0103 declan\u0219ator\/efect stroboscopic cu vitez\u0103 variabil\u0103 Efect stroboscopic variabil\/aleatoriu prestabilit \u0219i efect de puls de estompare 2\/5 canale DMX DMX512, master-slave \u0219i control sunet sau func\u021bionare automat\u0103 Display LCD cu 4 butoane, conector POWRECON IN\/OUT, conectori XLR cu 3 pini \u0219i 5 pini IN\/OUT Ventilator cu zgomot redus integrat cu sistem de r\u0103cire cu lichid de cupru Grad de protec\u021bie IP20 Specificatii: Tensiune de intrare: AC100-240V 50\/60Hz Max. Putere: 300W Dimensiuni: 397(D)*211(L)*378(H)mm Dimensiune ambalaj: 580(D)*325(W)*320(H)mm Greutate neta: 8,5 kg Greutate bruta: 11 kg\" data-crosslingual-hint=\"en\" data-location=\"2\" data-enable-toggle-playback-speed=\"true\" data-results-count=\"1\" data-result-index=\"1\">\n<div class=\"m0Qfkd\"><\/div>\n<\/div>\n<\/div>\n","protected":false},"excerpt":{"rendered":"<p>Noul FRENEL cu zoom manual Stage Studio func\u021bioneaz\u0103 cu un LED COB Citizen puternic de 200 W. Temperatura de culoare este de 3200K \u0219i arat\u0103 ca un spot cu halogen conven\u021bional. Dispozitivul este echipat cu un ventilator silen\u021bios \u0219i proiec\u021bie f\u0103r\u0103 p\u00e2lp\u00e2ire. Lentila Fresnel de 150 mm are o func\u021bie de zoom manual\u0103 de la 12\u00b0 la 55\u00b0 \u0219i este inclus\u0103 o u\u0219oar\u0103 cu 4 direc\u021bii.\u00a0 Stage Studio Manual Zoom este utilizat \u00een studiouri de televiziune, \u0219coli, t\u00e2rguri comerciale, spectacole de teatru, opere \u0219i multe alte loca\u021bii.<\/p>\n","protected":false},"featured_media":12764,"comment_status":"open","ping_status":"closed","template":"","meta":[],"product_brand":[],"product_cat":[42,391],"product_tag":[1123,1118,1119,1117,1419,811,1121,1120,1122,390],"class_list":{"0":"post-12763","1":"product","2":"type-product","3":"status-publish","4":"has-post-thumbnail","6":"product_cat-promotii","7":"product_cat-thomann","8":"product_tag-filmari","9":"product_tag-frenel-led-200w","10":"product_tag-frenel-led-300w","11":"product_tag-frenel-teatru","12":"product_tag-fresnel-cob-250w","13":"product_tag-fresnel-teatru","14":"product_tag-reflector-led","15":"product_tag-reflector-teatru","16":"product_tag-televiziune","17":"product_tag-video","19":"first","20":"instock","21":"purchasable","22":"product-type-simple"},"jetpack_sharing_enabled":true,"_links":{"self":[{"href":"https:\/\/quintett.eu\/index.php?rest_route=\/wp\/v2\/product\/12763","targetHints":{"allow":["GET"]}}],"collection":[{"href":"https:\/\/quintett.eu\/index.php?rest_route=\/wp\/v2\/product"}],"about":[{"href":"https:\/\/quintett.eu\/index.php?rest_route=\/wp\/v2\/types\/product"}],"replies":[{"embeddable":true,"href":"https:\/\/quintett.eu\/index.php?rest_route=%2Fwp%2Fv2%2Fcomments&post=12763"}],"wp:featuredmedia":[{"embeddable":true,"href":"https:\/\/quintett.eu\/index.php?rest_route=\/wp\/v2\/media\/12764"}],"wp:attachment":[{"href":"https:\/\/quintett.eu\/index.php?rest_route=%2Fwp%2Fv2%2Fmedia&parent=12763"}],"wp:term":[{"taxonomy":"product_brand","embeddable":true,"href":"https:\/\/quintett.eu\/index.php?rest_route=%2Fwp%2Fv2%2Fproduct_brand&post=12763"},{"taxonomy":"product_cat","embeddable":true,"href":"https:\/\/quintett.eu\/index.php?rest_route=%2Fwp%2Fv2%2Fproduct_cat&post=12763"},{"taxonomy":"product_tag","embeddable":true,"href":"https:\/\/quintett.eu\/index.php?rest_route=%2Fwp%2Fv2%2Fproduct_tag&post=12763"}],"curies":[{"name":"wp","href":"https:\/\/api.w.org\/{rel}","templated":true}]}}