{"id":12771,"date":"2025-04-24T10:39:26","date_gmt":"2025-04-24T08:39:26","guid":{"rendered":"https:\/\/quintett.eu\/?post_type=product&#038;p=12771"},"modified":"2025-07-22T18:04:58","modified_gmt":"2025-07-22T16:04:58","slug":"mac-mah-izy-715-zoom","status":"publish","type":"product","link":"https:\/\/quintett.eu\/?product=mac-mah-izy-715-zoom","title":{"rendered":"Mac Mah &#8211; IZY 715 Zoom"},"content":{"rendered":"<p>Caracteristici:<br \/>\nMac Mah IZY 715 Zoom<br \/>\nSurse de lumin\u0103 Lyre Wash: 7 LED-uri RGBW 4-\u00een-1 de 15W<br \/>\nDurata de via\u021b\u0103 a LED-ului: &gt; 50.000 de ore<br \/>\nModuri de control: DMX512, master-slave, automat, sunet<br \/>\nMi\u0219c\u0103ri: PAN 540\u00b0, TILT 190\u00b0 crest\u0103tur\u0103<br \/>\nDimmer LED: 0-100% liniar<br \/>\nStrobe: 0-23 Hz Zoom: 6\u00b0 36\u00b0<br \/>\nProtectie: IP20<br \/>\nAlimentare: 100-240 VAC \/ 50-60 Hz<br \/>\nConsum: 120 W<br \/>\nDimensiuni: 245 x 145 x 330 mm<br \/>\nGreutate neta: 3,98 kg<\/p>\n","protected":false},"excerpt":{"rendered":"<p>Mac Mah IZY 715 Zoom are 7 LED-uri RGBW 4-in-1 de 15W \u0219i un zoom variabil de 6\u00b0 36\u00b0 pentru a modula iluminarea. Mi\u0219c\u0103rile sale panoramice \u0219i stroboscopul de p\u00e2n\u0103 la 23 Hz ofer\u0103 o anima\u021bie dinamic\u0103 a scenei. Diferitele moduri de control (DMX, auto, sunet, master-slave) asigur\u0103 o integrare perfect\u0103 \u00een multe contexte.<\/p>\n","protected":false},"featured_media":12772,"comment_status":"open","ping_status":"closed","template":"","meta":[],"product_brand":[],"product_cat":[496],"product_tag":[1415,501,1417,513,1427,190,505,1426,832,196,1416,515,516],"class_list":{"0":"post-12771","1":"product","2":"type-product","3":"status-publish","4":"has-post-thumbnail","6":"product_cat-msc-lumini-si-scene","7":"product_tag-1915-aura","8":"product_tag-lumini-inteligente","9":"product_tag-lumini-led","10":"product_tag-mac-mah","11":"product_tag-martin","12":"product_tag-moving-head","13":"product_tag-moving-head-7r","14":"product_tag-moving-head-led","15":"product_tag-robe","16":"product_tag-wash","17":"product_tag-wash-1915","18":"product_tag-wash-19x15","19":"product_tag-wash1915","21":"first","22":"instock","23":"purchasable","24":"product-type-simple"},"jetpack_sharing_enabled":true,"_links":{"self":[{"href":"https:\/\/quintett.eu\/index.php?rest_route=\/wp\/v2\/product\/12771","targetHints":{"allow":["GET"]}}],"collection":[{"href":"https:\/\/quintett.eu\/index.php?rest_route=\/wp\/v2\/product"}],"about":[{"href":"https:\/\/quintett.eu\/index.php?rest_route=\/wp\/v2\/types\/product"}],"replies":[{"embeddable":true,"href":"https:\/\/quintett.eu\/index.php?rest_route=%2Fwp%2Fv2%2Fcomments&post=12771"}],"wp:featuredmedia":[{"embeddable":true,"href":"https:\/\/quintett.eu\/index.php?rest_route=\/wp\/v2\/media\/12772"}],"wp:attachment":[{"href":"https:\/\/quintett.eu\/index.php?rest_route=%2Fwp%2Fv2%2Fmedia&parent=12771"}],"wp:term":[{"taxonomy":"product_brand","embeddable":true,"href":"https:\/\/quintett.eu\/index.php?rest_route=%2Fwp%2Fv2%2Fproduct_brand&post=12771"},{"taxonomy":"product_cat","embeddable":true,"href":"https:\/\/quintett.eu\/index.php?rest_route=%2Fwp%2Fv2%2Fproduct_cat&post=12771"},{"taxonomy":"product_tag","embeddable":true,"href":"https:\/\/quintett.eu\/index.php?rest_route=%2Fwp%2Fv2%2Fproduct_tag&post=12771"}],"curies":[{"name":"wp","href":"https:\/\/api.w.org\/{rel}","templated":true}]}}