{"id":12773,"date":"2025-04-24T10:43:15","date_gmt":"2025-04-24T08:43:15","guid":{"rendered":"https:\/\/quintett.eu\/?post_type=product&#038;p=12773"},"modified":"2025-07-22T18:04:37","modified_gmt":"2025-07-22T16:04:37","slug":"mac-mah-izy-120-wash","status":"publish","type":"product","link":"https:\/\/quintett.eu\/?product=mac-mah-izy-120-wash","title":{"rendered":"Mac Mah &#8211; IZY 120 Wash"},"content":{"rendered":"<p>Caracteristici:<br \/>\nMac Mah IZY 120<br \/>\nWash Lyre Wash 120 W RGBW 4-\u00een-1<br \/>\nDimmer LED: 0-100%<br \/>\nModuri de control: DMX, master-slave, automat, muzica<br \/>\nCanale DMX: 14<br \/>\nMi\u0219c\u0103ri: PAN 540\u00b0, TILT 205\u00b0 (16 bi\u021bi)<br \/>\nFunc\u021bie stroboscopic\u0103: 25 de clipiri\/secund\u0103 crest\u0103tur\u0103<br \/>\nAlimentare LED: 100-240 VAC \/ 50-60 Hz prin powerCON<br \/>\nConsum: 150 W<br \/>\nDimensiuni: 200 x 140 x 285 mm<br \/>\nGreutate neta: 3,25 kg<\/p>\n","protected":false},"excerpt":{"rendered":"<p>Capul mobil Mac Mah IZY 120 Wash ofer\u0103 un LED RGBW de 120 W, 14 canale DMX \u0219i mi\u0219c\u0103ri largi PAN\/TILT, ideal pentru configura\u021bii versatile pe scen\u0103.<\/p>\n","protected":false},"featured_media":12774,"comment_status":"open","ping_status":"closed","template":"","meta":[],"product_brand":[],"product_cat":[496],"product_tag":[1415,501,1417,513,1427,190,505,1426,832,196,1416,515,516],"class_list":{"0":"post-12773","1":"product","2":"type-product","3":"status-publish","4":"has-post-thumbnail","6":"product_cat-msc-lumini-si-scene","7":"product_tag-1915-aura","8":"product_tag-lumini-inteligente","9":"product_tag-lumini-led","10":"product_tag-mac-mah","11":"product_tag-martin","12":"product_tag-moving-head","13":"product_tag-moving-head-7r","14":"product_tag-moving-head-led","15":"product_tag-robe","16":"product_tag-wash","17":"product_tag-wash-1915","18":"product_tag-wash-19x15","19":"product_tag-wash1915","21":"first","22":"instock","23":"purchasable","24":"product-type-simple"},"jetpack_sharing_enabled":true,"_links":{"self":[{"href":"https:\/\/quintett.eu\/index.php?rest_route=\/wp\/v2\/product\/12773","targetHints":{"allow":["GET"]}}],"collection":[{"href":"https:\/\/quintett.eu\/index.php?rest_route=\/wp\/v2\/product"}],"about":[{"href":"https:\/\/quintett.eu\/index.php?rest_route=\/wp\/v2\/types\/product"}],"replies":[{"embeddable":true,"href":"https:\/\/quintett.eu\/index.php?rest_route=%2Fwp%2Fv2%2Fcomments&post=12773"}],"wp:featuredmedia":[{"embeddable":true,"href":"https:\/\/quintett.eu\/index.php?rest_route=\/wp\/v2\/media\/12774"}],"wp:attachment":[{"href":"https:\/\/quintett.eu\/index.php?rest_route=%2Fwp%2Fv2%2Fmedia&parent=12773"}],"wp:term":[{"taxonomy":"product_brand","embeddable":true,"href":"https:\/\/quintett.eu\/index.php?rest_route=%2Fwp%2Fv2%2Fproduct_brand&post=12773"},{"taxonomy":"product_cat","embeddable":true,"href":"https:\/\/quintett.eu\/index.php?rest_route=%2Fwp%2Fv2%2Fproduct_cat&post=12773"},{"taxonomy":"product_tag","embeddable":true,"href":"https:\/\/quintett.eu\/index.php?rest_route=%2Fwp%2Fv2%2Fproduct_tag&post=12773"}],"curies":[{"name":"wp","href":"https:\/\/api.w.org\/{rel}","templated":true}]}}