{"id":12775,"date":"2025-04-24T10:45:55","date_gmt":"2025-04-24T08:45:55","guid":{"rendered":"https:\/\/quintett.eu\/?post_type=product&#038;p=12775"},"modified":"2025-07-22T18:09:20","modified_gmt":"2025-07-22T16:09:20","slug":"mac-mah-izy-80-spot","status":"publish","type":"product","link":"https:\/\/quintett.eu\/?product=mac-mah-izy-80-spot","title":{"rendered":"Mac Mah &#8211; IZY 80 Spot"},"content":{"rendered":"<p>Caracteristici:<br \/>\nMac Mah IZY 80 Spot<br \/>\nSurs\u0103 LED Lyre Spot LED: 1 LED alb 80 W<br \/>\nDurat\u0103 de via\u021b\u0103 care dep\u0103\u0219e\u0219te 50.000 de ore<br \/>\nUnghiul fasciculului: 10\u00b0<br \/>\nCanale DMX: 14<br \/>\nModuri de control: DMX512, master-slave, automat, sunet<br \/>\nMi\u0219c\u0103ri: PAN 540\u00b0 \/ TILT 190\u00b0, 16 bi\u021bi<br \/>\nRoata de culori: 7 culori, efect curcubeu<br \/>\nRoat\u0103 Gobo: 5 gobo rotative, tremur\u00e2nd<br \/>\nDimmer Gobo: 0-100%<br \/>\nStrobe: 25 de clipiri\/secunda<br \/>\nPrism\u0103: prism\u0103 rotativ\u0103 cu 3 fa\u021bete<br \/>\nFocus motorizat Display: ecran LED<br \/>\nAlimentare: 100-240 VAC \/ 50-60 Hz<br \/>\nPutere: 150 W Greutate neta: 5,05 kg<br \/>\nDimensiuni: 245 x 150 x 345 mm<\/p>\n","protected":false},"excerpt":{"rendered":"<p>Mac Mah IZY 80 Spot concentreaz\u0103 un LED de 80 W \u0219i un unghi de fascicul de 10\u00b0 pentru a eviden\u021bia zonele cheie. Sistemul s\u0103u de ro\u021bi duble (culori \u0219i Gobo rotative) combinat cu prisma cu 3 fa\u021bete \u00eembun\u0103t\u0103\u021be\u0219te efectele vizuale. Se adapteaz\u0103 la diferite medii datorit\u0103 modurilor sale multiple de control \u0219i focaliz\u0103rii motorizate.<\/p>\n","protected":false},"featured_media":12776,"comment_status":"open","ping_status":"closed","template":"","meta":[],"product_brand":[],"product_cat":[496],"product_tag":[1415,501,1417,513,1427,190,505,1426,832,196,1416,515,516],"class_list":{"0":"post-12775","1":"product","2":"type-product","3":"status-publish","4":"has-post-thumbnail","6":"product_cat-msc-lumini-si-scene","7":"product_tag-1915-aura","8":"product_tag-lumini-inteligente","9":"product_tag-lumini-led","10":"product_tag-mac-mah","11":"product_tag-martin","12":"product_tag-moving-head","13":"product_tag-moving-head-7r","14":"product_tag-moving-head-led","15":"product_tag-robe","16":"product_tag-wash","17":"product_tag-wash-1915","18":"product_tag-wash-19x15","19":"product_tag-wash1915","21":"first","22":"instock","23":"purchasable","24":"product-type-simple"},"jetpack_sharing_enabled":true,"_links":{"self":[{"href":"https:\/\/quintett.eu\/index.php?rest_route=\/wp\/v2\/product\/12775","targetHints":{"allow":["GET"]}}],"collection":[{"href":"https:\/\/quintett.eu\/index.php?rest_route=\/wp\/v2\/product"}],"about":[{"href":"https:\/\/quintett.eu\/index.php?rest_route=\/wp\/v2\/types\/product"}],"replies":[{"embeddable":true,"href":"https:\/\/quintett.eu\/index.php?rest_route=%2Fwp%2Fv2%2Fcomments&post=12775"}],"wp:featuredmedia":[{"embeddable":true,"href":"https:\/\/quintett.eu\/index.php?rest_route=\/wp\/v2\/media\/12776"}],"wp:attachment":[{"href":"https:\/\/quintett.eu\/index.php?rest_route=%2Fwp%2Fv2%2Fmedia&parent=12775"}],"wp:term":[{"taxonomy":"product_brand","embeddable":true,"href":"https:\/\/quintett.eu\/index.php?rest_route=%2Fwp%2Fv2%2Fproduct_brand&post=12775"},{"taxonomy":"product_cat","embeddable":true,"href":"https:\/\/quintett.eu\/index.php?rest_route=%2Fwp%2Fv2%2Fproduct_cat&post=12775"},{"taxonomy":"product_tag","embeddable":true,"href":"https:\/\/quintett.eu\/index.php?rest_route=%2Fwp%2Fv2%2Fproduct_tag&post=12775"}],"curies":[{"name":"wp","href":"https:\/\/api.w.org\/{rel}","templated":true}]}}