{"id":12778,"date":"2025-04-24T10:48:15","date_gmt":"2025-04-24T08:48:15","guid":{"rendered":"https:\/\/quintett.eu\/?post_type=product&#038;p=12778"},"modified":"2025-07-22T18:04:17","modified_gmt":"2025-07-22T16:04:17","slug":"mac-mah-izy-80-beam","status":"publish","type":"product","link":"https:\/\/quintett.eu\/?product=mac-mah-izy-80-beam","title":{"rendered":"Mac Mah &#8211; IZY 80 Beam"},"content":{"rendered":"<p>Caracteristici:<br \/>\nMac Mah IZY 80 Beam<br \/>\nLyre Beam LED Surs\u0103 LED alb\u0103 80 W putere mare<br \/>\nDurat\u0103 de via\u021b\u0103 care dep\u0103\u0219e\u0219te 50.000 de ore<br \/>\nUnghiul fasciculului: 3\u00b0<br \/>\nCanale DMX: 12<br \/>\nModuri de control: DMX512, master-slave, automat, sunet<br \/>\nMi\u0219c\u0103ri: PAN 540\u00b0 \/ TILT 190\u00b0, 16 bi\u021bi<br \/>\nRoata de culori: 7 culori + alb, efect curcubeu<br \/>\nGobo-uri: 7 gobo-uri fixe + alb, tremur\u00e2nd<br \/>\nDimmer Gobo: liniar de la 0 la 100%<br \/>\nStrobe: 20 de clipiri\/secund\u0103<br \/>\nPrism\u0103: prism\u0103 rotativ\u0103 cu 6 fa\u021bete<br \/>\nProtectie: IP20<br \/>\nDisplay: ecran LED<br \/>\nPutere: 130 W<br \/>\nAlimentare: 100-240 VAC \/ 50-60 Hz<br \/>\nGreutate neta: 4,06 kg<br \/>\nDimensiuni: 235 x 150 x 320 mm<\/p>\n","protected":false},"excerpt":{"rendered":"<div>Lyre Beam LED de 80 W Mac Mah IZY 80 Beam offrant un faisceau de 3\u00b0, roue de couleurs et de Gobos, prisme rotatif et multiples modes de contrle DMX pour des effets dynamiques. \u00a9 SonoVente.com :https:\/\/www.sonovente.com\/mac-mah-izy80beam-p99906.html#from-engine=algolia&amp;queryID=7ff894d35ff1d9c37d047412fc8453db<\/div>\n","protected":false},"featured_media":12779,"comment_status":"open","ping_status":"closed","template":"","meta":[],"product_brand":[],"product_cat":[496],"product_tag":[1415,501,1417,513,1427,190,505,1426,832,196,1416,515,516],"class_list":{"0":"post-12778","1":"product","2":"type-product","3":"status-publish","4":"has-post-thumbnail","6":"product_cat-msc-lumini-si-scene","7":"product_tag-1915-aura","8":"product_tag-lumini-inteligente","9":"product_tag-lumini-led","10":"product_tag-mac-mah","11":"product_tag-martin","12":"product_tag-moving-head","13":"product_tag-moving-head-7r","14":"product_tag-moving-head-led","15":"product_tag-robe","16":"product_tag-wash","17":"product_tag-wash-1915","18":"product_tag-wash-19x15","19":"product_tag-wash1915","21":"first","22":"instock","23":"purchasable","24":"product-type-simple"},"jetpack_sharing_enabled":true,"_links":{"self":[{"href":"https:\/\/quintett.eu\/index.php?rest_route=\/wp\/v2\/product\/12778","targetHints":{"allow":["GET"]}}],"collection":[{"href":"https:\/\/quintett.eu\/index.php?rest_route=\/wp\/v2\/product"}],"about":[{"href":"https:\/\/quintett.eu\/index.php?rest_route=\/wp\/v2\/types\/product"}],"replies":[{"embeddable":true,"href":"https:\/\/quintett.eu\/index.php?rest_route=%2Fwp%2Fv2%2Fcomments&post=12778"}],"wp:featuredmedia":[{"embeddable":true,"href":"https:\/\/quintett.eu\/index.php?rest_route=\/wp\/v2\/media\/12779"}],"wp:attachment":[{"href":"https:\/\/quintett.eu\/index.php?rest_route=%2Fwp%2Fv2%2Fmedia&parent=12778"}],"wp:term":[{"taxonomy":"product_brand","embeddable":true,"href":"https:\/\/quintett.eu\/index.php?rest_route=%2Fwp%2Fv2%2Fproduct_brand&post=12778"},{"taxonomy":"product_cat","embeddable":true,"href":"https:\/\/quintett.eu\/index.php?rest_route=%2Fwp%2Fv2%2Fproduct_cat&post=12778"},{"taxonomy":"product_tag","embeddable":true,"href":"https:\/\/quintett.eu\/index.php?rest_route=%2Fwp%2Fv2%2Fproduct_tag&post=12778"}],"curies":[{"name":"wp","href":"https:\/\/api.w.org\/{rel}","templated":true}]}}