{"id":12829,"date":"2025-04-24T13:09:26","date_gmt":"2025-04-24T11:09:26","guid":{"rendered":"https:\/\/quintett.eu\/?post_type=product&#038;p=12829"},"modified":"2025-07-04T11:35:45","modified_gmt":"2025-07-04T09:35:45","slug":"tw-audio-pa-sys-21-bundle","status":"publish","type":"product","link":"https:\/\/quintett.eu\/?product=tw-audio-pa-sys-21-bundle","title":{"rendered":"TW Audio PA SYS 21 BUNDLE"},"content":{"rendered":"<p>PA-SYS-21 BUNDLE\u00a0 este solu\u021bia noastr\u0103 dovedit\u0103 \u0219i de \u00eencredere a plug-in-play-ului oferind o reproducere audio de \u00eenalt\u0103 calitate \u00eentr-un format simplu, absolut de \u00eencredere.<\/p>\n<p>219.990 &#8211; cu SYSRACK-TGX10 Pret SPECIAL ANIVERSARE 20 Ani !!!<\/p>\n<p>214.990 &#8211; cu SYSRACK-X4 Pret SPECIAL ANIVERSARE 20 Ani !!!<\/p>\n<p>ATENTIE : Func\u021bionarea optima este recomandat\u0103 cu preseturi TW AUDIO dedicate pe amplificatoarele Lab Gruppen , Linea Research ,Powersoft sau Dynacord seriile TGX, IPX \u0219i L .<\/p>\n","protected":false},"excerpt":{"rendered":"<p>lei &#8211; Pret SPECIAL ANIVERSARE 20 Ani !!!<\/p>\n<div class=\"flex_column av_one_half flex_column_div first \">\n<p><strong>PA-SYS-ONE<\/strong><\/p>\n<p>Cu dou\u0103 Topuri <a href=\"https:\/\/www.twaudio.de\/en\/product\/t-series\/t24n-neoclassic\/\" target=\"_blank\" rel=\"noopener noreferrer\">T24N<\/a> \u0219i 6 Subwoofere <a href=\"https:\/\/quintett.ro\/?product=tw-audio-b21\" target=\"_blank\" rel=\"noopener noreferrer\">B21<\/a>\u00a0, PA-SYS-ONE este recunoscut \u0219i binevenit oriunde este folosit &#8211; \u0219i toate acestea cu necesitatea unui singur\u00a0<a href=\"https:\/\/www.twaudio.de\/en\/product\/amplifiers-software\/sysrack-l\/\" target=\"_blank\" rel=\"noopener noreferrer\">SYSRACK-L<\/a>\u00a0(Lab.gruppen) sau\u00a0<a href=\"https:\/\/www.twaudio.de\/en\/product\/amplifiers-software\/sysrack-x\/\" target=\"_blank\" rel=\"noopener noreferrer\">SYSRACK-X<\/a> (Powersoft) sau <a href=\"https:\/\/quintett.ro\/?product=tw-audio-sysrack-tgx10\">SYSRACK-D<\/a> (DYNACORD). Designul compact \u0219i modular al sistemului \u00eenseamn\u0103 c\u0103 o platform\u0103 complet\u0103 poate fi transportat\u0103 cu u\u0219urin\u021b\u0103 \u00een spatele unei autoutilitare, desc\u0103rcat\u0103 \u0219i configurat\u0103 de o singur\u0103 persoan\u0103. Este doar unul dintre numeroasele motive pentru care PA-SYS-ONE a devenit alegerea de \u00eencredere a Band-urilor sau formatiilor, a unor s\u0103li de dimensiuni mici p\u00e2n\u0103 la medii, teatre, case de cult \u0219i chiar evenimente \u00een aer liber.<\/p>\n<p>\u0218i dac\u0103 ave\u021bi nevoie de mai mult\u0103 putere, ad\u0103uga\u021bi pur \u0219i simplu un alt PA-SYS-ONE &#8211; modularitatea sistemului v\u0103 permite s\u0103 construi\u021bi solu\u021bia de PA de care ave\u021bi nevoie, f\u0103r\u0103 a compromite calitatea.\u00a0\u00cen mod alternativ, extinde\u021bi sistemul \u00een gama infra-bas cu includerea\u00a0subwooferelor\u00a0<a href=\"https:\/\/www.twaudio.de\/en\/product\/b-series\/bsx-serious-low-throw\/\" target=\"_blank\" rel=\"noopener noreferrer\">BSX<\/a>\u00a0\u0219i amplificatoare suplimentare.<\/p>\n<p>Din toate aceste motive \u0219i multe altele, PA-SYS-ONE este un clasic TW AUDiO.<\/p>\n<\/div>\n<div class=\"flex_column av_one_half flex_column_div \">\n<p>Recenzii de pres\u0103 ale revistei germane\u00a0<em>Production Partner<\/em>\u00a0(\u00a0<a href=\"https:\/\/www.twaudio.de\/wp-content\/uploads\/2016\/03\/TW_AUDiO_T24N_Tests_Production_Partner_Reprint_T24N_EN-1.pdf\" target=\"_blank\" rel=\"noopener noreferrer\">citi\u021bi articolul complet aici<\/a>\u00a0):<\/p>\n<p>&#8220;\u00a0<em>Cu un subwoofer, sistemul a fost \u00eentr-adev\u0103r ameliorat, produc\u00e2nd un sunet de \u00eenalt\u0103 performan\u021b\u0103 cu dinamica unei performan\u021be live. \u00cen acest moment, a fost pur\u0103 pl\u0103cere s\u0103 folosi\u021bi sistemul \u0219i chiar \u0219i scepticii nu au putut g\u0103si nicio critic\u0103.<\/em>\u00a0&#8220;<\/p>\n<p>&#8220;\u00a0<em>&#8230; \u0219i orice persoan\u0103 prezent\u0103 \u0219i-ar putea imagina aplica\u021biile pentru care\u00a0\u00a0<\/em><em>sistemele sunt cele mai potrivite: concerte de club, acte DJ, evenimente \u00een casete, amplificare de vorbire pe distan\u021be lungi, instala\u021bii de toate dimensiunile &#8230;<\/em>\u00a0&#8220;<\/p>\n<p>\u201e\u00a0<em>Deosebit de frapant a fost sunetul sistemului, care a r\u0103mas pl\u0103cut chiar \u0219i la niveluri foarte ridicate \u0219i echilibrul tonal.<\/em>\u00a0\u201d<\/p>\n<p>Rezumat: \u201e\u00a0<em>\u2026 construc\u021bia difuzoarelor la cea mai \u00eenalt\u0103 perfec\u021biune la toate nivelurile.<\/em>\u00a0\u201d<\/p>\n<\/div>\n","protected":false},"featured_media":12838,"comment_status":"open","ping_status":"closed","template":"","meta":[],"product_brand":[],"product_cat":[768,19],"product_tag":[68,198,199,1393,55],"class_list":{"0":"post-12829","1":"product","2":"type-product","3":"status-publish","4":"has-post-thumbnail","6":"product_cat-20-years","7":"product_cat-tw-audio","8":"product_tag-b30","9":"product_tag-pa-sys-one","10":"product_tag-t24n","11":"product_tag-tw-audio-pa-sys-one","12":"product_tag-tw-audio","14":"first","15":"instock","16":"purchasable","17":"product-type-simple"},"jetpack_sharing_enabled":true,"_links":{"self":[{"href":"https:\/\/quintett.eu\/index.php?rest_route=\/wp\/v2\/product\/12829","targetHints":{"allow":["GET"]}}],"collection":[{"href":"https:\/\/quintett.eu\/index.php?rest_route=\/wp\/v2\/product"}],"about":[{"href":"https:\/\/quintett.eu\/index.php?rest_route=\/wp\/v2\/types\/product"}],"replies":[{"embeddable":true,"href":"https:\/\/quintett.eu\/index.php?rest_route=%2Fwp%2Fv2%2Fcomments&post=12829"}],"wp:featuredmedia":[{"embeddable":true,"href":"https:\/\/quintett.eu\/index.php?rest_route=\/wp\/v2\/media\/12838"}],"wp:attachment":[{"href":"https:\/\/quintett.eu\/index.php?rest_route=%2Fwp%2Fv2%2Fmedia&parent=12829"}],"wp:term":[{"taxonomy":"product_brand","embeddable":true,"href":"https:\/\/quintett.eu\/index.php?rest_route=%2Fwp%2Fv2%2Fproduct_brand&post=12829"},{"taxonomy":"product_cat","embeddable":true,"href":"https:\/\/quintett.eu\/index.php?rest_route=%2Fwp%2Fv2%2Fproduct_cat&post=12829"},{"taxonomy":"product_tag","embeddable":true,"href":"https:\/\/quintett.eu\/index.php?rest_route=%2Fwp%2Fv2%2Fproduct_tag&post=12829"}],"curies":[{"name":"wp","href":"https:\/\/api.w.org\/{rel}","templated":true}]}}