{"id":12849,"date":"2025-05-19T10:35:22","date_gmt":"2025-05-19T08:35:22","guid":{"rendered":"https:\/\/quintett.eu\/?post_type=product&#038;p=12849"},"modified":"2025-05-19T11:05:35","modified_gmt":"2025-05-19T09:05:35","slug":"suport-ecran-led-frame-3","status":"publish","type":"product","link":"https:\/\/quintett.eu\/?product=suport-ecran-led-frame-3","title":{"rendered":"SUPORT ECRAN &#8211; LED FRAME 3"},"content":{"rendered":"<p><span class=\"HwtZe\" lang=\"ro\"><span class=\"jCAhz ChMk0b\"><span class=\"ryNqvb\">SUPORT CADRU LED 3 Cel mai mare suport standardizat pentru ecranul LED din portofoliul nostru poate g\u0103zdui ecrane cu dimensiuni de p\u00e2n\u0103 la 8 x 6 m (26,2 x 19,7 ft).<\/span><\/span> <span class=\"jCAhz ChMk0b\"><span class=\"ryNqvb\">Suprafa\u021ba maxim\u0103 a ecranului este de 48 m\u00b2, iar la aceast\u0103 dimensiune a ecranului a fost ad\u0103ugat\u0103 o grind\u0103 de siguran\u021b\u0103 necesar\u0103 structurii din partea inferioar\u0103 a ecranului LED, de care trebuie ata\u0219at ecranul \u00een sine.<\/span><\/span> <span class=\"jCAhz ChMk0b\"><span class=\"ryNqvb\">Greutatea maxim\u0103 admis\u0103 a ecranului LED este de 3000 kg (6.614 lbs).<\/span><\/span> <span class=\"jCAhz ChMk0b\"><span class=\"ryNqvb\">Picioarele verticale ale grinzii sunt seturi standard Tower 2, iar grinzile FT44 sunt utilizate pentru a crea baza structurii complete pe sol.<\/span><\/span> <span class=\"jCAhz ChMk0b\"><span class=\"ryNqvb\">Exist\u0103 mai multe piese speciale care fac posibil\u0103 asamblarea structurii complete a\u0219a cum a fost proiectat\u0103 \u0219i calculat\u0103.<\/span><\/span><\/span><\/p>\n","protected":false},"excerpt":{"rendered":"<p>Specifica\u021bii :<\/p>\n<p>DIMENSIUNI MAXIME<br \/>\n12,3 x 8,2 m (40,4 x 26,9 ft)<\/p>\n<p>DIMENSIUNI MAXIME LED<br \/>\n8 m x 6 m (26,2 ft x 19,7 ft)<\/p>\n<p>\u00ceN\u0102L\u021aIME MAXIM\u0102<br \/>\n10,2 m (33,5 ft)<\/p>\n<p>CAPACITATE MAXIM\u0102 DE \u00ceNC\u0102RCARE<br \/>\n3000 kg (6.614 lbs)<\/p>\n<p>GREUTATE TOTAL\u0102 A CONSTRUC\u021aIEI<br \/>\n1200 kg (2.646 lbs)<\/p>\n","protected":false},"featured_media":12850,"comment_status":"open","ping_status":"closed","template":"","meta":[],"product_brand":[],"product_cat":[42,1440],"product_tag":[1433,546,1435,1432,1434,1430,1437,1436,1054,1438,1429,1431],"class_list":{"0":"post-12849","1":"product","2":"type-product","3":"status-publish","4":"has-post-thumbnail","6":"product_cat-promotii","7":"product_cat-scenotechnica","8":"product_tag-athletic","9":"product_tag-global-truss","10":"product_tag-led-ecran-suport-outdoor","11":"product_tag-litec","12":"product_tag-prolyte","13":"product_tag-scena-fixa","14":"product_tag-scena-fixa-10x8","15":"product_tag-scena-fixa-8x6","16":"product_tag-scena-mobila","17":"product_tag-scena-outdoor-12x10","18":"product_tag-suport-ecran-led","19":"product_tag-taf","21":"first","22":"instock","23":"sale","24":"purchasable","25":"product-type-simple"},"jetpack_sharing_enabled":true,"_links":{"self":[{"href":"https:\/\/quintett.eu\/index.php?rest_route=\/wp\/v2\/product\/12849","targetHints":{"allow":["GET"]}}],"collection":[{"href":"https:\/\/quintett.eu\/index.php?rest_route=\/wp\/v2\/product"}],"about":[{"href":"https:\/\/quintett.eu\/index.php?rest_route=\/wp\/v2\/types\/product"}],"replies":[{"embeddable":true,"href":"https:\/\/quintett.eu\/index.php?rest_route=%2Fwp%2Fv2%2Fcomments&post=12849"}],"wp:featuredmedia":[{"embeddable":true,"href":"https:\/\/quintett.eu\/index.php?rest_route=\/wp\/v2\/media\/12850"}],"wp:attachment":[{"href":"https:\/\/quintett.eu\/index.php?rest_route=%2Fwp%2Fv2%2Fmedia&parent=12849"}],"wp:term":[{"taxonomy":"product_brand","embeddable":true,"href":"https:\/\/quintett.eu\/index.php?rest_route=%2Fwp%2Fv2%2Fproduct_brand&post=12849"},{"taxonomy":"product_cat","embeddable":true,"href":"https:\/\/quintett.eu\/index.php?rest_route=%2Fwp%2Fv2%2Fproduct_cat&post=12849"},{"taxonomy":"product_tag","embeddable":true,"href":"https:\/\/quintett.eu\/index.php?rest_route=%2Fwp%2Fv2%2Fproduct_tag&post=12849"}],"curies":[{"name":"wp","href":"https:\/\/api.w.org\/{rel}","templated":true}]}}