{"id":12854,"date":"2025-05-19T10:46:38","date_gmt":"2025-05-19T08:46:38","guid":{"rendered":"https:\/\/quintett.eu\/?post_type=product&#038;p=12854"},"modified":"2025-07-22T18:03:34","modified_gmt":"2025-07-22T16:03:34","slug":"suport-ecran-led-frame-2","status":"publish","type":"product","link":"https:\/\/quintett.eu\/?product=suport-ecran-led-frame-2","title":{"rendered":"SUPORT ECRAN &#8211; LED FRAME 2"},"content":{"rendered":"<p><span class=\"HwtZe\" lang=\"ro\"><span class=\"jCAhz ChMk0b\"><span class=\"ryNqvb\">SUPORT\u00a0<\/span><\/span><\/span>CADRU LED 2<\/p>\n<p>Acest tip de cadru de tip truss pentru ecran LED este potrivit pentru ecrane LED de dimensiuni de p\u00e2n\u0103 la 6 x 4 m (19,7 x 13,1 ft). Datorit\u0103 utiliz\u0103rii unor segmente de tip truss mai mari, structura \u00een sine poate sus\u021bine un ecran cu o greutate maxim\u0103 de 2000 kg (4.409 lbs). \u00cen\u0103l\u021bimea maxim\u0103 a grinzii orizontale de tip truss de la TT54 este de 9 m (29,5 ft), ceea ce \u00eenseamn\u0103 c\u0103 ecranul \u00een sine poate fi vizibil de la distan\u021b\u0103 mare f\u0103r\u0103 probleme. Turnurile verticale sunt practic seturi de Turnuri 2 din portofoliul nostru, iar grinzile FT44 sunt utilizate pentru a crea baza structurii complete pe sol.<\/p>\n","protected":false},"excerpt":{"rendered":"<p>Specifica\u021bii :<\/p>\n<p>DIMENSIUNI MAXIME<br \/>\n8,25 x 5,72 m (27,1 x 18,8 ft)<\/p>\n<p>DIMENSIUNI MAXIME LED<br \/>\n6 x 4 m (19,7 x 13,1 ft)<\/p>\n<p>\u00ceN\u0102L\u021aIME MAXIM\u0102<br \/>\n9 m (29,5 ft)<\/p>\n<p>CAPACITATE MAXIM\u0102 DE \u00ceNC\u0102RCARE<br \/>\n2000 kg (4.409 lbs)<\/p>\n<p>GREUTATE TOTAL\u0102 A CONSTRUC\u021aIEI<br \/>\n850 kg (1.874 lbs)<\/p>\n<p>&nbsp;<\/p>\n","protected":false},"featured_media":12851,"comment_status":"open","ping_status":"closed","template":"","meta":[],"product_brand":[],"product_cat":[42,1440],"product_tag":[1433,546,1435,1432,1434,1430,1437,1436,1054,1438,1429,1431],"class_list":{"0":"post-12854","1":"product","2":"type-product","3":"status-publish","4":"has-post-thumbnail","6":"product_cat-promotii","7":"product_cat-scenotechnica","8":"product_tag-athletic","9":"product_tag-global-truss","10":"product_tag-led-ecran-suport-outdoor","11":"product_tag-litec","12":"product_tag-prolyte","13":"product_tag-scena-fixa","14":"product_tag-scena-fixa-10x8","15":"product_tag-scena-fixa-8x6","16":"product_tag-scena-mobila","17":"product_tag-scena-outdoor-12x10","18":"product_tag-suport-ecran-led","19":"product_tag-taf","21":"first","22":"instock","23":"sale","24":"purchasable","25":"product-type-simple"},"jetpack_sharing_enabled":true,"_links":{"self":[{"href":"https:\/\/quintett.eu\/index.php?rest_route=\/wp\/v2\/product\/12854","targetHints":{"allow":["GET"]}}],"collection":[{"href":"https:\/\/quintett.eu\/index.php?rest_route=\/wp\/v2\/product"}],"about":[{"href":"https:\/\/quintett.eu\/index.php?rest_route=\/wp\/v2\/types\/product"}],"replies":[{"embeddable":true,"href":"https:\/\/quintett.eu\/index.php?rest_route=%2Fwp%2Fv2%2Fcomments&post=12854"}],"wp:featuredmedia":[{"embeddable":true,"href":"https:\/\/quintett.eu\/index.php?rest_route=\/wp\/v2\/media\/12851"}],"wp:attachment":[{"href":"https:\/\/quintett.eu\/index.php?rest_route=%2Fwp%2Fv2%2Fmedia&parent=12854"}],"wp:term":[{"taxonomy":"product_brand","embeddable":true,"href":"https:\/\/quintett.eu\/index.php?rest_route=%2Fwp%2Fv2%2Fproduct_brand&post=12854"},{"taxonomy":"product_cat","embeddable":true,"href":"https:\/\/quintett.eu\/index.php?rest_route=%2Fwp%2Fv2%2Fproduct_cat&post=12854"},{"taxonomy":"product_tag","embeddable":true,"href":"https:\/\/quintett.eu\/index.php?rest_route=%2Fwp%2Fv2%2Fproduct_tag&post=12854"}],"curies":[{"name":"wp","href":"https:\/\/api.w.org\/{rel}","templated":true}]}}