{"id":12856,"date":"2025-05-19T10:48:56","date_gmt":"2025-05-19T08:48:56","guid":{"rendered":"https:\/\/quintett.eu\/?post_type=product&#038;p=12856"},"modified":"2025-07-22T18:01:45","modified_gmt":"2025-07-22T16:01:45","slug":"suport-ecran-led-frame-1","status":"publish","type":"product","link":"https:\/\/quintett.eu\/?product=suport-ecran-led-frame-1","title":{"rendered":"SUPORT ECRAN &#8211; LED FRAME 1"},"content":{"rendered":"<p><span class=\"HwtZe\" lang=\"ro\"><span class=\"jCAhz ChMk0b\"><span class=\"ryNqvb\">SUPORT\u00a0<\/span><\/span><\/span>CADRU LED 1<\/p>\n<p>Primul tip din cele trei structuri standard de sus\u021binere a ecranelor noastre este conceput pentru a face fa\u021b\u0103 sarcinii \u0219i for\u021belor v\u00e2ntului care pot ap\u0103rea \u00een timpul suspend\u0103rii unui ecran LED de 5 x 3 m (16,4 x 9,8 ft). Greutatea maxim\u0103 a ecranului pentru aceast\u0103 structur\u0103 este de 1200 kg (2.645 lbs). Suportul la sol al ecranului LED, CADRU LED 1, este alc\u0103tuit din piese Turn 1 (TT34, sec\u021biunea superioar\u0103, blocul de man\u0219on etc.) pentru suporturile verticale, grind\u0103 FT44 \u00een grinda superioar\u0103 orizontal\u0103 \u0219i segmente de grind\u0103 FT34 utilizate pentru a crea o baz\u0103 adecvat\u0103 \u0219i stabil\u0103 a structurii pe sol. Greutatea total\u0103 a structurii \u00een sine este de 650 kg (1.433 lbs).<\/p>\n","protected":false},"excerpt":{"rendered":"<p>Specifica\u021bii :<\/p>\n<p>DIMENSIUNI MAXIME<br \/>\n6,35 x 4,62 m (20,8 x 15,2 ft)<\/p>\n<p>DIMENSIUNI MAXIME LED<br \/>\n5 x 3 m (16,4 x 9,8 ft)<\/p>\n<p>\u00ceN\u0102L\u021aIME MAXIM\u0102<br \/>\n8,49 m (27,9 ft)<\/p>\n<p>CAPACITATE MAXIM\u0102 DE \u00ceNC\u0102RCARE<br \/>\n1200 kg (2.645 lbs)<\/p>\n<p>GREUTATE TOTAL\u0102 A CONSTRUC\u021aIEI<br \/>\n650 kg (1.433 lbs)<\/p>\n<p>&nbsp;<\/p>\n","protected":false},"featured_media":12852,"comment_status":"open","ping_status":"closed","template":"","meta":[],"product_brand":[1439],"product_cat":[42,1440],"product_tag":[1433,546,1435,1432,1434,1430,1437,1436,1054,1438,1429,1431],"class_list":{"0":"post-12856","1":"product","2":"type-product","3":"status-publish","4":"has-post-thumbnail","6":"product_brand-scenotechnica","7":"product_cat-promotii","8":"product_cat-scenotechnica","9":"product_tag-athletic","10":"product_tag-global-truss","11":"product_tag-led-ecran-suport-outdoor","12":"product_tag-litec","13":"product_tag-prolyte","14":"product_tag-scena-fixa","15":"product_tag-scena-fixa-10x8","16":"product_tag-scena-fixa-8x6","17":"product_tag-scena-mobila","18":"product_tag-scena-outdoor-12x10","19":"product_tag-suport-ecran-led","20":"product_tag-taf","22":"first","23":"instock","24":"sale","25":"purchasable","26":"product-type-simple"},"jetpack_sharing_enabled":true,"_links":{"self":[{"href":"https:\/\/quintett.eu\/index.php?rest_route=\/wp\/v2\/product\/12856","targetHints":{"allow":["GET"]}}],"collection":[{"href":"https:\/\/quintett.eu\/index.php?rest_route=\/wp\/v2\/product"}],"about":[{"href":"https:\/\/quintett.eu\/index.php?rest_route=\/wp\/v2\/types\/product"}],"replies":[{"embeddable":true,"href":"https:\/\/quintett.eu\/index.php?rest_route=%2Fwp%2Fv2%2Fcomments&post=12856"}],"wp:featuredmedia":[{"embeddable":true,"href":"https:\/\/quintett.eu\/index.php?rest_route=\/wp\/v2\/media\/12852"}],"wp:attachment":[{"href":"https:\/\/quintett.eu\/index.php?rest_route=%2Fwp%2Fv2%2Fmedia&parent=12856"}],"wp:term":[{"taxonomy":"product_brand","embeddable":true,"href":"https:\/\/quintett.eu\/index.php?rest_route=%2Fwp%2Fv2%2Fproduct_brand&post=12856"},{"taxonomy":"product_cat","embeddable":true,"href":"https:\/\/quintett.eu\/index.php?rest_route=%2Fwp%2Fv2%2Fproduct_cat&post=12856"},{"taxonomy":"product_tag","embeddable":true,"href":"https:\/\/quintett.eu\/index.php?rest_route=%2Fwp%2Fv2%2Fproduct_tag&post=12856"}],"curies":[{"name":"wp","href":"https:\/\/api.w.org\/{rel}","templated":true}]}}