{"id":12857,"date":"2025-05-19T10:51:29","date_gmt":"2025-05-19T08:51:29","guid":{"rendered":"https:\/\/quintett.eu\/?post_type=product&#038;p=12857"},"modified":"2025-07-22T18:00:56","modified_gmt":"2025-07-22T16:00:56","slug":"suport-ecran-led-taf","status":"publish","type":"product","link":"https:\/\/quintett.eu\/?product=suport-ecran-led-taf","title":{"rendered":"SUPORT ECRAN LED TAF"},"content":{"rendered":"<p>SUPORT LED<\/p>\n<p>Suspenda\u021bi ecranul LED \u00eentr-un mod echilibrat \u0219i stabil cu sistemul nostru de suport extrem de flexibil. Unitatea de baz\u0103 din o\u021bel, bara de conectare reglabil\u0103 \u0219i segmentele de tip scar\u0103 v\u0103 ofer\u0103 un suport foarte stabil pentru suspendarea \u00eentregului ecran LED. Sistemul de perete se bazeaz\u0103 pe linia de prindere HT32, care \u00eei confer\u0103 stabilitatea necesar\u0103, deoarece ecranele LED pot avea dimensiuni mai mari \u0219i, prin urmare, pot impune sarcini mai mari asupra sistemului \u00een total. Suportul de perete este echipat cu cleme de intrare lateral\u0103, inclusiv o plac\u0103 de conectare universal\u0103 pentru montarea panourilor LED de diferite dimensiuni. Acest suport LED este destinat utiliz\u0103rii \u00een interior.<\/p>\n","protected":false},"excerpt":{"rendered":"<p>Specifica\u021bii :<\/p>\n<p>\u00ceN\u0102L\u021aIME MAXIM\u0102<br \/>\n4 m (13,1 ft)<\/p>\n<p>UNITATE DE BAZ\u0102<br \/>\nProfil 50 x 50 x 3 mm (1,97 x 1,97 x 0,12 in) + picioare de nivelare<\/p>\n<p>SEGMENTE<br \/>\nGrind\u0103 scar\u0103 &#8211; 290 mm (11,4 in), tub principal 50 x 3 mm (1,97 x 0,12 in), contrav\u00e2ntuiri 30 x 3 mm (1,18 x 0,12 in)<\/p>\n<p>BALAST<br \/>\n2 m (6,6 ft) \u2013 17 kg\/plac\u0103 de baz\u0103 (13,4 lbs\/plac\u0103 de baz\u0103), 4 m (13,1 ft) \u2013 131 kg\/plac\u0103 de baz\u0103 (100,8 lbs\/plac\u0103 de baz\u0103)<\/p>\n<p>UTILIZARE<br \/>\n\u00cen interior<\/p>\n","protected":false},"featured_media":12858,"comment_status":"open","ping_status":"closed","template":"","meta":[],"product_brand":[1439],"product_cat":[42,1440],"product_tag":[1433,546,1435,1432,1434,1430,1437,1436,1054,1438,1429,1431],"class_list":{"0":"post-12857","1":"product","2":"type-product","3":"status-publish","4":"has-post-thumbnail","6":"product_brand-scenotechnica","7":"product_cat-promotii","8":"product_cat-scenotechnica","9":"product_tag-athletic","10":"product_tag-global-truss","11":"product_tag-led-ecran-suport-outdoor","12":"product_tag-litec","13":"product_tag-prolyte","14":"product_tag-scena-fixa","15":"product_tag-scena-fixa-10x8","16":"product_tag-scena-fixa-8x6","17":"product_tag-scena-mobila","18":"product_tag-scena-outdoor-12x10","19":"product_tag-suport-ecran-led","20":"product_tag-taf","22":"first","23":"instock","24":"sale","25":"purchasable","26":"product-type-simple"},"jetpack_sharing_enabled":true,"_links":{"self":[{"href":"https:\/\/quintett.eu\/index.php?rest_route=\/wp\/v2\/product\/12857","targetHints":{"allow":["GET"]}}],"collection":[{"href":"https:\/\/quintett.eu\/index.php?rest_route=\/wp\/v2\/product"}],"about":[{"href":"https:\/\/quintett.eu\/index.php?rest_route=\/wp\/v2\/types\/product"}],"replies":[{"embeddable":true,"href":"https:\/\/quintett.eu\/index.php?rest_route=%2Fwp%2Fv2%2Fcomments&post=12857"}],"wp:featuredmedia":[{"embeddable":true,"href":"https:\/\/quintett.eu\/index.php?rest_route=\/wp\/v2\/media\/12858"}],"wp:attachment":[{"href":"https:\/\/quintett.eu\/index.php?rest_route=%2Fwp%2Fv2%2Fmedia&parent=12857"}],"wp:term":[{"taxonomy":"product_brand","embeddable":true,"href":"https:\/\/quintett.eu\/index.php?rest_route=%2Fwp%2Fv2%2Fproduct_brand&post=12857"},{"taxonomy":"product_cat","embeddable":true,"href":"https:\/\/quintett.eu\/index.php?rest_route=%2Fwp%2Fv2%2Fproduct_cat&post=12857"},{"taxonomy":"product_tag","embeddable":true,"href":"https:\/\/quintett.eu\/index.php?rest_route=%2Fwp%2Fv2%2Fproduct_tag&post=12857"}],"curies":[{"name":"wp","href":"https:\/\/api.w.org\/{rel}","templated":true}]}}