{"id":12863,"date":"2025-05-19T14:47:54","date_gmt":"2025-05-19T12:47:54","guid":{"rendered":"https:\/\/quintett.eu\/?post_type=product&#038;p=12863"},"modified":"2025-07-04T13:04:46","modified_gmt":"2025-07-04T11:04:46","slug":"scena-mobila-roof-2-10x8","status":"publish","type":"product","link":"https:\/\/quintett.eu\/?product=scena-mobila-roof-2-10x8","title":{"rendered":"SCENA MOBILA ROOF 2 10&#215;8"},"content":{"rendered":"<p>Designul acoperi\u0219ului \u00een dou\u0103 ape a devenit standardul structurilor temporare de acoperi\u0219 cu grinzi de aluminiu \u00een \u00eentreaga lume. Sistemul Acoperi\u0219 2 este disponibil \u00een trei variante de dimensiuni diferite, acoperind evenimente de la mici la mari. Este o structur\u0103 de acoperi\u0219 foarte popular\u0103 datorit\u0103 variabilit\u0103\u021bii, rezisten\u021bei \u0219i dimensiunilor decente. Grila principal\u0103 este asamblat\u0103 pe sol \u0219i apoi ridicat\u0103 datorit\u0103 utiliz\u0103rii sistemelor de eleva\u021bie Turnul 1.<\/p>\n<p>Grila principal\u0103 dreptunghiular\u0103 a Acoperi\u0219ului 2 este realizat\u0103 din grinzi FT44, \u00een timp ce c\u0103priorii din fa\u021b\u0103 \u0219i din spate provin din linia de grinzi FT34, iar c\u0103priorii interiori sunt realiza\u021bi din segmente de grinzi FT33. Frontonul acoperi\u0219ului este creat de c\u0103priorii FT34 \u0219i de col\u021burile special concepute pentru o fixare puternic\u0103 \u0219i sigur\u0103 a structurii acoperi\u0219ului. C\u0103priorii interiori FT33 sunt conecta\u021bi la grila principal\u0103 \u0219i la grinda superioar\u0103 prin cleme. C\u0103priorii sunt distan\u021ba\u021bi la 2 m unul de cel\u0103lalt pentru a crea un suport suficient pentru amplasarea copertinei superioare, elimin\u00e2nd buzunarele de ap\u0103.<\/p>\n<p>Acoperi\u0219ul 2 pentru scena de dimensiunea 8 x 6 m (26 x 20 ft) poate fi mai mic ca dimensiuni, dar caracteristicile sale de \u00eenc\u0103rcare sunt destul de ridicate. Grinzile principale fa\u021b\u0103 \u0219i spate ale grilajului pot suporta o sarcin\u0103 de p\u00e2n\u0103 la 150 kg\/m (101 lbs\/ft), iar \u00een acela\u0219i timp grinzile laterale pot suporta o sarcin\u0103 impus\u0103 de maximum 100 kg\/m (67 lbs\/ft). \u00cen total, capacitatea maxim\u0103 de \u00eenc\u0103rcare a acoperi\u0219ului ajunge la 3500 kg (7.716 lbs). Limita opera\u021bional\u0103 a v\u00e2ntului pentru utilizarea sistemului de acoperi\u0219 cu copertine laterale pe toate cele trei laturi este de 20 m\/s (45 mph).<\/p>\n","protected":false},"excerpt":{"rendered":"<p>Specifica\u021bii :<\/p>\n<p>DIMENSIUNI MAXIME<br \/>\n12,5 x 10,5 m (41,01 x 34,45 ft)<\/p>\n<p>DIMENSIUNI MAXIME SCEN\u0102<br \/>\n10 x 8 m (32,81 x 26,25 ft)<\/p>\n<p>\u00ceN\u0102L\u021aIME MAXIM\u0102 7 m (22,97 ft)<\/p>\n<p>\u00ceN\u0102L\u021aIME MAXIM\u0102 8,94 m (29,31 ft)<\/p>\n<p>CAPACITATE PORTANT\u0102 MAXIM\u0102<br \/>\n3500 kg (7.716 lbs)<\/p>\n<p>GREUTATE TOTAL\u0102 A CONSTRUC\u021aIEI<br \/>\n1915 kg (4.222 lbs)<\/p>\n<p><span class=\"HwtZe\" lang=\"ro\"><span class=\"jCAhz ChMk0b\"><span class=\"ryNqvb\">Gril\u0103 principal\u0103 Grind\u0103 FT44 &#8211; grind\u0103 cu form\u0103 de caset\u0103 cu dimensiuni exterioare de 400 x 400 mm (16 x 16 in), \u021beav\u0103 principal\u0103 \u00d8 50 x 2 mm (2 x 0,08 in), contrav\u00e2ntuiri \u00d8 25 x 3 mm (1 x 0,12 in).<\/span><\/span> <span class=\"jCAhz ChMk0b\"><span class=\"ryNqvb\">Aliajul utilizat ca material pentru \u021bevi este EN AW-6082 T6.<\/span><\/span><span class=\"jCAhz ChMk0b\"><span class=\"ryNqvb\"> Gripi Grind\u0103 FT34 &#8211; grind\u0103 cu form\u0103 de caset\u0103 cu dimensiuni exterioare de 290 x 290 mm (12 x 12 in), \u021beav\u0103 principal\u0103 \u00d8 50 x 2 mm (2 x 0,08 in), contrav\u00e2ntuiri \u00d8 20 x 2 mm (0,8 x 0,08 in).<\/span><\/span> <span class=\"jCAhz ChMk0b\"><span class=\"ryNqvb\">Aliajul utilizat ca material pentru \u021bevi este EN AW-6082 T6.<\/span><\/span><span class=\"jCAhz\"><span class=\"ryNqvb\"> Grind\u0103 FT33 &#8211; grind\u0103 triunghiular\u0103 cu dimensiuni exterioare de 290 x 258 mm (12 x 10,15 in), \u021beav\u0103 principal\u0103 \u00d8 50 x 2 mm (2 x 0,08 in), contrav\u00e2ntuiri \u00d8 20 x 2 mm (0,8 x 0,08 in).<\/span><\/span> <span class=\"jCAhz\"><span class=\"ryNqvb\">Aliajul utilizat ca material pentru \u021bevi este EN AW-6082 T6.<\/span><\/span><span class=\"jCAhz\"><span class=\"ryNqvb\"> St\u00e2lpi Turnul 1 &#8211; grind\u0103 TT34, plac\u0103 de baz\u0103 din o\u021bel, console lungi, sec\u021biune superioar\u0103 \u0219i bloc cu man\u0219on Gestionarea v\u00e2ntului Rezisten\u021ba la v\u00e2nt este calculat\u0103 cu 3 copertine laterale din plas\u0103 aplicate structurii (2 copertine laterale \u0219i una spate).<\/span><\/span> <span class=\"jCAhz\"><span class=\"ryNqvb\">Cei trei pere\u021bi ai acoperi\u0219ului care sus\u021bin copertinele trebuie fixa\u021bi \u00een permanen\u021b\u0103 prin contrav\u00e2ntuiri transversale din s\u00e2rm\u0103 de ancorare, precum \u0219i plafonul orizontal superior cu gril\u0103.<\/span><\/span><span class=\"jCAhz\"><span class=\"ryNqvb\"> Capacitate de \u00eenc\u0103rcare minim\u0103 a cablurilor de ancorare pentru pere\u021bii laterali &#8211; 2600 kg (5.732 lbs) Cabluri de ancorare pentru pere\u021bii posteriori min.<\/span><\/span> <span class=\"jCAhz\"><span class=\"ryNqvb\">Capacitate de \u00eenc\u0103rcare &#8211; 3000 kg (6.614 lbs) Capacitate minim\u0103 de \u00eenc\u0103rcare a cablurilor de ancorare pentru tavan &#8211; 1100 kg (2.425 lbs) V\u0103 rug\u0103m s\u0103 re\u021bine\u021bi c\u0103 capacitatea de tensionare a cablurilor de ancorare trebuie s\u0103 fie mai mare dec\u00e2t capacitatea minim\u0103 de \u00eenc\u0103rcare necesar\u0103.<\/span><\/span><span class=\"jCAhz\"><span class=\"ryNqvb\"> Vitez\u0103 maxim\u0103 admis\u0103 a v\u00e2ntului \u00een func\u021biune &#8211; 20 m\/s &#8211; 72 km\/h &#8211; 45 mph Balast Op\u021biunea 1 &#8211; 2500 kg \/ 5.512 lbs balast sub fiecare baz\u0103 a turnului = total de 10.000 kg \/ 22.046 lbs balast necesar Copertin\u0103 \u0219i pere\u021bi laterali Copertina superioar\u0103 este disponibil\u0103 standard \u00een culorile gri argintiu \u0219i negru.<\/span><\/span> <span class=\"jCAhz\"><span class=\"ryNqvb\">Materialul utilizat este SIO-LINE B 8000 cu o greutate de 630 g\/m2.<\/span><\/span> <span class=\"jCAhz\"><span class=\"ryNqvb\">Copertina B1 este disponibil\u0103 la cerere.<\/span><\/span><span class=\"jCAhz\"><span class=\"ryNqvb\"> Pere\u021bii laterali sunt acoperi\u021bi cu copertine din plas\u0103 permeabil\u0103 la aer, de culoare neagr\u0103.<\/span><\/span><span class=\"jCAhz\"><span class=\"ryNqvb\"> Date de transport Greutate total\u0103: aprox.<\/span><\/span> <span class=\"jCAhz\"><span class=\"ryNqvb\">1915 kg (4.222 lbs) Volum de transport: cca.<\/span><\/span> <span class=\"jCAhz ChMk0b\"><span class=\"ryNqvb\">19 m3 \/ 671 cu ft Toate segmentele grinzii sunt ambalate \u00een cutii de carton maro pentru o manipulare \u0219i protec\u021bie mai bun\u0103 \u00een timpul transportului.<\/span><\/span><\/span><\/p>\n<p>&nbsp;<\/p>\n","protected":false},"featured_media":12872,"comment_status":"open","ping_status":"closed","template":"","meta":[],"product_brand":[],"product_cat":[42,1440],"product_tag":[1433,546,1435,1432,1434,1430,1437,1436,1054,1438,1429,1431],"class_list":{"0":"post-12863","1":"product","2":"type-product","3":"status-publish","4":"has-post-thumbnail","6":"product_cat-promotii","7":"product_cat-scenotechnica","8":"product_tag-athletic","9":"product_tag-global-truss","10":"product_tag-led-ecran-suport-outdoor","11":"product_tag-litec","12":"product_tag-prolyte","13":"product_tag-scena-fixa","14":"product_tag-scena-fixa-10x8","15":"product_tag-scena-fixa-8x6","16":"product_tag-scena-mobila","17":"product_tag-scena-outdoor-12x10","18":"product_tag-suport-ecran-led","19":"product_tag-taf","21":"first","22":"instock","23":"purchasable","24":"product-type-simple"},"jetpack_sharing_enabled":true,"_links":{"self":[{"href":"https:\/\/quintett.eu\/index.php?rest_route=\/wp\/v2\/product\/12863","targetHints":{"allow":["GET"]}}],"collection":[{"href":"https:\/\/quintett.eu\/index.php?rest_route=\/wp\/v2\/product"}],"about":[{"href":"https:\/\/quintett.eu\/index.php?rest_route=\/wp\/v2\/types\/product"}],"replies":[{"embeddable":true,"href":"https:\/\/quintett.eu\/index.php?rest_route=%2Fwp%2Fv2%2Fcomments&post=12863"}],"wp:featuredmedia":[{"embeddable":true,"href":"https:\/\/quintett.eu\/index.php?rest_route=\/wp\/v2\/media\/12872"}],"wp:attachment":[{"href":"https:\/\/quintett.eu\/index.php?rest_route=%2Fwp%2Fv2%2Fmedia&parent=12863"}],"wp:term":[{"taxonomy":"product_brand","embeddable":true,"href":"https:\/\/quintett.eu\/index.php?rest_route=%2Fwp%2Fv2%2Fproduct_brand&post=12863"},{"taxonomy":"product_cat","embeddable":true,"href":"https:\/\/quintett.eu\/index.php?rest_route=%2Fwp%2Fv2%2Fproduct_cat&post=12863"},{"taxonomy":"product_tag","embeddable":true,"href":"https:\/\/quintett.eu\/index.php?rest_route=%2Fwp%2Fv2%2Fproduct_tag&post=12863"}],"curies":[{"name":"wp","href":"https:\/\/api.w.org\/{rel}","templated":true}]}}