{"id":12966,"date":"2025-06-11T13:22:35","date_gmt":"2025-06-11T11:22:35","guid":{"rendered":"https:\/\/quintett.eu\/?post_type=product&#038;p=12966"},"modified":"2025-07-04T12:59:55","modified_gmt":"2025-07-04T10:59:55","slug":"mac-mah-pachet-complet-sc-400-go-2-lavaliere","status":"publish","type":"product","link":"https:\/\/quintett.eu\/?product=mac-mah-pachet-complet-sc-400-go-2-lavaliere","title":{"rendered":"Mac Mah &#8211; Pachet complet SC-400 GO + 2 lavaliere"},"content":{"rendered":"<p>Caracteristici:<br \/>\nPachet de difuzoare amplificate autonome + sistem de c\u0103\u0219ti duble f\u0103r\u0103 fir + cabluri, inclusiv<br \/>\nMac Mah SC-400 GO sistem autonom amplificat pe coloan\u0103<br \/>\nAmplificator clasa D: Putere: 400W max. \/ 200 W RMS<br \/>\nAria de difuzie \u2248 300 m\u00b2<br \/>\nPutere RMS subwoofer: 120 W<br \/>\nPutere RMS coloanei: 80 W<br \/>\nDriver subwoofer: \u22058&#8243; (203 mm), \u22052&#8243; bobin\u0103, magnet de 40 OZ<br \/>\nDrivere de coloan\u0103: 4x \u22052,75&#8243; (70 mm)<br \/>\nR\u0103spuns general \u00een frecven\u021b\u0103: 40 Hz \u2b62 20 kHz Amplificare extrem de eficient\u0103, eficien\u021b\u0103 \u2248 90% Consum redus de energie Sunet clar \u0219i echilibrat, chiar \u0219i la volume ridicate Procesare DSP: voce cristalin\u0103 \u0219i bas profund \u0219i puternic Ideal pentru spectacole \u00een aer liber, petreceri stradale, repeti\u021bii, concerte Limitator pentru difuzare Bluetooth, conectivitate f\u0103r\u0103 volum, difuzare Bluetooth05. max. raza de ac\u021biune 50 m Tehnologie TWS: Conexiune stereo wireless a 2 sisteme SC-400 GO Conexiuni: Mic \/ Intrare linie: Combo XLR \/ Jack \u22056,35 mm Intrare Mic \/ Line \/ Instru: Combo XLR \/ Jack \u22056,35 mm Intrare linie: RCA + mini-jack TRS \u22053,5 mm Ie\u0219ire mix: USB-ALR V5 ie\u0219ire telefon: XLR5 m\u00e2nere pe subwoofer Alimentare: Baterie re\u00eenc\u0103rcabil\u0103 Durat\u0103 de via\u021b\u0103 a bateriei: \u2264 6 h volum crescut \/ \u2264 18 h volum mic Timp de \u00eenc\u0103rcare: 3 ore Alimentare: 110 \/ 230 V Re\u021bea Hus\u0103 de transport inclus\u0103 Dimensiuni: 1930 x 340 x 280 mm Greutate total\u0103: 14,3 kg + Capsula Mipro Electr 55, microfon x2 \u22054,5 mm Direc\u021bionalitate: Omnidirec\u021bional Max. SPL: 135 dB Sensibilitate: -49 dBV \/ Pa R\u0103spuns \u00een frecven\u021b\u0103: 40 Hz \u2b62 20 kHz Culoare: Negru Stabil chiar \u0219i \u00een timpul mi\u0219c\u0103rilor bru\u0219te Tratament anti-umiditate \u0219i transpira\u021bie Montat pe furtun pivotant Band\u0103 extrem de sub\u021bire Conector Mini-XLR complet reglabil 1,5 m Cablu ACT II +1 5 g 3 +1 Greutate ACT32T Kit 2 transmi\u021b\u0103toare de buzunar + receptor f\u0103r\u0103 fir cu dou\u0103 canale True Diversity L\u0103\u021bime de band\u0103: 24 MHz Multifrecven\u021b\u0103: alegere de 10 grupuri pe 16 canale Func\u021bii: SCAN, ACT \u0219i SQUELCH SPL max: 140 dB Putere de transmisie: 30 mW Interval \u2248 90 metri Afi\u0219are butoane: ecran LCD, nivel de conectare: 2 Ie\u0219iri: 2x XLR + 2x jack \u22056,35 mm Alimentare pentru transmi\u021b\u0103torul de buzunar: 2x baterii 1,5v AA\/LR6 Durat\u0103 de via\u021b\u0103 a bateriei \u2248 9 h Alimentare pentru receptor: Adaptor de re\u021bea + JBL EON ONE Compact 512V Cablu de alimentare USB Tensiune: 12V DC Curent: 1300 mA Conexiune USB: mA 1300 mA. Fi\u0219\u0103 \u2205Out 5,5 mm \/ \u2205In 2,1 mm + Plugger XLR cablu jumper 1,5 m cablu XLR Gam\u0103 simpl\u0103 Lungime: 1,5 metri Conexiuni: XLR mam\u0103 cu 3 pini x2 XLR tat\u0103 cu 3 pini Sec\u021biune: 1,5 mm\u00b2 Diametru: \u22054 mm<\/p>\n","protected":false},"excerpt":{"rendered":"<p>Bucura\u021bi-v\u0103 de o solu\u021bie audio portabil\u0103, de \u00eenalt\u0103 performan\u021b\u0103, cu pachetul Mac Mah SC-400 GO. Acest sistem amplificat independent ofer\u0103 400 W de putere, capabil s\u0103 acopere p\u00e2n\u0103 la 300 m\u00b2. Ideal pentru evenimente \u00een aer liber, ofer\u0103 sunet echilibrat, bas puternic \u0219i conectivitate Bluetooth 5.0. Cu p\u00e2n\u0103 la 18 ore de autonomie a bateriei, microfoane cu c\u0103\u0219ti wireless MiPro \u0219i un cablu JBL EON ONE Compact 512V pentru o utilizare complet autonom\u0103, acest pachet complet plug &amp; play satisface toate a\u0219tept\u0103rile dumneavoastr\u0103, f\u0103r\u0103 a face compromisuri la simplitate.<\/p>\n","protected":false},"featured_media":12967,"comment_status":"open","ping_status":"closed","template":"","meta":[],"product_brand":[],"product_cat":[495],"product_tag":[523,522,521,1358,81,513,152,1457,1455,1456,1458],"class_list":{"0":"post-12966","1":"product","2":"type-product","3":"status-publish","4":"has-post-thumbnail","6":"product_cat-msc-sonorizare-si-profesional-audio-2","7":"product_tag-boxa-12","8":"product_tag-boxa-15","9":"product_tag-boxa-activa","10":"product_tag-boxa-bluetooth","11":"product_tag-boxa-portabila","12":"product_tag-mac-mah","13":"product_tag-monitor-activ","14":"product_tag-sistem-conferinte","15":"product_tag-sistem-karaoke","16":"product_tag-sistem-prezentare","17":"product_tag-sistem-wireless-lavaliera","19":"first","20":"instock","21":"purchasable","22":"product-type-simple"},"jetpack_sharing_enabled":true,"_links":{"self":[{"href":"https:\/\/quintett.eu\/index.php?rest_route=\/wp\/v2\/product\/12966","targetHints":{"allow":["GET"]}}],"collection":[{"href":"https:\/\/quintett.eu\/index.php?rest_route=\/wp\/v2\/product"}],"about":[{"href":"https:\/\/quintett.eu\/index.php?rest_route=\/wp\/v2\/types\/product"}],"replies":[{"embeddable":true,"href":"https:\/\/quintett.eu\/index.php?rest_route=%2Fwp%2Fv2%2Fcomments&post=12966"}],"wp:featuredmedia":[{"embeddable":true,"href":"https:\/\/quintett.eu\/index.php?rest_route=\/wp\/v2\/media\/12967"}],"wp:attachment":[{"href":"https:\/\/quintett.eu\/index.php?rest_route=%2Fwp%2Fv2%2Fmedia&parent=12966"}],"wp:term":[{"taxonomy":"product_brand","embeddable":true,"href":"https:\/\/quintett.eu\/index.php?rest_route=%2Fwp%2Fv2%2Fproduct_brand&post=12966"},{"taxonomy":"product_cat","embeddable":true,"href":"https:\/\/quintett.eu\/index.php?rest_route=%2Fwp%2Fv2%2Fproduct_cat&post=12966"},{"taxonomy":"product_tag","embeddable":true,"href":"https:\/\/quintett.eu\/index.php?rest_route=%2Fwp%2Fv2%2Fproduct_tag&post=12966"}],"curies":[{"name":"wp","href":"https:\/\/api.w.org\/{rel}","templated":true}]}}