{"id":13130,"date":"2025-10-02T14:48:07","date_gmt":"2025-10-02T12:48:07","guid":{"rendered":"https:\/\/quintett.eu\/?post_type=product&#038;p=13130"},"modified":"2025-10-02T15:11:36","modified_gmt":"2025-10-02T13:11:36","slug":"yamaha-modx6-workstation","status":"publish","type":"product","link":"https:\/\/quintett.eu\/?product=yamaha-modx6-workstation","title":{"rendered":"Yamaha MODX6+ Workstation"},"content":{"rendered":"<p>Kompaktn\u00fd hudobn\u00fd syntetiz\u00e1tor<\/p>\n<p>So 61 kl\u00e1vesmi<br \/>\nPolovyv\u00e1\u017een\u00e1 klaviat\u00fara citliv\u00e1 na r\u00fdchlos\u0165<br \/>\nSynt\u00e9za s ovl\u00e1dan\u00edm pohybom Synt\u00e9za AWM2 zalo\u017een\u00e1 na samploch so 128 hlasmi<br \/>\n5,67 GB pam\u00e4te ROM s priebehmi a 1,75 GB flash ROM pre pou\u017e\u00edvate\u013esk\u00e9 priebehy<br \/>\nSynt\u00e9za FM-X so 128 hlasmi<br \/>\n8 oper\u00e1torov a 88 algoritmov<br \/>\nIntegrovan\u00e9 efekty, Part-EQ, Master-EQ<br \/>\n2 227 prednastaven\u00fdch performanci\u00ed &#8211; a\u017e 16 partov na performanciu pre rozdelenia, vrstvy,<br \/>\nMIDI multim\u00f3d Super Knob ovl\u00e1da a\u017e 128 parametrov s\u00fa\u010dasne<br \/>\n7&#8243; LED dotykov\u00e1 obrazovka<br \/>\n4 oto\u010dn\u00e9 ovl\u00e1da\u010de<br \/>\n4 fadery Integrovan\u00e9 4\/10 USB audio rozhranie pre PC\/Mac\/iOS 2 x linkov\u00e9 vstupy: 6,3 mm jack 2 x linkov\u00e9 v\u00fdstupy: 6,3 mm jack<br \/>\nStereo v\u00fdstup pre sl\u00fachadl\u00e1: 6,3 mm jack Pripojenie USB hostite\u013ea a zariaden\u00ed<br \/>\nMIDI vstup a v\u00fdstup 2 vstupy pre ped\u00e1le 2 vstupy pre no\u017en\u00e9 sp\u00edna\u010de<br \/>\nExtern\u00fd nap\u00e1jac\u00ed zdroj 12 V DC<br \/>\nRozmery: 937 x 331 x 134 mm<br \/>\nHmotnos\u0165: 6,6 kg<br \/>\nVr\u00e1tane softv\u00e9ru Steinberg Cubase AI DAW pre PC\/Mac<br \/>\nVhodn\u00fd kryt: art. 486652 alebo 493056 (nie je s\u00fa\u010das\u0165ou balenia)<br \/>\nVhodn\u00e9 puzdro: art. 497939 (nie je s\u00fa\u010das\u0165ou balenia)<\/p>\n","protected":false},"excerpt":{"rendered":"<p>Zvuk je najd\u00f4le\u017eitej\u0161\u00edm aspektom ka\u017ed\u00e9ho n\u00e1stroja. Sila syntetick\u00e9ho enginu MODX umo\u017e\u0148uje neobmedzen\u00fd potenci\u00e1l na vytvorenie vlastn\u00e9ho jedine\u010dn\u00e9ho zvuku, ktor\u00fd si \u017eiada ka\u017ed\u00fd umelec.<br \/>\nZvukov\u00fd engine MODX je zalo\u017een\u00fd na rovnakej technol\u00f3gii poh\u00e1\u0148aj\u00facej vlajkov\u00fa lo\u010f MONTAGE: AWM2 (Advanced Wave Memory 2) sample a syntetiz\u00e1tor a \u010dist\u00fd FM-X (Frequency Modulation) syntetiz\u00e1tor modernizovan\u00fd pre \u00fa\u017easn\u00e9 prehr\u00e1vanie zvuku a komplexn\u00fd zvukov\u00fd dizajn.<\/p>\n<p>Sound engine AWM2, ktor\u00fd sa nach\u00e1dza len v hudobn\u00fdch syntetiz\u00e1toroch Yamaha, pon\u00faka ove\u013ea viac ne\u017e len prehr\u00e1vanie samplov. Ka\u017ed\u00e1 zo 16 \u010dast\u00ed AWM2 obsahuje osem plne programovate\u013en\u00fdch syntetiz\u00e1torov s filtrom (18 r\u00f4znych typov!) gener\u00e1tormi amplit\u00fady, v\u00fd\u0161ky t\u00f3nu a envelope filtra, dev\u00e4\u0165 LFO, 3-p\u00e1smov\u00fd EQ a \u0161peci\u00e1lny dvojit\u00fd insert efekt s virtu\u00e1lnym modelovan\u00edm obvodov.<\/p>\n<p>FM-X je \u00fa\u017easne sofistikovan\u00fd \u010dist\u00fd syntetiz\u00e1torov\u00fd engine, ktor\u00fd dok\u00e1\u017ee vytvori\u0165 klasick\u00fd zvuk 80. rokov alebo \u0161pi\u010dkov\u00fd EDM zvuk s neuverite\u013en\u00fdm dynamick\u00fdm rozsahom, v\u00fdkonom a vernos\u0165ou. MODX disponuje 8-oper\u00e1torovou FM architekt\u00farou a 64-notovou polyf\u00f3niou, \u010do umo\u017e\u0148uje obrovsk\u00e9 mno\u017estvo mo\u017enost\u00ed zvukov\u00e9ho dizajnu.<\/p>\n<p>MODX disponuje 128-notovou stereo AWM2 polyf\u00f3niou a 64-notovou FM-X polyf\u00f3niou. V\u010faka jedine\u010dnej architekt\u00fare MODX a MONTAGE je t\u00e1to polyf\u00f3nia v\u017edy k dispoz\u00edcii bez oneskorenia alebo ohrozenia in\u00fdch funkci\u00ed.<\/p>\n<p>Bezprobl\u00e9mov\u00e9 prep\u00ednanie zvuku (SSS) v\u00e1m umo\u017e\u0148uje plynulo meni\u0165 nastavenia bez preru\u0161enia envelope alebo efektov. To je ide\u00e1lne pre \u017eiv\u00e9 vyst\u00fapenia, pri ktor\u00fdch ukon\u010d\u00edte jednu skladbu a za\u010dnete in\u00fa bez preru\u0161enia.<\/p>\n<p>MODX obsahuje 1 GB st\u00e1lej u\u017e\u00edvate\u013eskej flash pam\u00e4te s vysokou r\u00fdchlos\u0165ou \u010d\u00edtania\/z\u00e1pisu pre va\u0161e vlastn\u00e9 sample alebo synth kni\u017enice z yamahamusicsoft.com.<\/p>\n","protected":false},"featured_media":13138,"comment_status":"open","ping_status":"closed","template":"","meta":[],"product_brand":[],"product_cat":[391],"product_tag":[1467,1465,1466],"class_list":{"0":"post-13130","1":"product","2":"type-product","3":"status-publish","4":"has-post-thumbnail","6":"product_cat-thomann","7":"product_tag-workstation-yamaha","8":"product_tag-yamaha","9":"product_tag-yamaha-modx6","11":"first","12":"instock","13":"sale","14":"purchasable","15":"product-type-simple"},"jetpack_sharing_enabled":true,"_links":{"self":[{"href":"https:\/\/quintett.eu\/index.php?rest_route=\/wp\/v2\/product\/13130","targetHints":{"allow":["GET"]}}],"collection":[{"href":"https:\/\/quintett.eu\/index.php?rest_route=\/wp\/v2\/product"}],"about":[{"href":"https:\/\/quintett.eu\/index.php?rest_route=\/wp\/v2\/types\/product"}],"replies":[{"embeddable":true,"href":"https:\/\/quintett.eu\/index.php?rest_route=%2Fwp%2Fv2%2Fcomments&post=13130"}],"wp:featuredmedia":[{"embeddable":true,"href":"https:\/\/quintett.eu\/index.php?rest_route=\/wp\/v2\/media\/13138"}],"wp:attachment":[{"href":"https:\/\/quintett.eu\/index.php?rest_route=%2Fwp%2Fv2%2Fmedia&parent=13130"}],"wp:term":[{"taxonomy":"product_brand","embeddable":true,"href":"https:\/\/quintett.eu\/index.php?rest_route=%2Fwp%2Fv2%2Fproduct_brand&post=13130"},{"taxonomy":"product_cat","embeddable":true,"href":"https:\/\/quintett.eu\/index.php?rest_route=%2Fwp%2Fv2%2Fproduct_cat&post=13130"},{"taxonomy":"product_tag","embeddable":true,"href":"https:\/\/quintett.eu\/index.php?rest_route=%2Fwp%2Fv2%2Fproduct_tag&post=13130"}],"curies":[{"name":"wp","href":"https:\/\/api.w.org\/{rel}","templated":true}]}}