{"id":13153,"date":"2025-11-04T10:07:01","date_gmt":"2025-11-04T08:07:01","guid":{"rendered":"https:\/\/quintett.eu\/?post_type=product&#038;p=13153"},"modified":"2025-11-04T13:45:56","modified_gmt":"2025-11-04T11:45:56","slug":"audio-technica-ath-m30x-2","status":"publish","type":"product","link":"https:\/\/quintett.eu\/?product=audio-technica-ath-m30x-2","title":{"rendered":"Audio Technica ATH-M30X"},"content":{"rendered":"<table class=\"table table-striped\" width=\"100%\">\n<tbody>\n<tr>\n<td width=\"35%\"><strong>Tip<\/strong><\/td>\n<td width=\"65%\">\u00cenchise dinamice<\/td>\n<\/tr>\n<tr>\n<td width=\"35%\"><strong>Diametru driver<\/strong><\/td>\n<td width=\"65%\">40mm<\/td>\n<\/tr>\n<tr>\n<td width=\"35%\"><strong>Magnet<\/strong><\/td>\n<td width=\"65%\">Neodim<\/td>\n<\/tr>\n<tr>\n<td width=\"35%\"><strong>Bobin\u0103 de voce<\/strong><\/td>\n<td width=\"65%\">CCAW (Cu fir de aluminiu \u00eembr\u0103cat \u00een cupru)<\/td>\n<\/tr>\n<tr>\n<td width=\"35%\"><strong>R\u0103spuns \u00een frecven\u021b\u0103<\/strong><\/td>\n<td width=\"65%\">15 &#8211; 22,000 Hz<\/td>\n<\/tr>\n<tr>\n<td width=\"35%\"><strong>Putere maxim\u0103 de intrare<\/strong><\/td>\n<td width=\"65%\">1,300 mW @ 1KHz<\/td>\n<\/tr>\n<tr>\n<td width=\"35%\"><strong>Sensibilitate<\/strong><\/td>\n<td width=\"65%\">96 dB<\/td>\n<\/tr>\n<tr>\n<td width=\"35%\"><strong>Impedan\u021b\u0103<\/strong><\/td>\n<td width=\"65%\">47 ohmi<\/td>\n<\/tr>\n<tr>\n<td width=\"35%\"><strong>Pliere\/Rabatare<\/strong><\/td>\n<td width=\"65%\">Da<\/td>\n<\/tr>\n<tr>\n<td width=\"35%\"><strong>Greutate<\/strong><\/td>\n<td width=\"65%\">220g (f\u0103r\u0103 cablu)<\/td>\n<\/tr>\n<tr>\n<td width=\"35%\"><strong>Cable &#8211; Deta\u0219abil<\/strong><\/td>\n<td width=\"65%\">Nu<\/td>\n<\/tr>\n<tr>\n<td width=\"35%\"><strong>Cablu<\/strong><\/td>\n<td width=\"65%\">Cablu drept de 3 m (9.84\u2019), ie\u0219ire pe st\u00e2nga<\/td>\n<\/tr>\n<tr>\n<td width=\"35%\"><strong>Conector<\/strong><\/td>\n<td width=\"65%\">Conector stereo de 1\/8\u201d (3.5 mm) placat cu aur<\/td>\n<\/tr>\n<tr>\n<td width=\"35%\"><strong>Accesorii incluse<\/strong><\/td>\n<td width=\"65%\">Adaptor jack 1\/4\u201d de \u00een\u0219urubat, hus\u0103<\/td>\n<\/tr>\n<\/tbody>\n<\/table>\n<p><iframe title=\"ATH-M30x Overview | Professional Monitor Headphones\" width=\"640\" height=\"360\" src=\"https:\/\/www.youtube.com\/embed\/dZmId_sqrS4?start=7&#038;feature=oembed\" frameborder=\"0\" allow=\"accelerometer; autoplay; clipboard-write; encrypted-media; gyroscope; picture-in-picture; web-share\" referrerpolicy=\"strict-origin-when-cross-origin\" allowfullscreen><\/iframe><\/p>\n","protected":false},"excerpt":{"rendered":"<h2>ATH-M30X<\/h2>\n<h3>inginerie moderna si materiale de calitate superioara<\/h3>\n<p>Concepute pentru a oferi o experin\u021b\u0103 de audi\u021bie confortabil\u0103 &#8211; oric\u00e2nd, oriunde.<\/p>\n<ul>\n<li>Proiectare de cel mai \u00eenalt nivel \u0219i construc\u021bie robust\u0103<\/li>\n<li>Drivere de 40mm cu magne\u021bi din p\u0103m\u00e2nt rar (Neodim) \u0219i bobine de voce cu fire de aluminiu \u00eembr\u0103cate \u00een cupru<\/li>\n<li>Acordate liniar pentru o acurate\u021be incredibil\u0103 de monitorizare pe \u00eentreaga gam\u0103 de frecven\u021be<\/li>\n<li>Design\u00a0cu contururi fine care acoper\u0103 perfect urechea, u\u0219oare \u0219i confortabile<\/li>\n<li>Ie\u0219ire de cablu pe o singur\u0103 parte<\/li>\n<li>Design colapsabil pentru portabilitate \u0219i economie de spa\u021biu<\/li>\n<\/ul>\n","protected":false},"featured_media":13161,"comment_status":"open","ping_status":"closed","template":"","meta":[],"product_brand":[],"product_cat":[60,1472],"product_tag":[126,118,127,125],"class_list":{"0":"post-13153","1":"product","2":"type-product","3":"status-publish","4":"has-post-thumbnail","6":"product_cat-microfoane","7":"product_cat-black-friday-najlepsie-ceny","8":"product_tag-ath-m30x","9":"product_tag-audio-technica","10":"product_tag-casti","11":"product_tag-casti-studio","13":"first","14":"instock","15":"sale","16":"purchasable","17":"product-type-simple"},"jetpack_sharing_enabled":true,"_links":{"self":[{"href":"https:\/\/quintett.eu\/index.php?rest_route=\/wp\/v2\/product\/13153","targetHints":{"allow":["GET"]}}],"collection":[{"href":"https:\/\/quintett.eu\/index.php?rest_route=\/wp\/v2\/product"}],"about":[{"href":"https:\/\/quintett.eu\/index.php?rest_route=\/wp\/v2\/types\/product"}],"replies":[{"embeddable":true,"href":"https:\/\/quintett.eu\/index.php?rest_route=%2Fwp%2Fv2%2Fcomments&post=13153"}],"wp:featuredmedia":[{"embeddable":true,"href":"https:\/\/quintett.eu\/index.php?rest_route=\/wp\/v2\/media\/13161"}],"wp:attachment":[{"href":"https:\/\/quintett.eu\/index.php?rest_route=%2Fwp%2Fv2%2Fmedia&parent=13153"}],"wp:term":[{"taxonomy":"product_brand","embeddable":true,"href":"https:\/\/quintett.eu\/index.php?rest_route=%2Fwp%2Fv2%2Fproduct_brand&post=13153"},{"taxonomy":"product_cat","embeddable":true,"href":"https:\/\/quintett.eu\/index.php?rest_route=%2Fwp%2Fv2%2Fproduct_cat&post=13153"},{"taxonomy":"product_tag","embeddable":true,"href":"https:\/\/quintett.eu\/index.php?rest_route=%2Fwp%2Fv2%2Fproduct_tag&post=13153"}],"curies":[{"name":"wp","href":"https:\/\/api.w.org\/{rel}","templated":true}]}}