{"id":13190,"date":"2025-11-04T10:07:09","date_gmt":"2025-11-04T08:07:09","guid":{"rendered":"https:\/\/quintett.eu\/?post_type=product&#038;p=13190"},"modified":"2025-11-04T13:43:26","modified_gmt":"2025-11-04T11:43:26","slug":"klotz-claes-mini44s","status":"publish","type":"product","link":"https:\/\/quintett.eu\/?product=klotz-claes-mini44s","title":{"rendered":"KLOTZ CLAES-MINI44S"},"content":{"rendered":"<p>Set adaptor CATLink MINI cu 4 canale intrare\/ie\u0219ire<br \/>\nCLAES-MINI40 + CLAES-MINI04<\/p>\n<p>CLAES-MINI44S<\/p>\n<p>Adaptor CATLink cu 4 canale intrare\/ie\u0219ire microfon\/linie\/AES<br \/>\ntransmisie a 4 semnale audio analogice (linie, microfon, 48V)<br \/>\ntransmisie a 4 semnale audio AES\/EBU digitale (4x stereo \/ 8x audio)<br \/>\ntransmisie a 4 semnale de control digitale (DMX, MIDI)<br \/>\ncadru din aluminiu ultracompact \u0219i extrem de solid<br \/>\netichetare clar\u0103 a canalelor cu coduri de culori \u0219i gravare laser<br \/>\ncablare flexibil\u0103 cu o lungime de peste 80 cm<br \/>\npentru cabluri de re\u021bea cu ecranare complet\u0103 (de exemplu, RC5EE)<br \/>\nSet adaptor intrare\/ie\u0219ire cu 4 canale format din: CLAES-MINI40 + CLAES-MINI04<\/p>\n<ul>\n<li>Cod: CLAES-MINI44S<\/li>\n<li>Conector 1: 2x etherCON female<\/li>\n<li>Conector 2: 4x XLR 3p F\/M<\/li>\n<li>Lungimea cablului: 0.8 m<\/li>\n<li>Carcas\u0103: 76 x 31 x 25 mm<\/li>\n<li>Culoarea cablului: negru<\/li>\n<\/ul>\n","protected":false},"excerpt":{"rendered":"<p>KLOTZ &#8211; Set adaptor CATLink MINI cu 4 canale intrare\/ie\u0219ire<br \/>\nCLAES-MINI40 + CLAES-MINI04<\/p>\n<p>Produsele KLOTZ CATLink sunt capabile s\u0103 transmit\u0103 patru semnale audio analogice (mic, line), opt semnale audio digitale (4x AES\/EBU) sau patru semnale DMX\/MIDI pe distan\u021be de p\u00e2n\u0103 la 100 m cu stabilitate complet\u0103 printr-un conductor de re\u021bea cu ecranare total\u0103. Sistemul CATLink mini Multicore cuprinde o carcas\u0103 compact\u0103 \u0219i robust\u0103 din aluminiu cu priz\u0103 etherCON pe o parte \u0219i un pigtail de 80 cm cu 4 canale pe cealalt\u0103 parte. Alegerea KLOTZ pentru cablul mic\/line\/patch este un cablu digital foarte flexibil cu diametru extern mic, conceput special pentru seria CATLink mini. Produsele KLOTZ dispun de etichetare clar\u0103 a canalelor, codare coloristic\u0103 \u0219i conectori XLR grava\u021bi cu laser ca standard, ceea ce face foarte u\u0219or de distins diversele canale. Seria CATlink mini cuprinde o gam\u0103 de modele cu XLR 3p (mic, line, AES\/EBU), XLR 5p (DMX) \u0219i TRS (line) pentru a acoperi toate nevoile de conexiune. Recomand\u0103m utilizarea unui conductor de re\u021bea cu ecranare total\u0103 (KLOTZ RC5EE) ca un cablu de conexiune pentru a asigura ca cele patru canale separate s\u0103 \u00eempart\u0103 un p\u0103m\u00e2nt comun.<\/p>\n","protected":false},"featured_media":13196,"comment_status":"open","ping_status":"closed","template":"","meta":[],"product_brand":[],"product_cat":[1472,37],"product_tag":[1473,1008,917,544,58,1461,1043,1474,1040,1038],"class_list":{"0":"post-13190","1":"product","2":"type-product","3":"status-publish","4":"has-post-thumbnail","6":"product_cat-black-friday-najlepsie-ceny","7":"product_cat-cabluri-la-metru","8":"product_tag-adaptor-link-aes","9":"product_tag-cablu-cat5","10":"product_tag-catlink","11":"product_tag-dmx","12":"product_tag-klotz","13":"product_tag-klotz-cat5","14":"product_tag-klotz-cat7","15":"product_tag-klotz-claes-mini44s","16":"product_tag-rcbeew050","17":"product_tag-tambur-50m-cat5","19":"first","20":"instock","21":"sale","22":"purchasable","23":"product-type-simple"},"jetpack_sharing_enabled":true,"_links":{"self":[{"href":"https:\/\/quintett.eu\/index.php?rest_route=\/wp\/v2\/product\/13190","targetHints":{"allow":["GET"]}}],"collection":[{"href":"https:\/\/quintett.eu\/index.php?rest_route=\/wp\/v2\/product"}],"about":[{"href":"https:\/\/quintett.eu\/index.php?rest_route=\/wp\/v2\/types\/product"}],"replies":[{"embeddable":true,"href":"https:\/\/quintett.eu\/index.php?rest_route=%2Fwp%2Fv2%2Fcomments&post=13190"}],"wp:featuredmedia":[{"embeddable":true,"href":"https:\/\/quintett.eu\/index.php?rest_route=\/wp\/v2\/media\/13196"}],"wp:attachment":[{"href":"https:\/\/quintett.eu\/index.php?rest_route=%2Fwp%2Fv2%2Fmedia&parent=13190"}],"wp:term":[{"taxonomy":"product_brand","embeddable":true,"href":"https:\/\/quintett.eu\/index.php?rest_route=%2Fwp%2Fv2%2Fproduct_brand&post=13190"},{"taxonomy":"product_cat","embeddable":true,"href":"https:\/\/quintett.eu\/index.php?rest_route=%2Fwp%2Fv2%2Fproduct_cat&post=13190"},{"taxonomy":"product_tag","embeddable":true,"href":"https:\/\/quintett.eu\/index.php?rest_route=%2Fwp%2Fv2%2Fproduct_tag&post=13190"}],"curies":[{"name":"wp","href":"https:\/\/api.w.org\/{rel}","templated":true}]}}