{"id":13194,"date":"2025-11-04T10:07:10","date_gmt":"2025-11-04T08:07:10","guid":{"rendered":"https:\/\/quintett.eu\/?post_type=product&#038;p=13194"},"modified":"2025-11-04T13:42:25","modified_gmt":"2025-11-04T11:42:25","slug":"wolfmix-w1-mkii","status":"publish","type":"product","link":"https:\/\/quintett.eu\/?product=wolfmix-w1-mkii","title":{"rendered":"WOLFMIX W1 MKII"},"content":{"rendered":"<div class=\"text-translated js-prod-text-translation\" data-translated=\"true\">\n<h3>Wolfmix W1 MK2:<\/h3>\n<div class=\"rte\">\n<p><strong>Caracteristici esentiale:<\/strong><\/p>\n<ul>\n<li>Compatibil cu orice dispozitiv DMX<\/li>\n<li>Pana la 4 universuri DMX (2048 canale. Add-on necesar pentru U3+4)<\/li>\n<li>Pana la 680 de proiectoare si fascicule luminoase<\/li>\n<li>Pana la 50 de tipuri de dispozitive<\/li>\n<li>Pana la 5000 de proprietati ale dispozitivelor<\/li>\n<li>8 Grupuri de dispozitive<\/li>\n<li>6 Proiecte<\/li>\n<li>Peste 15000 de aparate disponibile (3500+ pe controller)<\/li>\n<li>Adresare DMX, secventa de dispozitive si setari de grup<\/li>\n<li>Utilizare ca splitter DMX cu mapare a universului DMX<\/li>\n<li>Modul de efecte culoare, miscare si fascicul cu cate 8 tipuri de efecte fiecare<\/li>\n<li>100 de sloturi presetate pentru salvarea instantaneei cu temporizari de mentinere si atenuare<\/li>\n<li>Sincronizare FX cu pulsul muzical de la microfon sau line-in<\/li>\n<li>Sincronizare BPM FX cu Ableton Link, OS2L sau BPM Tap<\/li>\n<li>Viteza, faza, secventa, dimensiune, atenuare, ventilator si scanteiere a efectului<\/li>\n<li>Control live al punctului de inregistrare al efectului de miscare<\/li>\n<li>Control global al vitezei si inghetarii FX<\/li>\n<li>Harta DMX IN cu dimmer de grup si patch catre canalele de iesire (add-on necesar)<\/li>\n<li>Sincronizare WLINK cu un alt controller Wolfmix (add-on necesar)<\/li>\n<li>Interfata controler MIDI si stick USB<\/li>\n<li>Tester de canale DMX<\/li>\n<li>Declansarea controlata in timp a butoanelor de blitz si preset<\/li>\n<li>Functia FLIP a aparatului pentru inversarea secventei fasciculului<\/li>\n<li>Functia SPLIT a aparatului pentru divizarea barelor multi-FX<\/li>\n<li>Backup proiect si fixture cu aplicatia WTOOLS<\/li>\n<li>Vizualizare offline 3D cu Easy View &amp; WTOOLS via USB (add-on necesar)<\/li>\n<li>Restaurare automata a proiectului activ (nu este necesara salvarea manuala)<\/li>\n<li>Importati diferite configurari de aparate in acelasi proiect<\/li>\n<\/ul>\n<p><strong>Specificatii tehnice:<\/strong><\/p>\n<ul>\n<li>Carcasa: Plastic ABS<\/li>\n<li>Placa de baza din otel acoperit cu pulbere cu VESA de 100 mm<\/li>\n<li>Ecran: TFT color de 4.3&#8243; cu sticla intunecata<\/li>\n<li>Atingere capacitiva<\/li>\n<li>Audio: Microfon omnidirectional electret<\/li>\n<li>Intrare linie 3.5 mm Jack<\/li>\n<li>DMX: 2x conexiuni XLR DMX OUT cu 3 pini, 1x conexiune XLR DMX OUT cu 5 pini si 1x conexiune XLR DMX IN\/OUT cu 5 pini cu WLINK<\/li>\n<li>USB-A pentru conexiunea la controlerul MIDI sau la memoria USB<\/li>\n<li>Conector USB-B &#8211; necesar 900 mA (clasificare USB3)<\/li>\n<li>Dimensiuni (L x A x I): 195 x 220 x 62 mm<\/li>\n<li>Greutate: 1070 g<\/li>\n<\/ul>\n<\/div>\n<\/div>\n","protected":false},"excerpt":{"rendered":"<div class=\"description fx-space-bottom--s\">\n<div class=\"keyfeatures keyfeatures--more-available keyfeatures--auto-translated\">\n<ul class=\"fx-list\">\n<li>Wolfmix W1 MK2 este o comanda de lumini DMX ce dispune de module FX, sincronizare muzicala si pana la 4 universuri DMX.<\/li>\n<li class=\"fx-list__item fx-list__item--circle\">Nu este necesar un computer<\/li>\n<li class=\"fx-list__item fx-list__item--circle\">Compatibil cu orice dispozitiv DMX<\/li>\n<li class=\"fx-list__item fx-list__item--circle\">P\u00e2n\u0103 la 4 universuri DMX (2048 de canale. Necesit\u0103 extensie pentru U3+4)*<\/li>\n<li class=\"fx-list__item fx-list__item--circle\">P\u00e2n\u0103 la 680 de spoturi \u0219i fascicule<\/li>\n<li class=\"fx-list__item fx-list__item--circle\">P\u00e2n\u0103 la 50 de tipuri de dispozitive<\/li>\n<\/ul>\n<\/div>\n<\/div>\n","protected":false},"featured_media":13215,"comment_status":"open","ping_status":"closed","template":"","meta":[],"product_brand":[],"product_cat":[1472,391],"product_tag":[1478,970,1479,1480,1481,1482,1483,1484,1485],"class_list":{"0":"post-13194","1":"product","2":"type-product","3":"status-publish","4":"has-post-thumbnail","6":"product_cat-black-friday-najlepsie-ceny","7":"product_cat-thomann","8":"product_tag-1024-canale","9":"product_tag-consola-dmx","10":"product_tag-dmx-cameo","11":"product_tag-dmx-consola","12":"product_tag-dmx-controler","13":"product_tag-dmx-daslight","14":"product_tag-dmx-grandma","15":"product_tag-wolfmix","16":"product_tag-wolfmix-dmx","18":"first","19":"instock","20":"sale","21":"purchasable","22":"product-type-simple"},"jetpack_sharing_enabled":true,"_links":{"self":[{"href":"https:\/\/quintett.eu\/index.php?rest_route=\/wp\/v2\/product\/13194","targetHints":{"allow":["GET"]}}],"collection":[{"href":"https:\/\/quintett.eu\/index.php?rest_route=\/wp\/v2\/product"}],"about":[{"href":"https:\/\/quintett.eu\/index.php?rest_route=\/wp\/v2\/types\/product"}],"replies":[{"embeddable":true,"href":"https:\/\/quintett.eu\/index.php?rest_route=%2Fwp%2Fv2%2Fcomments&post=13194"}],"wp:featuredmedia":[{"embeddable":true,"href":"https:\/\/quintett.eu\/index.php?rest_route=\/wp\/v2\/media\/13215"}],"wp:attachment":[{"href":"https:\/\/quintett.eu\/index.php?rest_route=%2Fwp%2Fv2%2Fmedia&parent=13194"}],"wp:term":[{"taxonomy":"product_brand","embeddable":true,"href":"https:\/\/quintett.eu\/index.php?rest_route=%2Fwp%2Fv2%2Fproduct_brand&post=13194"},{"taxonomy":"product_cat","embeddable":true,"href":"https:\/\/quintett.eu\/index.php?rest_route=%2Fwp%2Fv2%2Fproduct_cat&post=13194"},{"taxonomy":"product_tag","embeddable":true,"href":"https:\/\/quintett.eu\/index.php?rest_route=%2Fwp%2Fv2%2Fproduct_tag&post=13194"}],"curies":[{"name":"wp","href":"https:\/\/api.w.org\/{rel}","templated":true}]}}