{"id":1360,"date":"2020-12-02T18:55:46","date_gmt":"2020-12-02T16:55:46","guid":{"rendered":"https:\/\/quintett.eu\/?post_type=product&#038;p=1360"},"modified":"2020-12-02T19:05:04","modified_gmt":"2020-12-02T17:05:04","slug":"sommer-club-series-mkii-sw-rola-100m","status":"publish","type":"product","link":"https:\/\/quintett.eu\/?product=sommer-club-series-mkii-sw-rola-100m","title":{"rendered":"Sommer Club series MKII SW -rola 100m"},"content":{"rendered":"<ul>\n<li>Calitate ridicat\u0103 a transmisiei datorit\u0103 utiliz\u0103rii \u0219uvi\u021belor fine.<\/li>\n<li>Rezistent datorit\u0103 mansonului gros \u0219i moale din PVC.<\/li>\n<li>Protec\u021bie bun\u0103 datorit\u0103 ecranajului cu plas\u0103.<\/li>\n<li>Flexibilitatea ridicat\u0103 face u\u0219orara\u0103 rularea.<\/li>\n<li>Flexibilitate remarcabil\u0103 \u00a0la temperaturi sc\u0103zute.<\/li>\n<\/ul>\n","protected":false},"excerpt":{"rendered":"<p>Sommer Club series MKII SW -cablu semnal balansat<\/p>\n<ul>\n<li>Propriet\u0103\u021bi: cupru f\u0103r\u0103 oxigen OFC<\/li>\n<li>Zona de aplicare: ELA 100 V<\/li>\n<li>Zona de aplicare: Instalare<\/li>\n<li>Zona de aplicare: Etapa \/ live<\/li>\n<li>Zona de aplicare: Studio \/ Broadcast<\/li>\n<li>Aplica\u021bie: Cablu microfon<\/li>\n<li>Culoare: negru<\/li>\n<li>Detaliat culoarea: negru<\/li>\n<li>Transmiterea semnalului: simetric<\/li>\n<li>Material jacheta: PVC<\/li>\n<li>Jacheta \u00d8: 6,5 mm<\/li>\n<li>Num\u0103r de canale (audio): 1<\/li>\n<li>Conductor interior (audio): 2<\/li>\n<li>Conductor interior (audio): 0,34 mm\u00b2<\/li>\n<li>Conductor interior \u00d8 (audio): 0,66 mm<\/li>\n<li>AWG (audio): 22<\/li>\n<li>Ecranare: ecranare \u00eempletit\u0103 din cupru cu 0,10 mm indiv. toroane<\/li>\n<li>\u0218uvi\u021be de cupru (audio): 19<\/li>\n<li>S\u00e2rm\u0103 de cupru \u00d8 (audio): 0,15 mm<\/li>\n<li>Material izolant conductor: PE<\/li>\n<li>Izolarea conductorului \u00d8: 1,5 mm<\/li>\n<li>Greutate la 1 m: 50 g<\/li>\n<li>Rezistent la UV: da<\/li>\n<li>Sarcina focului pe m: 0,22 kWh<\/li>\n<li>Varianta de stil: rotund\u0103<\/li>\n<li>Factor de ecranare: 95%<\/li>\n<li>Temperatur\u0103 min .: -25 \u00b0 C<\/li>\n<li>Temperatur\u0103 max .: 70 \u00b0 C<\/li>\n<li>L\u0103\u021bime: 6,5 mm<\/li>\n<li>\u00cen\u0103l\u021bime: 6,5 mm<\/li>\n<li>Capac. cond.\/cond. la 1 m (audio): 58 pF<\/li>\n<li>Capac. cond.\/shield. la 1 m (audio): 115 pF<\/li>\n<li>Impedan\u021b\u0103: 100 \u03a9<\/li>\n<li>Culori disponibile: Negru<\/li>\n<li>Lungime rola 100m<\/li>\n<\/ul>\n","protected":false},"featured_media":1361,"comment_status":"open","ping_status":"closed","template":"","meta":[],"product_brand":[],"product_cat":[36],"product_tag":[169,167,168],"class_list":{"0":"post-1360","1":"product","2":"type-product","3":"status-publish","4":"has-post-thumbnail","6":"product_cat-cabluri-la-rola","7":"product_tag-2x0-34","8":"product_tag-cablu-microfon","9":"product_tag-sommer","11":"first","12":"instock","13":"sale","14":"taxable","15":"shipping-taxable","16":"purchasable","17":"product-type-simple"},"jetpack_sharing_enabled":true,"_links":{"self":[{"href":"https:\/\/quintett.eu\/index.php?rest_route=\/wp\/v2\/product\/1360","targetHints":{"allow":["GET"]}}],"collection":[{"href":"https:\/\/quintett.eu\/index.php?rest_route=\/wp\/v2\/product"}],"about":[{"href":"https:\/\/quintett.eu\/index.php?rest_route=\/wp\/v2\/types\/product"}],"replies":[{"embeddable":true,"href":"https:\/\/quintett.eu\/index.php?rest_route=%2Fwp%2Fv2%2Fcomments&post=1360"}],"wp:featuredmedia":[{"embeddable":true,"href":"https:\/\/quintett.eu\/index.php?rest_route=\/wp\/v2\/media\/1361"}],"wp:attachment":[{"href":"https:\/\/quintett.eu\/index.php?rest_route=%2Fwp%2Fv2%2Fmedia&parent=1360"}],"wp:term":[{"taxonomy":"product_brand","embeddable":true,"href":"https:\/\/quintett.eu\/index.php?rest_route=%2Fwp%2Fv2%2Fproduct_brand&post=1360"},{"taxonomy":"product_cat","embeddable":true,"href":"https:\/\/quintett.eu\/index.php?rest_route=%2Fwp%2Fv2%2Fproduct_cat&post=1360"},{"taxonomy":"product_tag","embeddable":true,"href":"https:\/\/quintett.eu\/index.php?rest_route=%2Fwp%2Fv2%2Fproduct_tag&post=1360"}],"curies":[{"name":"wp","href":"https:\/\/api.w.org\/{rel}","templated":true}]}}