{"id":333,"date":"2020-04-07T21:25:03","date_gmt":"2020-04-07T19:25:03","guid":{"rendered":"https:\/\/quintett.eu\/?post_type=product&#038;p=333"},"modified":"2024-05-29T11:43:46","modified_gmt":"2024-05-29T09:43:46","slug":"rumberger-k1x-sennheiser","status":"publish","type":"product","link":"https:\/\/quintett.eu\/?product=rumberger-k1x-sennheiser","title":{"rendered":"Rumberger K1X II Sennheiser"},"content":{"rendered":"<p>Doza Rumberger K1X II \u00a0&#8211; Noul model al firmei Rumberger<\/p>\n<p><strong>\u00a0 \u00a0Caracteristici : \u00a0<\/strong><\/p>\n<ul>\n<li>Succesor al modelului rumberger K1X \u00a0II<\/li>\n<li>Manson de nichel inclus<\/li>\n<li>Design optimizat al dozei<\/li>\n<li>Sunet clar fara zgomot de fond<\/li>\n<li>Captare uniforma a sunetului<\/li>\n<li>Gama de frecven\u0163\u0103: 50 &#8211; 20000 Hz<\/li>\n<li>Necesita phantom power \u00a0(48 V)<\/li>\n<li>Greutate: 25 grame<\/li>\n<li>Include : cutie de carton\u00a0 , cablu jack mic- conector SENNHEISER , lubrifiat special , dop cauciuc , butoias .<\/li>\n<\/ul>\n<p>&nbsp;<\/p>\n","protected":false},"excerpt":{"rendered":"<p>Doza pentru clarinet si saxofon\u00a0RUMBERGER K1X II &#8211; Cablu\u00a0Sennheiser<\/p>\n<p>Modelul succesor al modelului Rumberger K1X<\/p>\n<p>Inova\u021bie: poten\u021biometrul nu mai este montat in doza ; \u00eembun\u0103t\u0103\u021birea sunetului \u0219i reducerea basului prin filtru \u00een adaptorul de alimentare Phantom (PA-F1)<\/p>\n<p>Nota: noul pickup sun\u0103 mult mai natural \u0219i mai clar dec\u00e2t predecesorul K1X<\/p>\n<p>-se poate folosi si cu \u00a0sisteme wireless Sennheiser<\/p>\n<p>-usor de montat si demontat<\/p>\n<p>-include cutie de carton si accesorii<\/p>\n<p>-contine cablu pentru sisteme wireless\u00a0Sennheiser<\/p>\n","protected":false},"featured_media":7155,"comment_status":"open","ping_status":"closed","template":"","meta":[],"product_brand":[],"product_cat":[177],"product_tag":[399,79,78,77],"class_list":{"0":"post-333","1":"product","2":"type-product","3":"status-publish","4":"has-post-thumbnail","6":"product_cat-rumberger","7":"product_tag-doza-clarinet","8":"product_tag-doza-saxofon","9":"product_tag-k1x","10":"product_tag-rumberger","12":"first","13":"instock","14":"sale","15":"purchasable","16":"product-type-simple"},"jetpack_sharing_enabled":true,"_links":{"self":[{"href":"https:\/\/quintett.eu\/index.php?rest_route=\/wp\/v2\/product\/333","targetHints":{"allow":["GET"]}}],"collection":[{"href":"https:\/\/quintett.eu\/index.php?rest_route=\/wp\/v2\/product"}],"about":[{"href":"https:\/\/quintett.eu\/index.php?rest_route=\/wp\/v2\/types\/product"}],"replies":[{"embeddable":true,"href":"https:\/\/quintett.eu\/index.php?rest_route=%2Fwp%2Fv2%2Fcomments&post=333"}],"wp:featuredmedia":[{"embeddable":true,"href":"https:\/\/quintett.eu\/index.php?rest_route=\/wp\/v2\/media\/7155"}],"wp:attachment":[{"href":"https:\/\/quintett.eu\/index.php?rest_route=%2Fwp%2Fv2%2Fmedia&parent=333"}],"wp:term":[{"taxonomy":"product_brand","embeddable":true,"href":"https:\/\/quintett.eu\/index.php?rest_route=%2Fwp%2Fv2%2Fproduct_brand&post=333"},{"taxonomy":"product_cat","embeddable":true,"href":"https:\/\/quintett.eu\/index.php?rest_route=%2Fwp%2Fv2%2Fproduct_cat&post=333"},{"taxonomy":"product_tag","embeddable":true,"href":"https:\/\/quintett.eu\/index.php?rest_route=%2Fwp%2Fv2%2Fproduct_tag&post=333"}],"curies":[{"name":"wp","href":"https:\/\/api.w.org\/{rel}","templated":true}]}}