{"id":3560,"date":"2021-03-22T20:43:36","date_gmt":"2021-03-22T18:43:36","guid":{"rendered":"https:\/\/quintett.eu\/?product=proel-el700"},"modified":"2021-03-23T10:31:18","modified_gmt":"2021-03-23T08:31:18","slug":"proel-el700","status":"publish","type":"product","link":"https:\/\/quintett.eu\/?product=proel-el700","title":{"rendered":"Proel EL700"},"content":{"rendered":"<div>Suport Proel EL700<\/div>\n<div>\u00a0<\/div>\n<ul>\n<li>\u00cen\u0103l\u021bime minim\u0103: 200 mm<\/li>\n<li>\u00cen\u0103l\u021bime maxim\u0103: 500 mm<\/li>\n<li>L\u0103\u021bime: 400 mm<\/li>\n<li>Dimensiunea bra\u021bului: 140&#215;330 mm<\/li>\n<li>Greutate: 5,30 Kg<\/li>\n<li>\u00cenc\u0103rcare maxim\u0103: 45 kg<\/li>\n<li>Culorile disponibile: gri antracit<\/li>\n<\/ul>\n","protected":false},"excerpt":{"rendered":"<div>Suport Proel EL700 pentru mixer sau amplificatoare de chitara<\/div>\n","protected":false},"featured_media":3559,"comment_status":"open","ping_status":"closed","template":"","meta":[],"product_brand":[],"product_cat":[292],"product_tag":[291],"class_list":{"0":"post-3560","1":"product","2":"type-product","3":"status-publish","4":"has-post-thumbnail","6":"product_cat-proel","7":"product_tag-proel","9":"first","10":"instock","11":"taxable","12":"shipping-taxable","13":"purchasable","14":"product-type-simple"},"jetpack_sharing_enabled":true,"_links":{"self":[{"href":"https:\/\/quintett.eu\/index.php?rest_route=\/wp\/v2\/product\/3560","targetHints":{"allow":["GET"]}}],"collection":[{"href":"https:\/\/quintett.eu\/index.php?rest_route=\/wp\/v2\/product"}],"about":[{"href":"https:\/\/quintett.eu\/index.php?rest_route=\/wp\/v2\/types\/product"}],"replies":[{"embeddable":true,"href":"https:\/\/quintett.eu\/index.php?rest_route=%2Fwp%2Fv2%2Fcomments&post=3560"}],"wp:featuredmedia":[{"embeddable":true,"href":"https:\/\/quintett.eu\/index.php?rest_route=\/wp\/v2\/media\/3559"}],"wp:attachment":[{"href":"https:\/\/quintett.eu\/index.php?rest_route=%2Fwp%2Fv2%2Fmedia&parent=3560"}],"wp:term":[{"taxonomy":"product_brand","embeddable":true,"href":"https:\/\/quintett.eu\/index.php?rest_route=%2Fwp%2Fv2%2Fproduct_brand&post=3560"},{"taxonomy":"product_cat","embeddable":true,"href":"https:\/\/quintett.eu\/index.php?rest_route=%2Fwp%2Fv2%2Fproduct_cat&post=3560"},{"taxonomy":"product_tag","embeddable":true,"href":"https:\/\/quintett.eu\/index.php?rest_route=%2Fwp%2Fv2%2Fproduct_tag&post=3560"}],"curies":[{"name":"wp","href":"https:\/\/api.w.org\/{rel}","templated":true}]}}