{"id":3624,"date":"2021-03-22T20:44:26","date_gmt":"2021-03-22T18:44:26","guid":{"rendered":"https:\/\/quintett.eu\/?product=alto-hpa6"},"modified":"2023-08-31T16:36:31","modified_gmt":"2023-08-31T14:36:31","slug":"alto-hpa6","status":"publish","type":"product","link":"https:\/\/quintett.eu\/?product=alto-hpa6","title":{"rendered":"Alto HPA6"},"content":{"rendered":"<p><span style=\"font-size:11px;line-height:1.5em;\">Preamplificator casti\u00a0<\/span><span style=\"font-size:11px;line-height:1.5em;\">Alto HPA6<\/span><\/p>\n<ul>\n<li><span style=\"font-size:11px;line-height:1.5em;\">6 amplificatoare independente pentru c\u0103\u0219ti de mare putere \u00eentr-o dimensiune compact\u0103, 1unitate de rack<\/span><\/li>\n<li><span style=\"font-size:11px;line-height:1.5em;\">Furnizeaz\u0103 6 mixuri independente de p\u00e2n\u0103 la 18 de perechi de c\u0103\u0219ti<\/span><\/li>\n<li><span style=\"font-size:11px;line-height:1.5em;\">Stereo Aux Input pe fiecare canal pentru \u00a0monitorizare\u00a0click\/loop<\/span><\/li>\n<li><span style=\"font-size:11px;line-height:1.5em;\">Additional Direct Input pe panoul frontal<\/span><\/li>\n<li><span style=\"font-size:11px;line-height:1.5em;\">4 segmente LED pe fiecare canal pentru monitorizare vizual\u0103 u\u0219oar\u0103<\/span><\/li>\n<li><span style=\"font-size:11px;line-height:1.5em;\">Mono si Mute\u00a0Left\/Right per canal pentru 2 mono mixes per canal<\/span><\/li>\n<li><span style=\"font-size:11px;line-height:1.5em;\">Componente de \u00eenalt\u0103 calitate \u0219i \u00a0construc\u021bie extrem de robust\u0103<\/span><\/li>\n<li><span style=\"font-size:11px;line-height:1.5em;\">Conectori XLR placat cu aur si jack 1\/4\u2033 TRS<\/span><\/li>\n<li><span style=\"font-size:11px;line-height:1.5em;\">Dimensiuni : 48 cm x 21,6 cm x 4,3 cm<\/span><\/li>\n<li><span style=\"font-size:11px;line-height:1.5em;\">Greutate : 3 kg<\/span><\/li>\n<\/ul>\n","protected":false},"excerpt":{"rendered":"<p>Preamplificator casti\u00a0<span>stereo cu 6 canale\u00a0Alto HPA6.<\/span><\/p>\n","protected":false},"featured_media":3623,"comment_status":"open","ping_status":"closed","template":"","meta":[],"product_brand":[],"product_cat":[298],"product_tag":[297],"class_list":{"0":"post-3624","1":"product","2":"type-product","3":"status-publish","4":"has-post-thumbnail","6":"product_cat-alto","7":"product_tag-alto","9":"first","10":"outofstock","11":"taxable","12":"shipping-taxable","13":"purchasable","14":"product-type-simple"},"jetpack_sharing_enabled":true,"_links":{"self":[{"href":"https:\/\/quintett.eu\/index.php?rest_route=\/wp\/v2\/product\/3624","targetHints":{"allow":["GET"]}}],"collection":[{"href":"https:\/\/quintett.eu\/index.php?rest_route=\/wp\/v2\/product"}],"about":[{"href":"https:\/\/quintett.eu\/index.php?rest_route=\/wp\/v2\/types\/product"}],"replies":[{"embeddable":true,"href":"https:\/\/quintett.eu\/index.php?rest_route=%2Fwp%2Fv2%2Fcomments&post=3624"}],"wp:featuredmedia":[{"embeddable":true,"href":"https:\/\/quintett.eu\/index.php?rest_route=\/wp\/v2\/media\/3623"}],"wp:attachment":[{"href":"https:\/\/quintett.eu\/index.php?rest_route=%2Fwp%2Fv2%2Fmedia&parent=3624"}],"wp:term":[{"taxonomy":"product_brand","embeddable":true,"href":"https:\/\/quintett.eu\/index.php?rest_route=%2Fwp%2Fv2%2Fproduct_brand&post=3624"},{"taxonomy":"product_cat","embeddable":true,"href":"https:\/\/quintett.eu\/index.php?rest_route=%2Fwp%2Fv2%2Fproduct_cat&post=3624"},{"taxonomy":"product_tag","embeddable":true,"href":"https:\/\/quintett.eu\/index.php?rest_route=%2Fwp%2Fv2%2Fproduct_tag&post=3624"}],"curies":[{"name":"wp","href":"https:\/\/api.w.org\/{rel}","templated":true}]}}