{"id":370,"date":"2020-04-08T21:22:33","date_gmt":"2020-04-08T19:22:33","guid":{"rendered":"https:\/\/quintett.eu\/?post_type=product&#038;p=370"},"modified":"2023-01-04T15:11:35","modified_gmt":"2023-01-04T13:11:35","slug":"e-lektron-el-38-m","status":"publish","type":"product","link":"https:\/\/quintett.eu\/?product=e-lektron-el-38-m","title":{"rendered":"E-lektron EL-38 M"},"content":{"rendered":"","protected":false},"excerpt":{"rendered":"<p>Boxa portabila E-Lektron EL38-M &#8211; media player, baterie, 2 microfoane wireless, radio Bluetooth \u0219i FM<\/p>\n<ul>\n<li>Sistem de sunet PA cu 2 c\u0103i puternic, cu amplificator \u00eencorporat \u00eentr-o carcas\u0103 din plastic ABS rezistent\u0103 la \u0219oc, cu m\u00e2ner \u0219i roti.Cu mini mixerul \u00eencorporat, microfoanele radio, playerul USB \/ SD MP3, linia \u0219i intrarea instrumentului, cutia func\u021bioneaz\u0103 ca un sistem PA complet independent. \u00a0Pot fi conectate mai multe sisteme \u00een serie prin line-out \u0219i line-in.Ideal pentru prezent\u0103ri, sisteme de sunet, muzicieni, karaoke, etc. \u00a0Acest sistem de sunet versatil, este ideal pentru aproximativ 150-200 de persoane.U\u0219or de utilizat \u00een ciuda multor utiliz\u0103ri posibile.Caracteristici:<br \/>\nSistem de sunet cu amplificator \u00a0integrat, player media, radio FM \u0219i 2 microfoane radio<br \/>\nCarcas\u0103 din plastic ABS stabil\u0103 cu m\u00e2ner \u0219i ro\u021bi, de asemenea, pentru exterior<br \/>\nAmplificator integrat, puternic, \u00a0tehnologie cu consum redus de energie<br \/>\nTehnologie de difuzor cu 2 c\u0103i de bass cu o fidelitate mare a sunetului \u0219i bass profund<br \/>\nPlayer media cu conexiune USB \u0219i slot pentru card SD, inclusiv \u00eenregistrare (func\u021bie de \u00eenregistrare)<br \/>\nInterfa\u021ba BLUETOOTH poate fi folosita pentru redarea muzicii wireless de pe un smartphone sau tablet\u0103<br \/>\nRadio FM cu anten\u0103 integrat\u0103<br \/>\nEcran luminat cu afi\u0219are de titlu MP3<br \/>\nIncl. Telecomand\u0103 pentru func\u021biile player-ului media<br \/>\nIncl. 2 microfoane wireless cu suprimare feedback &#8211; posibilitatea de a conecta microfoane prin cablu<br \/>\nEfect ecou comutabil pentru conectarea microfonului \u0219i instrumentului<br \/>\nFunc\u021bia Talkover: atenuare comutabil\u0103 intercalat\u0103 pentru reducerea la t\u0103cere automat\u0103 a muzicii atunci c\u00e2nd folosi\u021bi microfonul<br \/>\nAmestec de MP3, microfoane radio, muzic\u0103 extern\u0103 \u0219i microfon instrument \/ cablu<br \/>\n3 moduri de operare:<br \/>\nla alimentare de 230Vac<br \/>\nla 12Vdc\u00a0prin intermediul bateriei integrate<br \/>\nBaterie integrat\u0103 &#8211; sistemul are un \u00eenc\u0103rc\u0103tor de baterii \u00eencorporat<br \/>\nGrila de protec\u021bie metalic\u0103 robust\u0103 pentru woofer<br \/>\nconexiuni:<\/li>\n<li>Porturi USB \u0219i SD pentru redarea muzicii de pe cardul sau cardul de memorie. Un telefon mobil poate fi \u00eenc\u0103rcat la portul USB.<br \/>\nReceptor microfon radio VHF<br \/>\nConexiune cu microfon 2 x 6,3 mm (cablu), dintre care 1 poate fi folosit de ex. Chitar\u0103 electric\u0103<br \/>\n1 buc cinch line-in conector<br \/>\n1 buc jack 3.5 mm de intrare AUX<br \/>\n1 buc cinch line-out cu doar semnalul de linie, 2 PC cinch line-out cu semnal mixt<br \/>\nRacord la re\u021bea 230V<br \/>\nPriz\u0103 continu\u0103 pentru baterie suplimentar\u0103 de 12 V (pentru muf\u0103 de 2,5&#215;5,5 mm DC)<br \/>\nDomeniu de livrare:<br \/>\n1 sistem de sunet<br \/>\n1 cablu de alimentare<br \/>\n2 microfoane wireless inclusiv baterie<br \/>\n1 telecomand\u0103 pentru playerul media<br \/>\n1 manual de instruc\u021biuniSpecifica\u021bii:<br \/>\nFunc\u021bionare la 230Vac sau 12Vdc<br \/>\nPort USB \/ SD de p\u00e2n\u0103 la 16 GB<br \/>\nFi\u0219iere redabile Etichete MP3 \/ WMA \/ ID3<br \/>\nVHF 197.15 \/ 199.6MHz (conform R &amp; TTE)<br \/>\nBaterie radio microfon 2 x 1.5 V<br \/>\nCapacitatea bateriei 3-5 ore (\u00een func\u021bie de volum)<br \/>\nWoofer 38cm &#8211; 15 &#8222;, membran\u0103 cu un surround<br \/>\nInalta din titan, dinamic\u0103<br \/>\nInterval de control ton +\/- 12dB<br \/>\nSPLmax. 99dB<br \/>\nPutere RMS-450 watt max.<br \/>\nPuterea de ie\u0219ire maxim\u0103 900 watt max.<br \/>\nR\u0103spuns la frecven\u021b\u0103 35 &#8211; 20.000 Hz<br \/>\nDimensiuni 67.5 (H) x 43 (L) x 39 (D) cm (aproximativ 110 cm \u00een\u0103l\u021bime cu m\u00e2nerul scos)<br \/>\nGreutate aprox. 19 kg<\/li>\n<\/ul>\n","protected":false},"featured_media":371,"comment_status":"open","ping_status":"closed","template":"","meta":[],"product_brand":[],"product_cat":[16],"product_tag":[84,81,80,83,82],"class_list":{"0":"post-370","1":"product","2":"type-product","3":"status-publish","4":"has-post-thumbnail","6":"product_cat-sonorizare-pa","7":"product_tag-bluetooth","8":"product_tag-boxa-portabila","9":"product_tag-e-lektron","10":"product_tag-mp3","11":"product_tag-usb","13":"first","14":"instock","15":"sale","16":"purchasable","17":"product-type-simple"},"jetpack_sharing_enabled":true,"_links":{"self":[{"href":"https:\/\/quintett.eu\/index.php?rest_route=\/wp\/v2\/product\/370","targetHints":{"allow":["GET"]}}],"collection":[{"href":"https:\/\/quintett.eu\/index.php?rest_route=\/wp\/v2\/product"}],"about":[{"href":"https:\/\/quintett.eu\/index.php?rest_route=\/wp\/v2\/types\/product"}],"replies":[{"embeddable":true,"href":"https:\/\/quintett.eu\/index.php?rest_route=%2Fwp%2Fv2%2Fcomments&post=370"}],"wp:featuredmedia":[{"embeddable":true,"href":"https:\/\/quintett.eu\/index.php?rest_route=\/wp\/v2\/media\/371"}],"wp:attachment":[{"href":"https:\/\/quintett.eu\/index.php?rest_route=%2Fwp%2Fv2%2Fmedia&parent=370"}],"wp:term":[{"taxonomy":"product_brand","embeddable":true,"href":"https:\/\/quintett.eu\/index.php?rest_route=%2Fwp%2Fv2%2Fproduct_brand&post=370"},{"taxonomy":"product_cat","embeddable":true,"href":"https:\/\/quintett.eu\/index.php?rest_route=%2Fwp%2Fv2%2Fproduct_cat&post=370"},{"taxonomy":"product_tag","embeddable":true,"href":"https:\/\/quintett.eu\/index.php?rest_route=%2Fwp%2Fv2%2Fproduct_tag&post=370"}],"curies":[{"name":"wp","href":"https:\/\/api.w.org\/{rel}","templated":true}]}}