{"id":3741,"date":"2021-03-22T20:46:05","date_gmt":"2021-03-22T18:46:05","guid":{"rendered":"https:\/\/quintett.eu\/?product=se-electronics-space"},"modified":"2021-03-23T10:34:30","modified_gmt":"2021-03-23T08:34:30","slug":"se-electronics-space","status":"publish","type":"product","link":"https:\/\/quintett.eu\/?product=se-electronics-space","title":{"rendered":"SE Electronics Space"},"content":{"rendered":"<p>SE Electronics Reflexion Filter Pro<\/p>\n<ul>\n<li><span style=\"font-size:11px;line-height:1.5em;\">micscreen de control mediu, ofer\u0103 izolare \u00een orice camer\u0103 pentru \u00eenregistr\u0103ri vocale \u0219i instrumente,<\/span><\/li>\n<li><span style=\"font-size:11px;line-height:1.5em;\">limiteaz\u0103 cantitatea de sunet direct ,care reflect\u0103 \u00eenapoi spre microfon,<\/span><\/li>\n<li><span style=\"font-size:11px;line-height:1.5em;\">\u0219apte st\u00e2lpi bas verticale ad\u00e2nce\u0219te golurile de aer,\u00a0<\/span><\/li>\n<li><span style=\"font-size:11px;line-height:1.5em;\">este complet ajustabil si blocabil vertical si orizontal,\u00a0<\/span><\/li>\n<li><span style=\"font-size:11px;line-height:1.5em;\">capacitatea de a se \u00eenclina pentru \u00eenregistrarea de instrument la orice unghi,<\/span><\/li>\n<li><span style=\"font-size:11px;line-height:1.5em;\">SPACE const\u0103 din 10 straturi de patentat Multi-Layer tehnologie Air-Gap SE.\u00a0<\/span><\/li>\n<li><span style=\"font-size:11px;line-height:1.5em;\">straturile sunt: 1. \u0218apte Vertical Bas Pilonii, 2. perforate din aluminiu, difuzor\u00a0<\/span><\/li>\n<li><span style=\"font-size:11px;line-height:1.5em;\">3. acustic Grad L\u00e2n\u0103 absorbtie, 4. tensionate folie de aluminiu cu membrane Difuzor,<\/span><\/li>\n<li><span style=\"font-size:11px;line-height:1.5em;\">5 Isolating Air Gap, 6. tensionate folie de aluminiu cu membrane difuzor,\u00a0<\/span><\/li>\n<li><span style=\"font-size:11px;line-height:1.5em;\">7. Acoustic Grad L\u00e2n\u0103 Absorber, 8. policarbonat difuzor,\u00a0<\/span><\/li>\n<li><span style=\"font-size:11px;line-height:1.5em;\">9. Lacunele Asymmetric Isolating aer, 10. patentat poliester acustice MDF,\u00a0<\/span><\/li>\n<li><span style=\"font-size:11px;line-height:1.5em;\">box Cuprins: 1 x SPACE Reflexion Filter, 1 x Stand de montaj,<\/span><\/li>\n<li><span style=\"font-size:11px;line-height:1.5em;\">1 x Manual de reflexie Filtre WHDs ecran<\/span><\/li>\n<li><span style=\"font-size:11px;line-height:1.5em;\">dimensiune: CA . 450 x 330 x 250 mm,\u00a0<\/span><\/li>\n<li><span style=\"font-size:11px;line-height:1.5em;\">greutate incl. clem\u0103: 2,6kg<\/span><\/li>\n<\/ul>\n<p>\u00a0<\/p>\n<p>\u00a0<\/p>\n<p>\u00a0<\/p>\n<p>\u00a0<\/p>\n<p>\u00a0<\/p>\n<p>\u00a0<\/p>\n<p>\u00a0<\/p>\n<p>\u00a0<\/p>\n<p>\u00a0<\/p>\n<p>\u00a0<\/p>\n","protected":false},"excerpt":{"rendered":"<p><span>SE Electronics Space<\/span><\/p>\n<ul>\n<li><span>micscreen de control mediu, ofer\u0103 izolare \u00een orice camer\u0103 pentru \u00eenregistr\u0103ri vocale \u0219i instrumente,<\/span><\/li>\n<li><span>limiteaz\u0103 cantitatea de sunet direct ,care reflect\u0103 \u00eenapoi spre microfon,<\/span><\/li>\n<\/ul>\n<p>\u00a0<\/p>\n","protected":false},"featured_media":3740,"comment_status":"open","ping_status":"closed","template":"","meta":[],"product_brand":[],"product_cat":[300],"product_tag":[299],"class_list":{"0":"post-3741","1":"product","2":"type-product","3":"status-publish","4":"has-post-thumbnail","6":"product_cat-se-electronics","7":"product_tag-se-electronics","9":"first","10":"instock","11":"taxable","12":"shipping-taxable","13":"purchasable","14":"product-type-simple"},"jetpack_sharing_enabled":true,"_links":{"self":[{"href":"https:\/\/quintett.eu\/index.php?rest_route=\/wp\/v2\/product\/3741","targetHints":{"allow":["GET"]}}],"collection":[{"href":"https:\/\/quintett.eu\/index.php?rest_route=\/wp\/v2\/product"}],"about":[{"href":"https:\/\/quintett.eu\/index.php?rest_route=\/wp\/v2\/types\/product"}],"replies":[{"embeddable":true,"href":"https:\/\/quintett.eu\/index.php?rest_route=%2Fwp%2Fv2%2Fcomments&post=3741"}],"wp:featuredmedia":[{"embeddable":true,"href":"https:\/\/quintett.eu\/index.php?rest_route=\/wp\/v2\/media\/3740"}],"wp:attachment":[{"href":"https:\/\/quintett.eu\/index.php?rest_route=%2Fwp%2Fv2%2Fmedia&parent=3741"}],"wp:term":[{"taxonomy":"product_brand","embeddable":true,"href":"https:\/\/quintett.eu\/index.php?rest_route=%2Fwp%2Fv2%2Fproduct_brand&post=3741"},{"taxonomy":"product_cat","embeddable":true,"href":"https:\/\/quintett.eu\/index.php?rest_route=%2Fwp%2Fv2%2Fproduct_cat&post=3741"},{"taxonomy":"product_tag","embeddable":true,"href":"https:\/\/quintett.eu\/index.php?rest_route=%2Fwp%2Fv2%2Fproduct_tag&post=3741"}],"curies":[{"name":"wp","href":"https:\/\/api.w.org\/{rel}","templated":true}]}}