{"id":3889,"date":"2021-03-22T20:48:25","date_gmt":"2021-03-22T18:48:25","guid":{"rendered":"https:\/\/quintett.eu\/?product=alto-ts315-sh"},"modified":"2023-08-31T16:34:17","modified_gmt":"2023-08-31T14:34:17","slug":"alto-ts315-sh","status":"publish","type":"product","link":"https:\/\/quintett.eu\/?product=alto-ts315-sh","title":{"rendered":"Alto TS315 SH"},"content":{"rendered":"<p>Boxa activa Alto TS315 Second Hand<\/p>\n<p>Cu\u00a01000 W RMS putere (2,000W peak) si amplificator clasa D, acest difuzor pe 2 c\u0103i, full-range ofer\u0103 transductoare reconcepute \u00eentr-o carcas\u0103 u\u0219oar\u0103 \u0219i portabil\u0103. TS315 ofer\u0103 o calitate sonor\u0103 f\u0103r\u0103 compromis pentru o varietate mare de aplicatii, incluzand interpretarea mobil\u0103 \u0219i instala\u021biile permanente. Reproducerea frecventelor joase este f\u0103cut\u0103 de c\u0103tre un difuzor de 15&#8243; cu un voice coil de temperatura inalta de 3&#8243;. Un tweeter de 1.5&#8243; cu magnet din neodymium si unghiul de dispersie optim ofera o reproducere fiabila a frecventelor inalte.\u00a0<\/p>\n<ul class=\"prod-features\">\n<li>Difuzor (woofer): 15&#8243;\u00a0<\/li>\n<li>Driver\/tweeter: 1.5&#8243;<\/li>\n<li>Putere: 1,000 W RMS\/2,000 W Peak<\/li>\n<li>Amplificator de clasa D<\/li>\n<li>Bi-Amplificata<\/li>\n<li>Raspuns Frecventa: 46 &#8211; 22,000 Hz<\/li>\n<li>SPL Maxim: 131 dB<\/li>\n<li>Unghi dispersie: 90\u00b0 x 60\u00b0<\/li>\n<li>Intrari: 2x Combo XLR\/Jack de 6.3 mm<\/li>\n<li>Iesire: 1x XLR<\/li>\n<li>Comutator groundlift<\/li>\n<li>Comutator Contour<\/li>\n<li>Flansa de montare pe suport de 36 mm<\/li>\n<li>Suruburi de fixare M10<\/li>\n<li>Dimensiuni:\u00a0<span>652 x 421 x 392 mm<\/span><\/li>\n<li>Greutate:\u00a018.8 kg<\/li>\n<li>Husa optionala sub forma articolului 7420071 (<strong>nu este inclusa<\/strong>)<\/li>\n<li><span>produs folosit<\/span><\/li>\n<li><span>stare excelenta de func\u021bionare<\/span><\/li>\n<li><span>garan\u021bie 12 luni<\/span><\/li>\n<li><span>imaginile sunt cu titlu informativ<\/span><\/li>\n<\/ul>\n","protected":false},"excerpt":{"rendered":"<p>Boxa activa Alto TS315 Second Hand\u00a0cu difuzor de 15&#8243; si driver de 1.5&#8243; avand puterea de\u00a0<span>1,000 W RMS<\/span><\/p>\n<div id=\"gtx-trans\">\n<div class=\"gtx-trans-icon\"><\/div>\n<\/div>\n","protected":false},"featured_media":3888,"comment_status":"open","ping_status":"closed","template":"","meta":[],"product_brand":[],"product_cat":[298],"product_tag":[297],"class_list":{"0":"post-3889","1":"product","2":"type-product","3":"status-publish","4":"has-post-thumbnail","6":"product_cat-alto","7":"product_tag-alto","9":"first","10":"outofstock","11":"taxable","12":"shipping-taxable","13":"purchasable","14":"product-type-simple"},"jetpack_sharing_enabled":true,"_links":{"self":[{"href":"https:\/\/quintett.eu\/index.php?rest_route=\/wp\/v2\/product\/3889","targetHints":{"allow":["GET"]}}],"collection":[{"href":"https:\/\/quintett.eu\/index.php?rest_route=\/wp\/v2\/product"}],"about":[{"href":"https:\/\/quintett.eu\/index.php?rest_route=\/wp\/v2\/types\/product"}],"replies":[{"embeddable":true,"href":"https:\/\/quintett.eu\/index.php?rest_route=%2Fwp%2Fv2%2Fcomments&post=3889"}],"wp:featuredmedia":[{"embeddable":true,"href":"https:\/\/quintett.eu\/index.php?rest_route=\/wp\/v2\/media\/3888"}],"wp:attachment":[{"href":"https:\/\/quintett.eu\/index.php?rest_route=%2Fwp%2Fv2%2Fmedia&parent=3889"}],"wp:term":[{"taxonomy":"product_brand","embeddable":true,"href":"https:\/\/quintett.eu\/index.php?rest_route=%2Fwp%2Fv2%2Fproduct_brand&post=3889"},{"taxonomy":"product_cat","embeddable":true,"href":"https:\/\/quintett.eu\/index.php?rest_route=%2Fwp%2Fv2%2Fproduct_cat&post=3889"},{"taxonomy":"product_tag","embeddable":true,"href":"https:\/\/quintett.eu\/index.php?rest_route=%2Fwp%2Fv2%2Fproduct_tag&post=3889"}],"curies":[{"name":"wp","href":"https:\/\/api.w.org\/{rel}","templated":true}]}}