{"id":393,"date":"2023-04-16T16:48:38","date_gmt":"2023-04-16T14:48:38","guid":{"rendered":"https:\/\/quintett.eu\/?post_type=product&#038;p=393"},"modified":"2025-03-27T11:30:02","modified_gmt":"2025-03-27T09:30:02","slug":"clavia-nord-stage-compact","status":"publish","type":"product","link":"https:\/\/quintett.eu\/?product=clavia-nord-stage-compact","title":{"rendered":"Clavia Nord Stage 4 compact"},"content":{"rendered":"<p><iframe title=\"Nord Stage 3 - Official demo\" width=\"640\" height=\"360\" src=\"https:\/\/www.youtube.com\/embed\/tVBKto6Cfqo?feature=oembed\" frameborder=\"0\" allow=\"accelerometer; autoplay; clipboard-write; encrypted-media; gyroscope; picture-in-picture; web-share\" referrerpolicy=\"strict-origin-when-cross-origin\" allowfullscreen><\/iframe><\/p>\n","protected":false},"excerpt":{"rendered":"<h4>Clavia Nord Stage 3 &#8211; compact &#8211; pian digital\/sintetizator\/org\u0103 digital\u0103 cu claviatur\u0103 de tip Waterfall cu 73 clape semi-grele \u0219i drawbar-uri.<\/h4>\n<p style=\"text-align: left;\">Specifica\u021bii tehnice:<\/p>\n<p style=\"text-align: left;\">Claviatura cu 73 de clape semi grele<\/p>\n<p style=\"text-align: left;\">Pitch stick din lemn<\/p>\n<p style=\"text-align: left;\">400 de programe<\/p>\n<p style=\"text-align: left;\">8 b\u0103nci cu 10 pagini fiecare<\/p>\n<p style=\"text-align: left;\">Fiecare pagin\u0103 are 5 loca\u021bii de program<\/p>\n<p style=\"text-align: left;\">Song mode cu 8 b\u0103nci cu 50 c\u00e2ntece \u0219i 5 programe per c\u00e2ntec<\/p>\n<p style=\"text-align: left;\">5 live buffere<\/p>\n<p style=\"text-align: left;\">2 setup-uri de slot individuale<\/p>\n<p style=\"text-align: left;\">3 surse morph (modulation wheel, control pedal, aftertouch)<\/p>\n<p style=\"text-align: left;\">Ie\u0219ire mono global\u0103<\/p>\n<p style=\"text-align: left;\">Func\u021bie de transpunere programabil\u0103 (+\/- 6 semitonuri)<\/p>\n<p style=\"text-align: left;\">Func\u021bie master clock cu control manual, extern and tap-tempo rate<\/p>\n<p style=\"text-align: left;\">Surs\u0103 intern\u0103 \u0219i midi clock<\/p>\n<p style=\"text-align: left;\">Func\u021bie midi over USB<\/p>\n<p style=\"text-align: left;\">P\u00e2n\u0103 la 3 split point-uri (4 zone de claviatur\u0103) cu indicator LED \u00eentre zone<\/p>\n<p style=\"text-align: left;\">3 op\u021biuni split point width (crossfade) &#8211; lrg, sml or off<\/p>\n<p style=\"text-align: left;\">Mod de editare al zonelor de claviatur\u0103<\/p>\n<p style=\"text-align: left;\">4 ie\u0219iri audio cu atribuire echipate cu conectori jack 6,35 mm nebalansat<\/p>\n<p style=\"text-align: left;\">Ie\u0219ire de c\u0103\u0219ti stereo echipat\u0103 cu conector jack 6,35 mm stereo<\/p>\n<p style=\"text-align: left;\">Intrare de monitor echipat\u0103 cu conector jack 3,5 mm<\/p>\n<p style=\"text-align: left;\">Intrare pentru pedala de sustain echipat\u0103 cu conector jack 6,35 mm<\/p>\n<p style=\"text-align: left;\">Intrare sustain compatibil\u0103 cu Nord triple pedal (nu este inclusa , optional)<\/p>\n<p style=\"text-align: left;\">Intrare pedal\u0103 rotor echipat\u0103 cu conector jack 6,35 mm &#8211; utilizati o pedal\u0103 momentar\u0103 sau o pedal\u0103 de tip switch<\/p>\n<p style=\"text-align: left;\">Intrare pedal\u0103 organ swell echipat\u0103 cu conector jack 6,35 mm TRS stereo &#8211; utilizati o pedal\u0103 control\/expression<\/p>\n<p style=\"text-align: left;\">Intrare pedal\u0103 program change echipat\u0103 cu conector jack 6,35 mm &#8211; utilizati o pedal\u0103 momentar\u0103 cu 2 switch-uri<\/p>\n<p style=\"text-align: left;\">Intrare MIDI echipat\u0103 cu conector DIN cu 5 pini<\/p>\n<p style=\"text-align: left;\">Ie\u0219ire MIDI echipat\u0103 cu conector DIN cu 5 pini<\/p>\n<p style=\"text-align: left;\">Port USB &#8211; tip b<\/p>\n<p style=\"text-align: left;\">Conector alimentare<\/p>\n<p style=\"text-align: left;\">Display-uri OLED pentru sec\u021biunile Program \u0219i Synth<\/p>\n<p style=\"text-align: left;\">Seamless Transitions la schimbarea programelor sau a sunetelor<\/p>\n<p style=\"text-align: left;\">Func\u021bie split extins\u0103 cu crossfade op\u021bional<\/p>\n<p style=\"text-align: left;\">Mod Song List<\/p>\n<p style=\"text-align: left;\">Destina\u021bii Morph extinse<\/p>\n<p style=\"text-align: left;\">Sec\u021biune Piano<\/p>\n<p style=\"text-align: left;\">Memorie dubl\u0103 de 2 GB pentru Nord Piano Library<\/p>\n<p style=\"text-align: left;\">Polifonie extins\u0103 (120 voci)<\/p>\n<p style=\"text-align: left;\">PresetURI Creative Filter<\/p>\n<p style=\"text-align: left;\">Categorie Layer<\/p>\n<p style=\"text-align: left;\">Sec\u021biune Synth<\/p>\n<p style=\"text-align: left;\">Nord Lead A1 Synth Engine cu sample playback<\/p>\n<p style=\"text-align: left;\">Display OLED dedicat pentru func\u021biile de oscilator<\/p>\n<p style=\"text-align: left;\">Expanded Memory (480 MB) pentru Nord Sample Library<\/p>\n<p style=\"text-align: left;\">Polifonie extins\u0103<\/p>\n<p style=\"text-align: left;\">Categorie Super Wave (S-wave)<\/p>\n<p style=\"text-align: left;\">Nord C2D Organ Engine<\/p>\n<p style=\"text-align: left;\">Model 122 Vintage Rotary Speaker &#8211; disponibil pentru fiecare slot<\/p>\n<p style=\"text-align: left;\">Drawbar-uri for Nord Stage 3 Compact<\/p>\n<p style=\"text-align: left;\">Efect de delay \u00eembun\u0103t\u0103\u021bit cu filtre de feedback filters ad\u0103ugate \u0219i mod analog<\/p>\n<p style=\"text-align: left;\">Mod Filter Mode cu Resonance<\/p>\n<p style=\"text-align: left;\">Compressor separat pentru fiecare slot cu Amount \u0219i mod Fast<\/p>\n<p style=\"text-align: left;\">Efect de reverb pentru fiecare slot cu mod Bright<\/p>\n<p style=\"text-align: left;\">Accesorii incluse: cablu de alimentare, DVD-uri nord sample \u0219i piano, cablu USB, pedal\u0103 de sustain, hus\u0103 de protec\u021bie<\/p>\n<p>Dimensiuni (W x D x H): 1070 x 302 x 104 mm<\/p>\n<p>Greutate: 10 kg<\/p>\n<p>Finisaj: Ro\u0219u<\/p>\n<p style=\"text-align: left;\">\n","protected":false},"featured_media":394,"comment_status":"open","ping_status":"closed","template":"","meta":[],"product_brand":[],"product_cat":[24,23,42],"product_tag":[66,98,63,67,65,64],"class_list":{"0":"post-393","1":"product","2":"type-product","3":"status-publish","4":"has-post-thumbnail","6":"product_cat-piane-digitale","7":"product_cat-instrumente-muzicale","8":"product_cat-promotii","9":"product_tag-clava","10":"product_tag-clavia-nord","11":"product_tag-nord","12":"product_tag-nord-stage-3","13":"product_tag-pian-digital","14":"product_tag-stage-3","16":"first","17":"instock","18":"sale","19":"purchasable","20":"product-type-simple"},"jetpack_sharing_enabled":true,"_links":{"self":[{"href":"https:\/\/quintett.eu\/index.php?rest_route=\/wp\/v2\/product\/393","targetHints":{"allow":["GET"]}}],"collection":[{"href":"https:\/\/quintett.eu\/index.php?rest_route=\/wp\/v2\/product"}],"about":[{"href":"https:\/\/quintett.eu\/index.php?rest_route=\/wp\/v2\/types\/product"}],"replies":[{"embeddable":true,"href":"https:\/\/quintett.eu\/index.php?rest_route=%2Fwp%2Fv2%2Fcomments&post=393"}],"wp:featuredmedia":[{"embeddable":true,"href":"https:\/\/quintett.eu\/index.php?rest_route=\/wp\/v2\/media\/394"}],"wp:attachment":[{"href":"https:\/\/quintett.eu\/index.php?rest_route=%2Fwp%2Fv2%2Fmedia&parent=393"}],"wp:term":[{"taxonomy":"product_brand","embeddable":true,"href":"https:\/\/quintett.eu\/index.php?rest_route=%2Fwp%2Fv2%2Fproduct_brand&post=393"},{"taxonomy":"product_cat","embeddable":true,"href":"https:\/\/quintett.eu\/index.php?rest_route=%2Fwp%2Fv2%2Fproduct_cat&post=393"},{"taxonomy":"product_tag","embeddable":true,"href":"https:\/\/quintett.eu\/index.php?rest_route=%2Fwp%2Fv2%2Fproduct_tag&post=393"}],"curies":[{"name":"wp","href":"https:\/\/api.w.org\/{rel}","templated":true}]}}